{"id":414,"date":"2024-05-07T06:48:46","date_gmt":"2024-05-07T06:48:46","guid":{"rendered":"https:\/\/ibc-zh.ch\/wp\/contact-us\/"},"modified":"2025-12-18T07:21:48","modified_gmt":"2025-12-18T07:21:48","slug":"kontakt","status":"publish","type":"page","link":"https:\/\/ibc-zh.ch\/ba\/kontakt\/","title":{"rendered":"Kontakt"},"content":{"rendered":"<h1>\n\t\tKontakt\n\t<\/h1>\n\t<p>Da biste postali \u010dlan, molimo vas da koristite obrazac na sljede\u0107oj stranici.<\/p>\n\t\t\t<a href=\"https:\/\/ibc-zh.ch\/ba\/mitgliedschaft\/\" target=\"_self\">\n\t\t\t\t\t\tPostanite \u010dlan\n\t\t\t\t\t<\/a>\n\t<p>Za op\u0161te upite mo\u017eete koristiti obrazac na ovoj stranici.<\/p>\n\t<p><strong>Islamski Bo\u0161nja\u010dki Centar Cirih<\/strong><\/p>\nGrabenstrasse 7<br \/>\n8952 Schlieren<br \/>\nSchweiz\n<strong>Imam Sanel Hod\u017ei\u0107<\/strong><br \/>\nTel.: +41 78 348 38 35<br \/>\nimam@ibc-zh.ch\n\t\t\t<a href=\"https:\/\/api.whatsapp.com\/send?phone=+41764673786&#038;text=Selam%20Alejkum&#038;source=&#038;data=\" target=\"_blank\" rel=\"noopener\">\n\t\t\t\t\t\tWhatsapp Chat\n\t\t\t\t\t<\/a>\n\t<strong>Vereinslokal\/B\u00fcro<\/strong><br \/>\nTel.: +41 44 730 80 60<br \/>\ninfo@ibc-zh.ch\n\t\n<div class=\"wpcf7 no-js\" id=\"wpcf7-f1885-o1\" lang=\"de-DE\" dir=\"ltr\" data-wpcf7-id=\"1885\">\n<div class=\"screen-reader-response\"><p role=\"status\" aria-live=\"polite\" aria-atomic=\"true\"><\/p> <ul><\/ul><\/div>\n<form action=\"\/ba\/wp-json\/wp\/v2\/pages\/414#wpcf7-f1885-o1\" method=\"post\" class=\"wpcf7-form init\" aria-label=\"Kontaktformular\" novalidate=\"novalidate\" data-status=\"init\" data-trp-original-action=\"\/ba\/wp-json\/wp\/v2\/pages\/414#wpcf7-f1885-o1\">\n<fieldset class=\"hidden-fields-container\"><input type=\"hidden\" name=\"_wpcf7\" value=\"1885\" \/><input type=\"hidden\" name=\"_wpcf7_version\" value=\"6.1.5\" \/><input type=\"hidden\" name=\"_wpcf7_locale\" value=\"de_DE\" \/><input type=\"hidden\" name=\"_wpcf7_unit_tag\" value=\"wpcf7-f1885-o1\" \/><input type=\"hidden\" name=\"_wpcf7_container_post\" value=\"0\" \/><input type=\"hidden\" name=\"_wpcf7_posted_data_hash\" value=\"\" \/>\n<\/fieldset>\n<p><label> Ime i Prezime<br \/>\n<span class=\"wpcf7-form-control-wrap\" data-name=\"contact-person\"><input size=\"40\" maxlength=\"400\" class=\"wpcf7-form-control wpcf7-text wpcf7-validates-as-required\" autocomplete=\"name\" aria-required=\"true\" aria-invalid=\"false\" value=\"\" type=\"text\" name=\"contact-person\" \/><\/span> <\/label>\n<\/p>\n<p><label> Email Adresa<br \/>\n<span class=\"wpcf7-form-control-wrap\" data-name=\"contact-email\"><input size=\"40\" maxlength=\"400\" class=\"wpcf7-form-control wpcf7-email wpcf7-validates-as-required wpcf7-text wpcf7-validates-as-email\" autocomplete=\"email\" aria-required=\"true\" aria-invalid=\"false\" value=\"\" type=\"email\" name=\"contact-email\" \/><\/span> <\/label>\n<\/p>\n<p><label> Predmet<br \/>\n<span class=\"wpcf7-form-control-wrap\" data-name=\"subject\"><input size=\"40\" maxlength=\"400\" class=\"wpcf7-form-control wpcf7-text wpcf7-validates-as-required\" aria-required=\"true\" aria-invalid=\"false\" value=\"\" type=\"text\" name=\"subject\" \/><\/span> <\/label>\n<\/p>\n<p><label> Prouka<br \/>\n<span class=\"wpcf7-form-control-wrap\" data-name=\"message\"><textarea cols=\"40\" rows=\"10\" maxlength=\"2000\" class=\"wpcf7-form-control wpcf7-textarea wpcf7-validates-as-required\" aria-required=\"true\" aria-invalid=\"false\" name=\"message\"><\/textarea><\/span> <\/label>\n<\/p>\n<p><label><br \/>\n<span class=\"wpcf7-form-control-wrap\" data-name=\"data-privacy\"><span class=\"wpcf7-form-control wpcf7-checkbox wpcf7-validates-as-required\"><span class=\"wpcf7-list-item first last\"><label><input type=\"checkbox\" name=\"data-privacy[]\" value=\"Ich stimme zu, dass meine Daten wie in der Datenschutzerkl\u00e4rung bestimmt, genutzt werden k\u00f6nnen.\" \/><span class=\"wpcf7-list-item-label\">Sla\u017eem se da se moji podaci mogu koristiti kako je navedeno u izjavi o privatnosti (Datenschutzerkl\u00e4rung).<\/span><\/label><\/span><\/span><\/span><br \/>\n<\/label>\n<\/p>\n<p><input class=\"wpcf7-form-control wpcf7-submit has-spinner\" type=\"submit\" value=\"Po\u0161alji\" \/>\n<\/p><div class=\"wpcf7-response-output\" aria-hidden=\"true\"><\/div>\n<input type=\"hidden\" name=\"trp-form-language\" value=\"ba\"\/><\/form>\n<\/div>\n\n\t<iframe src=\"https:\/\/www.google.com\/maps\/embed?pb=!1m18!1m12!1m3!1d2270.9981795739245!2d8.449427088145804!3d47.398535856447054!2m3!1f0!2f0!3f0!3m2!1i1024!2i768!4f13.1!3m3!1m2!1s0x47900c76654929fb%3A0xbe200d3f2bf61f0c!2sDzemat%20der%20islamischen%20Gemeinschaft%20Bosniens%20Z%C3%BCrich!5e0!3m2!1sde!2sch!4v1715709775837!5m2!1sde!2sch\" width=\"600\" height=\"450\" allowfullscreen=\"\" loading=\"lazy\" referrerpolicy=\"no-referrer-when-downgrade\"><\/iframe>","protected":false},"excerpt":{"rendered":"<p>Kontakt Um Mitglied zu werden, nutzen Sie bitte das Formular auf der nachfolgenden Seite. Mitglied werden F\u00fcr allgemeine Anfragen k\u00f6nnen Sie das Formular auf dieser Seite weiter unten nutzen. Dzemat der Islamischen Gemeinschaft Bosniens Grabenstrasse 7 8952 Schlieren Schweiz Imam Sanel Hod\u017ei\u0107 Tel.: +41 78 348 38 35 imam@ibc-zh.ch Whatsapp Chat Vereinslokal\/B\u00fcro Tel.: +41 44 [&hellip;]<\/p>\n","protected":false},"author":1,"featured_media":0,"parent":0,"menu_order":0,"comment_status":"closed","ping_status":"closed","template":"","meta":{"site-sidebar-layout":"no-sidebar","site-content-layout":"page-builder","ast-site-content-layout":"full-width-container","site-content-style":"unboxed","site-sidebar-style":"unboxed","ast-global-header-display":"","ast-banner-title-visibility":"","ast-main-header-display":"","ast-hfb-above-header-display":"","ast-hfb-below-header-display":"","ast-hfb-mobile-header-display":"","site-post-title":"disabled","ast-breadcrumbs-content":"","ast-featured-img":"disabled","footer-sml-layout":"","theme-transparent-header-meta":"","adv-header-id-meta":"","stick-header-meta":"","header-above-stick-meta":"","header-main-stick-meta":"","header-below-stick-meta":"","astra-migrate-meta-layouts":"set","ast-page-background-enabled":"default","ast-page-background-meta":{"desktop":{"background-color":"","background-image":"","background-repeat":"repeat","background-position":"center center","background-size":"auto","background-attachment":"scroll","background-type":"","background-media":"","overlay-type":"","overlay-color":"","overlay-opacity":"","overlay-gradient":""},"tablet":{"background-color":"","background-image":"","background-repeat":"repeat","background-position":"center center","background-size":"auto","background-attachment":"scroll","background-type":"","background-media":"","overlay-type":"","overlay-color":"","overlay-opacity":"","overlay-gradient":""},"mobile":{"background-color":"","background-image":"","background-repeat":"repeat","background-position":"center center","background-size":"auto","background-attachment":"scroll","background-type":"","background-media":"","overlay-type":"","overlay-color":"","overlay-opacity":"","overlay-gradient":""}},"ast-content-background-meta":{"desktop":{"background-color":"var(--ast-global-color-5)","background-image":"","background-repeat":"repeat","background-position":"center center","background-size":"auto","background-attachment":"scroll","background-type":"","background-media":"","overlay-type":"","overlay-color":"","overlay-opacity":"","overlay-gradient":""},"tablet":{"background-color":"var(--ast-global-color-5)","background-image":"","background-repeat":"repeat","background-position":"center center","background-size":"auto","background-attachment":"scroll","background-type":"","background-media":"","overlay-type":"","overlay-color":"","overlay-opacity":"","overlay-gradient":""},"mobile":{"background-color":"var(--ast-global-color-5)","background-image":"","background-repeat":"repeat","background-position":"center center","background-size":"auto","background-attachment":"scroll","background-type":"","background-media":"","overlay-type":"","overlay-color":"","overlay-opacity":"","overlay-gradient":""}},"footnotes":""},"class_list":["post-414","page","type-page","status-publish","hentry"],"yoast_head":"<!-- This site is optimized with the Yoast SEO plugin v27.3 - https:\/\/yoast.com\/product\/yoast-seo-wordpress\/ -->\n<title>Kontakt - Dzemat der islamischen Gemeinschaft Bosniens Z\u00fcrich<\/title>\n<meta name=\"robots\" content=\"index, follow, max-snippet:-1, max-image-preview:large, max-video-preview:-1\" \/>\n<link rel=\"canonical\" href=\"https:\/\/ibc-zh.ch\/ba\/kontakt\/\" \/>\n<meta property=\"og:locale\" content=\"bs_BA\" \/>\n<meta property=\"og:type\" content=\"article\" \/>\n<meta property=\"og:title\" content=\"Kontakt - Dzemat der islamischen Gemeinschaft Bosniens Z\u00fcrich\" \/>\n<meta property=\"og:description\" content=\"Kontakt Um Mitglied zu werden, nutzen Sie bitte das Formular auf der nachfolgenden Seite. Mitglied werden F\u00fcr allgemeine Anfragen k\u00f6nnen Sie das Formular auf dieser Seite weiter unten nutzen. Dzemat der Islamischen Gemeinschaft Bosniens Grabenstrasse 7 8952 Schlieren Schweiz Imam Sanel Hod\u017ei\u0107 Tel.: +41 78 348 38 35 imam@ibc-zh.ch Whatsapp Chat Vereinslokal\/B\u00fcro Tel.: +41 44 [&hellip;]\" \/>\n<meta property=\"og:url\" content=\"https:\/\/ibc-zh.ch\/ba\/kontakt\/\" \/>\n<meta property=\"og:site_name\" content=\"Dzemat der islamischen Gemeinschaft Bosniens Z\u00fcrich\" \/>\n<meta property=\"article:publisher\" content=\"https:\/\/www.facebook.com\/dzematcirih\" \/>\n<meta property=\"article:modified_time\" content=\"2025-12-18T07:21:48+00:00\" \/>\n<meta name=\"twitter:card\" content=\"summary_large_image\" \/>\n<meta name=\"twitter:label1\" content=\"Est. reading time\" \/>\n\t<meta name=\"twitter:data1\" content=\"1 minuta\" \/>\n<script type=\"application\/ld+json\" class=\"yoast-schema-graph\">{\"@context\":\"https:\\\/\\\/schema.org\",\"@graph\":[{\"@type\":\"WebPage\",\"@id\":\"https:\\\/\\\/ibc-zh.ch\\\/kontakt\\\/\",\"url\":\"https:\\\/\\\/ibc-zh.ch\\\/kontakt\\\/\",\"name\":\"Kontakt - Dzemat der islamischen Gemeinschaft Bosniens Z\u00fcrich\",\"isPartOf\":{\"@id\":\"https:\\\/\\\/ibc-zh.ch\\\/#website\"},\"datePublished\":\"2024-05-07T06:48:46+00:00\",\"dateModified\":\"2025-12-18T07:21:48+00:00\",\"breadcrumb\":{\"@id\":\"https:\\\/\\\/ibc-zh.ch\\\/kontakt\\\/#breadcrumb\"},\"inLanguage\":\"bs-BA\",\"potentialAction\":[{\"@type\":\"ReadAction\",\"target\":[\"https:\\\/\\\/ibc-zh.ch\\\/kontakt\\\/\"]}]},{\"@type\":\"BreadcrumbList\",\"@id\":\"https:\\\/\\\/ibc-zh.ch\\\/kontakt\\\/#breadcrumb\",\"itemListElement\":[{\"@type\":\"ListItem\",\"position\":1,\"name\":\"Startseite\",\"item\":\"https:\\\/\\\/ibc-zh.ch\\\/\"},{\"@type\":\"ListItem\",\"position\":2,\"name\":\"Kontakt\"}]},{\"@type\":\"WebSite\",\"@id\":\"https:\\\/\\\/ibc-zh.ch\\\/#website\",\"url\":\"https:\\\/\\\/ibc-zh.ch\\\/\",\"name\":\"Dzemat der islamischen Gemeinschaft Bosniens Z\u00fcrich\",\"description\":\"Islamska zajednica Bo\u0161njaka u \u0160vicarskoj Dzemat ZH\",\"publisher\":{\"@id\":\"https:\\\/\\\/ibc-zh.ch\\\/#organization\"},\"potentialAction\":[{\"@type\":\"SearchAction\",\"target\":{\"@type\":\"EntryPoint\",\"urlTemplate\":\"https:\\\/\\\/ibc-zh.ch\\\/?s={search_term_string}\"},\"query-input\":{\"@type\":\"PropertyValueSpecification\",\"valueRequired\":true,\"valueName\":\"search_term_string\"}}],\"inLanguage\":\"bs-BA\"},{\"@type\":\"Organization\",\"@id\":\"https:\\\/\\\/ibc-zh.ch\\\/#organization\",\"name\":\"D\u017eemat Z\u00fcrich\",\"url\":\"https:\\\/\\\/ibc-zh.ch\\\/\",\"logo\":{\"@type\":\"ImageObject\",\"inLanguage\":\"bs-BA\",\"@id\":\"https:\\\/\\\/ibc-zh.ch\\\/#\\\/schema\\\/logo\\\/image\\\/\",\"url\":\"https:\\\/\\\/ibc-zh.ch\\\/wp-content\\\/uploads\\\/2024\\\/05\\\/cropped-ibc-logo.png\",\"contentUrl\":\"https:\\\/\\\/ibc-zh.ch\\\/wp-content\\\/uploads\\\/2024\\\/05\\\/cropped-ibc-logo.png\",\"width\":300,\"height\":300,\"caption\":\"D\u017eemat Z\u00fcrich\"},\"image\":{\"@id\":\"https:\\\/\\\/ibc-zh.ch\\\/#\\\/schema\\\/logo\\\/image\\\/\"},\"sameAs\":[\"https:\\\/\\\/www.facebook.com\\\/dzematcirih\"]}]}<\/script>\n<!-- \/ Yoast SEO plugin. -->","yoast_head_json":{"title":"Kontakt - Dzemat der islamischen Gemeinschaft Bosniens Z\u00fcrich","robots":{"index":"index","follow":"follow","max-snippet":"max-snippet:-1","max-image-preview":"max-image-preview:large","max-video-preview":"max-video-preview:-1"},"canonical":"https:\/\/ibc-zh.ch\/ba\/kontakt\/","og_locale":"bs_BA","og_type":"article","og_title":"Kontakt - Dzemat der islamischen Gemeinschaft Bosniens Z\u00fcrich","og_description":"Kontakt Um Mitglied zu werden, nutzen Sie bitte das Formular auf der nachfolgenden Seite. Mitglied werden F\u00fcr allgemeine Anfragen k\u00f6nnen Sie das Formular auf dieser Seite weiter unten nutzen. Dzemat der Islamischen Gemeinschaft Bosniens Grabenstrasse 7 8952 Schlieren Schweiz Imam Sanel Hod\u017ei\u0107 Tel.: +41 78 348 38 35 imam@ibc-zh.ch Whatsapp Chat Vereinslokal\/B\u00fcro Tel.: +41 44 [&hellip;]","og_url":"https:\/\/ibc-zh.ch\/ba\/kontakt\/","og_site_name":"Dzemat der islamischen Gemeinschaft Bosniens Z\u00fcrich","article_publisher":"https:\/\/www.facebook.com\/dzematcirih","article_modified_time":"2025-12-18T07:21:48+00:00","twitter_card":"summary_large_image","twitter_misc":{"Est. reading time":"1 minuta"},"schema":{"@context":"https:\/\/schema.org","@graph":[{"@type":"WebPage","@id":"https:\/\/ibc-zh.ch\/kontakt\/","url":"https:\/\/ibc-zh.ch\/kontakt\/","name":"Kontakt - Dzemat der islamischen Gemeinschaft Bosniens Z\u00fcrich","isPartOf":{"@id":"https:\/\/ibc-zh.ch\/#website"},"datePublished":"2024-05-07T06:48:46+00:00","dateModified":"2025-12-18T07:21:48+00:00","breadcrumb":{"@id":"https:\/\/ibc-zh.ch\/kontakt\/#breadcrumb"},"inLanguage":"bs-BA","potentialAction":[{"@type":"ReadAction","target":["https:\/\/ibc-zh.ch\/kontakt\/"]}]},{"@type":"BreadcrumbList","@id":"https:\/\/ibc-zh.ch\/kontakt\/#breadcrumb","itemListElement":[{"@type":"ListItem","position":1,"name":"Startseite","item":"https:\/\/ibc-zh.ch\/"},{"@type":"ListItem","position":2,"name":"Kontakt"}]},{"@type":"WebSite","@id":"https:\/\/ibc-zh.ch\/#website","url":"https:\/\/ibc-zh.ch\/","name":"Dzemat der islamischen Gemeinschaft Bosniens Z\u00fcrich","description":"Islamska zajednica Bo\u0161njaka u \u0160vicarskoj Dzemat ZH","publisher":{"@id":"https:\/\/ibc-zh.ch\/#organization"},"potentialAction":[{"@type":"SearchAction","target":{"@type":"EntryPoint","urlTemplate":"https:\/\/ibc-zh.ch\/?s={search_term_string}"},"query-input":{"@type":"PropertyValueSpecification","valueRequired":true,"valueName":"search_term_string"}}],"inLanguage":"bs-BA"},{"@type":"Organization","@id":"https:\/\/ibc-zh.ch\/#organization","name":"D\u017eemat Z\u00fcrich","url":"https:\/\/ibc-zh.ch\/","logo":{"@type":"ImageObject","inLanguage":"bs-BA","@id":"https:\/\/ibc-zh.ch\/#\/schema\/logo\/image\/","url":"https:\/\/ibc-zh.ch\/wp-content\/uploads\/2024\/05\/cropped-ibc-logo.png","contentUrl":"https:\/\/ibc-zh.ch\/wp-content\/uploads\/2024\/05\/cropped-ibc-logo.png","width":300,"height":300,"caption":"D\u017eemat Z\u00fcrich"},"image":{"@id":"https:\/\/ibc-zh.ch\/#\/schema\/logo\/image\/"},"sameAs":["https:\/\/www.facebook.com\/dzematcirih"]}]}},"_links":{"self":[{"href":"https:\/\/ibc-zh.ch\/ba\/wp-json\/wp\/v2\/pages\/414","targetHints":{"allow":["GET"]}}],"collection":[{"href":"https:\/\/ibc-zh.ch\/ba\/wp-json\/wp\/v2\/pages"}],"about":[{"href":"https:\/\/ibc-zh.ch\/ba\/wp-json\/wp\/v2\/types\/page"}],"author":[{"embeddable":true,"href":"https:\/\/ibc-zh.ch\/ba\/wp-json\/wp\/v2\/users\/1"}],"replies":[{"embeddable":true,"href":"https:\/\/ibc-zh.ch\/ba\/wp-json\/wp\/v2\/comments?post=414"}],"version-history":[{"count":18,"href":"https:\/\/ibc-zh.ch\/ba\/wp-json\/wp\/v2\/pages\/414\/revisions"}],"predecessor-version":[{"id":2212,"href":"https:\/\/ibc-zh.ch\/ba\/wp-json\/wp\/v2\/pages\/414\/revisions\/2212"}],"wp:attachment":[{"href":"https:\/\/ibc-zh.ch\/ba\/wp-json\/wp\/v2\/media?parent=414"}],"curies":[{"name":"wp","href":"https:\/\/api.w.org\/{rel}","templated":true}]}}