{"id":2379,"date":"2026-04-21T05:51:01","date_gmt":"2026-04-21T05:51:01","guid":{"rendered":"https:\/\/ibc-zh.ch\/?page_id=2379"},"modified":"2026-04-21T05:55:54","modified_gmt":"2026-04-21T05:55:54","slug":"muallima","status":"publish","type":"page","link":"https:\/\/ibc-zh.ch\/ba\/muallima\/","title":{"rendered":"Muallima"},"content":{"rendered":"<h1>\n\t\t\t\t\tMuallima\n\t\t\t\t<\/h1>\n<figure itemscope itemtype=\"https:\/\/schema.org\/ImageObject\">\n\t\t\t\t<img decoding=\"async\" src=\"https:\/\/ibc-zh.ch\/wp-content\/uploads\/2026\/04\/muallima_nasiha-hodzic-243x300.jpeg\" alt=\"muallima_nasiha-hodzic\" height=\"300\" width=\"243\" title=\"muallima_nasiha-hodzic\" onerror=\"this.style.display='none'\" loading=\"lazy\" \/>\n\t<\/figure>\n<p>Muallima Nasiha Hod\u017ei\u0107 wurde am 23.03.1985 in Zvornik (Bosnien) geboren. Sie schloss 2005 die Behram-beg-Medresa in Tuzla ab und 2017 die Philosophische Fakult\u00e4t in Tuzla, Studienrichtung &#8222;Soziale Arbeit&#8220;.<\/p>\n<p>Sie arbeitete als Lehrerin\/Professorin f\u00fcr islamischen Religionsunterricht an Grund- und Mittelschulen: Grundschule \u201e\u0110ur\u0111evik&#8220; \u017divinice, Grundschule \u201eBr\u010danska Malta&#8220; Tuzla, Grundschule \u201e\u0160eri\u0107i&#8220; \u017divinice, \u201eGemischte Mittelschule&#8220; Tuzla, \u201eMittlere Chemieschule&#8220; Tuzla, \u201eMittlere Verkehrsschule&#8220; Tuzla und \u201eGemischte Mittelschule&#8220; in \u017divinice.<\/p>\n<p>Bila je deset godina  koordinatorica za brak i porodicu u d\u017eematima Donja Obodnica i d\u017eematu Solina Med\u017elis islamske zajednice Tuzla.<\/p>\n<p>Zaposlena u IBC-Cirih kao muallima u mektebu, u radu sa \u017eenama i mladima te radi poslove u skretarijatu.<\/p>\n<p>U braku je sa Sanel-ef. Hod\u017ei\u0107em i imaju troje djece.<\/p>\n\t\t<iframe loading=\"lazy\" title=\"30 godina IBC-a Cirih - dokumentarni film\" width=\"500\" height=\"281\" src=\"https:\/\/www.youtube.com\/embed\/FazGefkBpII?feature=oembed\" frameborder=\"0\" allow=\"accelerometer; autoplay; clipboard-write; encrypted-media; gyroscope; picture-in-picture; web-share\" referrerpolicy=\"strict-origin-when-cross-origin\" allowfullscreen><\/iframe>","protected":false},"excerpt":{"rendered":"<p>Muallima Muallima Nasiha Hod\u017ei\u0107 wurde am 23.03.1985 in Zvornik (Bosnien) geboren. Sie schloss 2005 die Behram-beg-Medresa in Tuzla ab und 2017 die Philosophische Fakult\u00e4t in Tuzla, Studienrichtung &#8222;Soziale Arbeit&#8220;. Sie arbeitete als Lehrerin\/Professorin f\u00fcr islamischen Religionsunterricht an Grund- und Mittelschulen: Grundschule \u201e\u0110ur\u0111evik&#8220; \u017divinice, Grundschule \u201eBr\u010danska Malta&#8220; Tuzla, Grundschule \u201e\u0160eri\u0107i&#8220; \u017divinice, \u201eGemischte Mittelschule&#8220; Tuzla, \u201eMittlere Chemieschule&#8220; [&hellip;]<\/p>\n","protected":false},"author":1,"featured_media":0,"parent":0,"menu_order":0,"comment_status":"closed","ping_status":"closed","template":"","meta":{"site-sidebar-layout":"no-sidebar","site-content-layout":"page-builder","ast-site-content-layout":"full-width-container","site-content-style":"unboxed","site-sidebar-style":"unboxed","ast-global-header-display":"","ast-banner-title-visibility":"","ast-main-header-display":"","ast-hfb-above-header-display":"","ast-hfb-below-header-display":"","ast-hfb-mobile-header-display":"","site-post-title":"disabled","ast-breadcrumbs-content":"","ast-featured-img":"disabled","footer-sml-layout":"","theme-transparent-header-meta":"","adv-header-id-meta":"","stick-header-meta":"","header-above-stick-meta":"","header-main-stick-meta":"","header-below-stick-meta":"","astra-migrate-meta-layouts":"set","ast-page-background-enabled":"default","ast-page-background-meta":{"desktop":{"background-color":"","background-image":"","background-repeat":"repeat","background-position":"center center","background-size":"auto","background-attachment":"scroll","background-type":"","background-media":"","overlay-type":"","overlay-color":"","overlay-opacity":"","overlay-gradient":""},"tablet":{"background-color":"","background-image":"","background-repeat":"repeat","background-position":"center center","background-size":"auto","background-attachment":"scroll","background-type":"","background-media":"","overlay-type":"","overlay-color":"","overlay-opacity":"","overlay-gradient":""},"mobile":{"background-color":"","background-image":"","background-repeat":"repeat","background-position":"center center","background-size":"auto","background-attachment":"scroll","background-type":"","background-media":"","overlay-type":"","overlay-color":"","overlay-opacity":"","overlay-gradient":""}},"ast-content-background-meta":{"desktop":{"background-color":"var(--ast-global-color-5)","background-image":"","background-repeat":"repeat","background-position":"center center","background-size":"auto","background-attachment":"scroll","background-type":"","background-media":"","overlay-type":"","overlay-color":"","overlay-opacity":"","overlay-gradient":""},"tablet":{"background-color":"var(--ast-global-color-5)","background-image":"","background-repeat":"repeat","background-position":"center center","background-size":"auto","background-attachment":"scroll","background-type":"","background-media":"","overlay-type":"","overlay-color":"","overlay-opacity":"","overlay-gradient":""},"mobile":{"background-color":"var(--ast-global-color-5)","background-image":"","background-repeat":"repeat","background-position":"center center","background-size":"auto","background-attachment":"scroll","background-type":"","background-media":"","overlay-type":"","overlay-color":"","overlay-opacity":"","overlay-gradient":""}},"footnotes":""},"class_list":["post-2379","page","type-page","status-publish","hentry"],"yoast_head":"<!-- This site is optimized with the Yoast SEO plugin v27.3 - https:\/\/yoast.com\/product\/yoast-seo-wordpress\/ -->\n<title>Muallima - Dzemat der islamischen Gemeinschaft Bosniens Z\u00fcrich<\/title>\n<meta name=\"robots\" content=\"index, follow, max-snippet:-1, max-image-preview:large, max-video-preview:-1\" \/>\n<link rel=\"canonical\" href=\"https:\/\/ibc-zh.ch\/ba\/muallima\/\" \/>\n<meta property=\"og:locale\" content=\"bs_BA\" \/>\n<meta property=\"og:type\" content=\"article\" \/>\n<meta property=\"og:title\" content=\"Muallima - Dzemat der islamischen Gemeinschaft Bosniens Z\u00fcrich\" \/>\n<meta property=\"og:description\" content=\"Muallima Muallima Nasiha Hod\u017ei\u0107 wurde am 23.03.1985 in Zvornik (Bosnien) geboren. Sie schloss 2005 die Behram-beg-Medresa in Tuzla ab und 2017 die Philosophische Fakult\u00e4t in Tuzla, Studienrichtung &#8222;Soziale Arbeit&#8220;. Sie arbeitete als Lehrerin\/Professorin f\u00fcr islamischen Religionsunterricht an Grund- und Mittelschulen: Grundschule \u201e\u0110ur\u0111evik&#8220; \u017divinice, Grundschule \u201eBr\u010danska Malta&#8220; Tuzla, Grundschule \u201e\u0160eri\u0107i&#8220; \u017divinice, \u201eGemischte Mittelschule&#8220; Tuzla, \u201eMittlere Chemieschule&#8220; [&hellip;]\" \/>\n<meta property=\"og:url\" content=\"https:\/\/ibc-zh.ch\/ba\/muallima\/\" \/>\n<meta property=\"og:site_name\" content=\"Dzemat der islamischen Gemeinschaft Bosniens Z\u00fcrich\" \/>\n<meta property=\"article:publisher\" content=\"https:\/\/www.facebook.com\/dzematcirih\" \/>\n<meta property=\"article:modified_time\" content=\"2026-04-21T05:55:54+00:00\" \/>\n<meta property=\"og:image\" content=\"https:\/\/ibc-zh.ch\/wp-content\/uploads\/2026\/04\/muallima_nasiha-hodzic-243x300.jpeg\" \/>\n<meta name=\"twitter:card\" content=\"summary_large_image\" \/>\n<meta name=\"twitter:label1\" content=\"Est. reading time\" \/>\n\t<meta name=\"twitter:data1\" content=\"1 minuta\" \/>\n<script type=\"application\/ld+json\" class=\"yoast-schema-graph\">{\"@context\":\"https:\\\/\\\/schema.org\",\"@graph\":[{\"@type\":\"WebPage\",\"@id\":\"https:\\\/\\\/ibc-zh.ch\\\/muallima\\\/\",\"url\":\"https:\\\/\\\/ibc-zh.ch\\\/muallima\\\/\",\"name\":\"Muallima - Dzemat der islamischen Gemeinschaft Bosniens Z\u00fcrich\",\"isPartOf\":{\"@id\":\"https:\\\/\\\/ibc-zh.ch\\\/#website\"},\"primaryImageOfPage\":{\"@id\":\"https:\\\/\\\/ibc-zh.ch\\\/muallima\\\/#primaryimage\"},\"image\":{\"@id\":\"https:\\\/\\\/ibc-zh.ch\\\/muallima\\\/#primaryimage\"},\"thumbnailUrl\":\"https:\\\/\\\/ibc-zh.ch\\\/wp-content\\\/uploads\\\/2026\\\/04\\\/muallima_nasiha-hodzic-243x300.jpeg\",\"datePublished\":\"2026-04-21T05:51:01+00:00\",\"dateModified\":\"2026-04-21T05:55:54+00:00\",\"breadcrumb\":{\"@id\":\"https:\\\/\\\/ibc-zh.ch\\\/muallima\\\/#breadcrumb\"},\"inLanguage\":\"bs-BA\",\"potentialAction\":[{\"@type\":\"ReadAction\",\"target\":[\"https:\\\/\\\/ibc-zh.ch\\\/muallima\\\/\"]}]},{\"@type\":\"ImageObject\",\"inLanguage\":\"bs-BA\",\"@id\":\"https:\\\/\\\/ibc-zh.ch\\\/muallima\\\/#primaryimage\",\"url\":\"https:\\\/\\\/ibc-zh.ch\\\/wp-content\\\/uploads\\\/2026\\\/04\\\/muallima_nasiha-hodzic-243x300.jpeg\",\"contentUrl\":\"https:\\\/\\\/ibc-zh.ch\\\/wp-content\\\/uploads\\\/2026\\\/04\\\/muallima_nasiha-hodzic-243x300.jpeg\"},{\"@type\":\"BreadcrumbList\",\"@id\":\"https:\\\/\\\/ibc-zh.ch\\\/muallima\\\/#breadcrumb\",\"itemListElement\":[{\"@type\":\"ListItem\",\"position\":1,\"name\":\"Startseite\",\"item\":\"https:\\\/\\\/ibc-zh.ch\\\/\"},{\"@type\":\"ListItem\",\"position\":2,\"name\":\"Muallima\"}]},{\"@type\":\"WebSite\",\"@id\":\"https:\\\/\\\/ibc-zh.ch\\\/#website\",\"url\":\"https:\\\/\\\/ibc-zh.ch\\\/\",\"name\":\"Dzemat der islamischen Gemeinschaft Bosniens Z\u00fcrich\",\"description\":\"Islamska zajednica Bo\u0161njaka u \u0160vicarskoj Dzemat ZH\",\"publisher\":{\"@id\":\"https:\\\/\\\/ibc-zh.ch\\\/#organization\"},\"potentialAction\":[{\"@type\":\"SearchAction\",\"target\":{\"@type\":\"EntryPoint\",\"urlTemplate\":\"https:\\\/\\\/ibc-zh.ch\\\/?s={search_term_string}\"},\"query-input\":{\"@type\":\"PropertyValueSpecification\",\"valueRequired\":true,\"valueName\":\"search_term_string\"}}],\"inLanguage\":\"bs-BA\"},{\"@type\":\"Organization\",\"@id\":\"https:\\\/\\\/ibc-zh.ch\\\/#organization\",\"name\":\"D\u017eemat Z\u00fcrich\",\"url\":\"https:\\\/\\\/ibc-zh.ch\\\/\",\"logo\":{\"@type\":\"ImageObject\",\"inLanguage\":\"bs-BA\",\"@id\":\"https:\\\/\\\/ibc-zh.ch\\\/#\\\/schema\\\/logo\\\/image\\\/\",\"url\":\"https:\\\/\\\/ibc-zh.ch\\\/wp-content\\\/uploads\\\/2024\\\/05\\\/cropped-ibc-logo.png\",\"contentUrl\":\"https:\\\/\\\/ibc-zh.ch\\\/wp-content\\\/uploads\\\/2024\\\/05\\\/cropped-ibc-logo.png\",\"width\":300,\"height\":300,\"caption\":\"D\u017eemat Z\u00fcrich\"},\"image\":{\"@id\":\"https:\\\/\\\/ibc-zh.ch\\\/#\\\/schema\\\/logo\\\/image\\\/\"},\"sameAs\":[\"https:\\\/\\\/www.facebook.com\\\/dzematcirih\"]}]}<\/script>\n<!-- \/ Yoast SEO plugin. -->","yoast_head_json":{"title":"Muallima - Dzemat der islamischen Gemeinschaft Bosniens Z\u00fcrich","robots":{"index":"index","follow":"follow","max-snippet":"max-snippet:-1","max-image-preview":"max-image-preview:large","max-video-preview":"max-video-preview:-1"},"canonical":"https:\/\/ibc-zh.ch\/ba\/muallima\/","og_locale":"bs_BA","og_type":"article","og_title":"Muallima - Dzemat der islamischen Gemeinschaft Bosniens Z\u00fcrich","og_description":"Muallima Muallima Nasiha Hod\u017ei\u0107 wurde am 23.03.1985 in Zvornik (Bosnien) geboren. Sie schloss 2005 die Behram-beg-Medresa in Tuzla ab und 2017 die Philosophische Fakult\u00e4t in Tuzla, Studienrichtung &#8222;Soziale Arbeit&#8220;. Sie arbeitete als Lehrerin\/Professorin f\u00fcr islamischen Religionsunterricht an Grund- und Mittelschulen: Grundschule \u201e\u0110ur\u0111evik&#8220; \u017divinice, Grundschule \u201eBr\u010danska Malta&#8220; Tuzla, Grundschule \u201e\u0160eri\u0107i&#8220; \u017divinice, \u201eGemischte Mittelschule&#8220; Tuzla, \u201eMittlere Chemieschule&#8220; [&hellip;]","og_url":"https:\/\/ibc-zh.ch\/ba\/muallima\/","og_site_name":"Dzemat der islamischen Gemeinschaft Bosniens Z\u00fcrich","article_publisher":"https:\/\/www.facebook.com\/dzematcirih","article_modified_time":"2026-04-21T05:55:54+00:00","og_image":[{"url":"https:\/\/ibc-zh.ch\/wp-content\/uploads\/2026\/04\/muallima_nasiha-hodzic-243x300.jpeg","type":"","width":"","height":""}],"twitter_card":"summary_large_image","twitter_misc":{"Est. reading time":"1 minuta"},"schema":{"@context":"https:\/\/schema.org","@graph":[{"@type":"WebPage","@id":"https:\/\/ibc-zh.ch\/muallima\/","url":"https:\/\/ibc-zh.ch\/muallima\/","name":"Muallima - Dzemat der islamischen Gemeinschaft Bosniens Z\u00fcrich","isPartOf":{"@id":"https:\/\/ibc-zh.ch\/#website"},"primaryImageOfPage":{"@id":"https:\/\/ibc-zh.ch\/muallima\/#primaryimage"},"image":{"@id":"https:\/\/ibc-zh.ch\/muallima\/#primaryimage"},"thumbnailUrl":"https:\/\/ibc-zh.ch\/wp-content\/uploads\/2026\/04\/muallima_nasiha-hodzic-243x300.jpeg","datePublished":"2026-04-21T05:51:01+00:00","dateModified":"2026-04-21T05:55:54+00:00","breadcrumb":{"@id":"https:\/\/ibc-zh.ch\/muallima\/#breadcrumb"},"inLanguage":"bs-BA","potentialAction":[{"@type":"ReadAction","target":["https:\/\/ibc-zh.ch\/muallima\/"]}]},{"@type":"ImageObject","inLanguage":"bs-BA","@id":"https:\/\/ibc-zh.ch\/muallima\/#primaryimage","url":"https:\/\/ibc-zh.ch\/wp-content\/uploads\/2026\/04\/muallima_nasiha-hodzic-243x300.jpeg","contentUrl":"https:\/\/ibc-zh.ch\/wp-content\/uploads\/2026\/04\/muallima_nasiha-hodzic-243x300.jpeg"},{"@type":"BreadcrumbList","@id":"https:\/\/ibc-zh.ch\/muallima\/#breadcrumb","itemListElement":[{"@type":"ListItem","position":1,"name":"Startseite","item":"https:\/\/ibc-zh.ch\/"},{"@type":"ListItem","position":2,"name":"Muallima"}]},{"@type":"WebSite","@id":"https:\/\/ibc-zh.ch\/#website","url":"https:\/\/ibc-zh.ch\/","name":"Dzemat der islamischen Gemeinschaft Bosniens Z\u00fcrich","description":"Islamska zajednica Bo\u0161njaka u \u0160vicarskoj Dzemat ZH","publisher":{"@id":"https:\/\/ibc-zh.ch\/#organization"},"potentialAction":[{"@type":"SearchAction","target":{"@type":"EntryPoint","urlTemplate":"https:\/\/ibc-zh.ch\/?s={search_term_string}"},"query-input":{"@type":"PropertyValueSpecification","valueRequired":true,"valueName":"search_term_string"}}],"inLanguage":"bs-BA"},{"@type":"Organization","@id":"https:\/\/ibc-zh.ch\/#organization","name":"D\u017eemat Z\u00fcrich","url":"https:\/\/ibc-zh.ch\/","logo":{"@type":"ImageObject","inLanguage":"bs-BA","@id":"https:\/\/ibc-zh.ch\/#\/schema\/logo\/image\/","url":"https:\/\/ibc-zh.ch\/wp-content\/uploads\/2024\/05\/cropped-ibc-logo.png","contentUrl":"https:\/\/ibc-zh.ch\/wp-content\/uploads\/2024\/05\/cropped-ibc-logo.png","width":300,"height":300,"caption":"D\u017eemat Z\u00fcrich"},"image":{"@id":"https:\/\/ibc-zh.ch\/#\/schema\/logo\/image\/"},"sameAs":["https:\/\/www.facebook.com\/dzematcirih"]}]}},"_links":{"self":[{"href":"https:\/\/ibc-zh.ch\/ba\/wp-json\/wp\/v2\/pages\/2379","targetHints":{"allow":["GET"]}}],"collection":[{"href":"https:\/\/ibc-zh.ch\/ba\/wp-json\/wp\/v2\/pages"}],"about":[{"href":"https:\/\/ibc-zh.ch\/ba\/wp-json\/wp\/v2\/types\/page"}],"author":[{"embeddable":true,"href":"https:\/\/ibc-zh.ch\/ba\/wp-json\/wp\/v2\/users\/1"}],"replies":[{"embeddable":true,"href":"https:\/\/ibc-zh.ch\/ba\/wp-json\/wp\/v2\/comments?post=2379"}],"version-history":[{"count":2,"href":"https:\/\/ibc-zh.ch\/ba\/wp-json\/wp\/v2\/pages\/2379\/revisions"}],"predecessor-version":[{"id":2384,"href":"https:\/\/ibc-zh.ch\/ba\/wp-json\/wp\/v2\/pages\/2379\/revisions\/2384"}],"wp:attachment":[{"href":"https:\/\/ibc-zh.ch\/ba\/wp-json\/wp\/v2\/media?parent=2379"}],"curies":[{"name":"wp","href":"https:\/\/api.w.org\/{rel}","templated":true}]}}