{"id":2091,"date":"2025-05-16T08:40:42","date_gmt":"2025-05-16T08:40:42","guid":{"rendered":"https:\/\/ibc-zh.ch\/?page_id=2091"},"modified":"2025-05-16T08:45:09","modified_gmt":"2025-05-16T08:45:09","slug":"mitgliederbeitrag-bezahlen","status":"publish","type":"page","link":"https:\/\/ibc-zh.ch\/ba\/mitgliederbeitrag-bezahlen\/","title":{"rendered":"Uplatiti \u010dlanarinu"},"content":{"rendered":"\n<h1>\n\t\tMitgliederbeitrag bezahlen\n\t<\/h1>\n\t<h2>Mitgliederbeitrag<\/h2>\n<p>Der Mitgliederbeitrag ist j\u00e4hrlich f\u00e4llig und gilt von Januar &#8211; Dezember. Bei unterj\u00e4hrigem Eintritt ist f\u00fcr das laufende Jahr, ebenfalls der volle Betrag f\u00e4llig.<\/p>\n<p>Der <strong>Jahresbeitrag<\/strong> f\u00fcr die Mitgliedschaft einer Familie, Einzelperson oder Rentner betr\u00e4gt <strong>360 CHF<\/strong>.<\/p>\n<p>Diesen k\u00f6nnen Sie einfach per nachfolgendem Einzahlungsschein \u00fcberweisen.<\/p>\n<p>Falls Sie noch nicht Mitglied sind, f\u00fcllen Sie bitte das Beitrittsformular aus.<\/p>\n\t<p><strong>Verwendungszweck: Mitgliedschaft [Jahr]<\/strong><\/p>\n<p>z.B. &#8222;Mitgliedschaft 2025&#8220;<\/p>\n\t\t\t\t<img decoding=\"async\" src=\"https:\/\/ibc-zh.ch\/wp\/wp-content\/uploads\/2024\/05\/einzahlungsschein-ibc-zh.png\" alt=\"Einzahlungsschein IBC ZH\" itemprop=\"image\" title=\"einzahlungsschein-ibc-zh\" onerror=\"this.style.display='none'\"  \/>\n\n","protected":false},"excerpt":{"rendered":"<p>Mitgliederbeitrag bezahlen Mitgliederbeitrag Der Mitgliederbeitrag ist j\u00e4hrlich f\u00e4llig und gilt von Januar &#8211; Dezember. Bei unterj\u00e4hrigem Eintritt ist f\u00fcr das laufende Jahr, ebenfalls der volle Betrag f\u00e4llig. Der Jahresbeitrag f\u00fcr die Mitgliedschaft einer Familie, Einzelperson oder Rentner betr\u00e4gt 360 CHF. Diesen k\u00f6nnen Sie einfach per nachfolgendem Einzahlungsschein \u00fcberweisen. Falls Sie noch nicht Mitglied sind, f\u00fcllen [&hellip;]<\/p>\n","protected":false},"author":1,"featured_media":0,"parent":0,"menu_order":0,"comment_status":"closed","ping_status":"closed","template":"","meta":{"site-sidebar-layout":"default","site-content-layout":"plain-container","ast-site-content-layout":"normal-width-container","site-content-style":"unboxed","site-sidebar-style":"unboxed","ast-global-header-display":"","ast-banner-title-visibility":"","ast-main-header-display":"","ast-hfb-above-header-display":"","ast-hfb-below-header-display":"","ast-hfb-mobile-header-display":"","site-post-title":"disabled","ast-breadcrumbs-content":"","ast-featured-img":"","footer-sml-layout":"","theme-transparent-header-meta":"","adv-header-id-meta":"","stick-header-meta":"","header-above-stick-meta":"","header-main-stick-meta":"","header-below-stick-meta":"","astra-migrate-meta-layouts":"set","ast-page-background-enabled":"default","ast-page-background-meta":{"desktop":{"background-color":"","background-image":"","background-repeat":"repeat","background-position":"center center","background-size":"auto","background-attachment":"scroll","background-type":"","background-media":"","overlay-type":"","overlay-color":"","overlay-opacity":"","overlay-gradient":""},"tablet":{"background-color":"","background-image":"","background-repeat":"repeat","background-position":"center center","background-size":"auto","background-attachment":"scroll","background-type":"","background-media":"","overlay-type":"","overlay-color":"","overlay-opacity":"","overlay-gradient":""},"mobile":{"background-color":"","background-image":"","background-repeat":"repeat","background-position":"center center","background-size":"auto","background-attachment":"scroll","background-type":"","background-media":"","overlay-type":"","overlay-color":"","overlay-opacity":"","overlay-gradient":""}},"ast-content-background-meta":{"desktop":{"background-color":"var(--ast-global-color-5)","background-image":"","background-repeat":"repeat","background-position":"center center","background-size":"auto","background-attachment":"scroll","background-type":"","background-media":"","overlay-type":"","overlay-color":"","overlay-opacity":"","overlay-gradient":""},"tablet":{"background-color":"var(--ast-global-color-5)","background-image":"","background-repeat":"repeat","background-position":"center center","background-size":"auto","background-attachment":"scroll","background-type":"","background-media":"","overlay-type":"","overlay-color":"","overlay-opacity":"","overlay-gradient":""},"mobile":{"background-color":"var(--ast-global-color-5)","background-image":"","background-repeat":"repeat","background-position":"center center","background-size":"auto","background-attachment":"scroll","background-type":"","background-media":"","overlay-type":"","overlay-color":"","overlay-opacity":"","overlay-gradient":""}},"footnotes":""},"class_list":["post-2091","page","type-page","status-publish","hentry"],"yoast_head":"<!-- This site is optimized with the Yoast SEO plugin v27.3 - https:\/\/yoast.com\/product\/yoast-seo-wordpress\/ -->\n<title>Mitgliederbeitrag bezahlen - Dzemat der islamischen Gemeinschaft Bosniens Z\u00fcrich<\/title>\n<meta name=\"robots\" content=\"index, follow, max-snippet:-1, max-image-preview:large, max-video-preview:-1\" \/>\n<link rel=\"canonical\" href=\"https:\/\/ibc-zh.ch\/ba\/mitgliederbeitrag-bezahlen\/\" \/>\n<meta property=\"og:locale\" content=\"bs_BA\" \/>\n<meta property=\"og:type\" content=\"article\" \/>\n<meta property=\"og:title\" content=\"Mitgliederbeitrag bezahlen - Dzemat der islamischen Gemeinschaft Bosniens Z\u00fcrich\" \/>\n<meta property=\"og:description\" content=\"Mitgliederbeitrag bezahlen Mitgliederbeitrag Der Mitgliederbeitrag ist j\u00e4hrlich f\u00e4llig und gilt von Januar &#8211; Dezember. Bei unterj\u00e4hrigem Eintritt ist f\u00fcr das laufende Jahr, ebenfalls der volle Betrag f\u00e4llig. Der Jahresbeitrag f\u00fcr die Mitgliedschaft einer Familie, Einzelperson oder Rentner betr\u00e4gt 360 CHF. Diesen k\u00f6nnen Sie einfach per nachfolgendem Einzahlungsschein \u00fcberweisen. Falls Sie noch nicht Mitglied sind, f\u00fcllen [&hellip;]\" \/>\n<meta property=\"og:url\" content=\"https:\/\/ibc-zh.ch\/ba\/mitgliederbeitrag-bezahlen\/\" \/>\n<meta property=\"og:site_name\" content=\"Dzemat der islamischen Gemeinschaft Bosniens Z\u00fcrich\" \/>\n<meta property=\"article:publisher\" content=\"https:\/\/www.facebook.com\/dzematcirih\" \/>\n<meta property=\"article:modified_time\" content=\"2025-05-16T08:45:09+00:00\" \/>\n<meta property=\"og:image\" content=\"https:\/\/ibc-zh.ch\/wp\/wp-content\/uploads\/2024\/05\/einzahlungsschein-ibc-zh.png\" \/>\n<meta name=\"twitter:card\" content=\"summary_large_image\" \/>\n<meta name=\"twitter:label1\" content=\"Est. reading time\" \/>\n\t<meta name=\"twitter:data1\" content=\"8 minuta\" \/>\n<script type=\"application\/ld+json\" class=\"yoast-schema-graph\">{\"@context\":\"https:\\\/\\\/schema.org\",\"@graph\":[{\"@type\":\"WebPage\",\"@id\":\"https:\\\/\\\/ibc-zh.ch\\\/mitgliederbeitrag-bezahlen\\\/\",\"url\":\"https:\\\/\\\/ibc-zh.ch\\\/mitgliederbeitrag-bezahlen\\\/\",\"name\":\"Mitgliederbeitrag bezahlen - Dzemat der islamischen Gemeinschaft Bosniens Z\u00fcrich\",\"isPartOf\":{\"@id\":\"https:\\\/\\\/ibc-zh.ch\\\/#website\"},\"primaryImageOfPage\":{\"@id\":\"https:\\\/\\\/ibc-zh.ch\\\/mitgliederbeitrag-bezahlen\\\/#primaryimage\"},\"image\":{\"@id\":\"https:\\\/\\\/ibc-zh.ch\\\/mitgliederbeitrag-bezahlen\\\/#primaryimage\"},\"thumbnailUrl\":\"https:\\\/\\\/ibc-zh.ch\\\/wp\\\/wp-content\\\/uploads\\\/2024\\\/05\\\/einzahlungsschein-ibc-zh.png\",\"datePublished\":\"2025-05-16T08:40:42+00:00\",\"dateModified\":\"2025-05-16T08:45:09+00:00\",\"breadcrumb\":{\"@id\":\"https:\\\/\\\/ibc-zh.ch\\\/mitgliederbeitrag-bezahlen\\\/#breadcrumb\"},\"inLanguage\":\"bs-BA\",\"potentialAction\":[{\"@type\":\"ReadAction\",\"target\":[\"https:\\\/\\\/ibc-zh.ch\\\/mitgliederbeitrag-bezahlen\\\/\"]}]},{\"@type\":\"ImageObject\",\"inLanguage\":\"bs-BA\",\"@id\":\"https:\\\/\\\/ibc-zh.ch\\\/mitgliederbeitrag-bezahlen\\\/#primaryimage\",\"url\":\"https:\\\/\\\/ibc-zh.ch\\\/wp\\\/wp-content\\\/uploads\\\/2024\\\/05\\\/einzahlungsschein-ibc-zh.png\",\"contentUrl\":\"https:\\\/\\\/ibc-zh.ch\\\/wp\\\/wp-content\\\/uploads\\\/2024\\\/05\\\/einzahlungsschein-ibc-zh.png\"},{\"@type\":\"BreadcrumbList\",\"@id\":\"https:\\\/\\\/ibc-zh.ch\\\/mitgliederbeitrag-bezahlen\\\/#breadcrumb\",\"itemListElement\":[{\"@type\":\"ListItem\",\"position\":1,\"name\":\"Startseite\",\"item\":\"https:\\\/\\\/ibc-zh.ch\\\/\"},{\"@type\":\"ListItem\",\"position\":2,\"name\":\"Mitgliederbeitrag bezahlen\"}]},{\"@type\":\"WebSite\",\"@id\":\"https:\\\/\\\/ibc-zh.ch\\\/#website\",\"url\":\"https:\\\/\\\/ibc-zh.ch\\\/\",\"name\":\"Dzemat der islamischen Gemeinschaft Bosniens Z\u00fcrich\",\"description\":\"Islamska zajednica Bo\u0161njaka u \u0160vicarskoj Dzemat ZH\",\"publisher\":{\"@id\":\"https:\\\/\\\/ibc-zh.ch\\\/#organization\"},\"potentialAction\":[{\"@type\":\"SearchAction\",\"target\":{\"@type\":\"EntryPoint\",\"urlTemplate\":\"https:\\\/\\\/ibc-zh.ch\\\/?s={search_term_string}\"},\"query-input\":{\"@type\":\"PropertyValueSpecification\",\"valueRequired\":true,\"valueName\":\"search_term_string\"}}],\"inLanguage\":\"bs-BA\"},{\"@type\":\"Organization\",\"@id\":\"https:\\\/\\\/ibc-zh.ch\\\/#organization\",\"name\":\"D\u017eemat Z\u00fcrich\",\"url\":\"https:\\\/\\\/ibc-zh.ch\\\/\",\"logo\":{\"@type\":\"ImageObject\",\"inLanguage\":\"bs-BA\",\"@id\":\"https:\\\/\\\/ibc-zh.ch\\\/#\\\/schema\\\/logo\\\/image\\\/\",\"url\":\"https:\\\/\\\/ibc-zh.ch\\\/wp-content\\\/uploads\\\/2024\\\/05\\\/cropped-ibc-logo.png\",\"contentUrl\":\"https:\\\/\\\/ibc-zh.ch\\\/wp-content\\\/uploads\\\/2024\\\/05\\\/cropped-ibc-logo.png\",\"width\":300,\"height\":300,\"caption\":\"D\u017eemat Z\u00fcrich\"},\"image\":{\"@id\":\"https:\\\/\\\/ibc-zh.ch\\\/#\\\/schema\\\/logo\\\/image\\\/\"},\"sameAs\":[\"https:\\\/\\\/www.facebook.com\\\/dzematcirih\"]}]}<\/script>\n<!-- \/ Yoast SEO plugin. -->","yoast_head_json":{"title":"Mitgliederbeitrag bezahlen - Dzemat der islamischen Gemeinschaft Bosniens Z\u00fcrich","robots":{"index":"index","follow":"follow","max-snippet":"max-snippet:-1","max-image-preview":"max-image-preview:large","max-video-preview":"max-video-preview:-1"},"canonical":"https:\/\/ibc-zh.ch\/ba\/mitgliederbeitrag-bezahlen\/","og_locale":"bs_BA","og_type":"article","og_title":"Mitgliederbeitrag bezahlen - Dzemat der islamischen Gemeinschaft Bosniens Z\u00fcrich","og_description":"Mitgliederbeitrag bezahlen Mitgliederbeitrag Der Mitgliederbeitrag ist j\u00e4hrlich f\u00e4llig und gilt von Januar &#8211; Dezember. Bei unterj\u00e4hrigem Eintritt ist f\u00fcr das laufende Jahr, ebenfalls der volle Betrag f\u00e4llig. Der Jahresbeitrag f\u00fcr die Mitgliedschaft einer Familie, Einzelperson oder Rentner betr\u00e4gt 360 CHF. Diesen k\u00f6nnen Sie einfach per nachfolgendem Einzahlungsschein \u00fcberweisen. Falls Sie noch nicht Mitglied sind, f\u00fcllen [&hellip;]","og_url":"https:\/\/ibc-zh.ch\/ba\/mitgliederbeitrag-bezahlen\/","og_site_name":"Dzemat der islamischen Gemeinschaft Bosniens Z\u00fcrich","article_publisher":"https:\/\/www.facebook.com\/dzematcirih","article_modified_time":"2025-05-16T08:45:09+00:00","og_image":[{"url":"https:\/\/ibc-zh.ch\/wp\/wp-content\/uploads\/2024\/05\/einzahlungsschein-ibc-zh.png","type":"","width":"","height":""}],"twitter_card":"summary_large_image","twitter_misc":{"Est. reading time":"8 minuta"},"schema":{"@context":"https:\/\/schema.org","@graph":[{"@type":"WebPage","@id":"https:\/\/ibc-zh.ch\/mitgliederbeitrag-bezahlen\/","url":"https:\/\/ibc-zh.ch\/mitgliederbeitrag-bezahlen\/","name":"Mitgliederbeitrag bezahlen - Dzemat der islamischen Gemeinschaft Bosniens Z\u00fcrich","isPartOf":{"@id":"https:\/\/ibc-zh.ch\/#website"},"primaryImageOfPage":{"@id":"https:\/\/ibc-zh.ch\/mitgliederbeitrag-bezahlen\/#primaryimage"},"image":{"@id":"https:\/\/ibc-zh.ch\/mitgliederbeitrag-bezahlen\/#primaryimage"},"thumbnailUrl":"https:\/\/ibc-zh.ch\/wp\/wp-content\/uploads\/2024\/05\/einzahlungsschein-ibc-zh.png","datePublished":"2025-05-16T08:40:42+00:00","dateModified":"2025-05-16T08:45:09+00:00","breadcrumb":{"@id":"https:\/\/ibc-zh.ch\/mitgliederbeitrag-bezahlen\/#breadcrumb"},"inLanguage":"bs-BA","potentialAction":[{"@type":"ReadAction","target":["https:\/\/ibc-zh.ch\/mitgliederbeitrag-bezahlen\/"]}]},{"@type":"ImageObject","inLanguage":"bs-BA","@id":"https:\/\/ibc-zh.ch\/mitgliederbeitrag-bezahlen\/#primaryimage","url":"https:\/\/ibc-zh.ch\/wp\/wp-content\/uploads\/2024\/05\/einzahlungsschein-ibc-zh.png","contentUrl":"https:\/\/ibc-zh.ch\/wp\/wp-content\/uploads\/2024\/05\/einzahlungsschein-ibc-zh.png"},{"@type":"BreadcrumbList","@id":"https:\/\/ibc-zh.ch\/mitgliederbeitrag-bezahlen\/#breadcrumb","itemListElement":[{"@type":"ListItem","position":1,"name":"Startseite","item":"https:\/\/ibc-zh.ch\/"},{"@type":"ListItem","position":2,"name":"Mitgliederbeitrag bezahlen"}]},{"@type":"WebSite","@id":"https:\/\/ibc-zh.ch\/#website","url":"https:\/\/ibc-zh.ch\/","name":"Dzemat der islamischen Gemeinschaft Bosniens Z\u00fcrich","description":"Islamska zajednica Bo\u0161njaka u \u0160vicarskoj Dzemat ZH","publisher":{"@id":"https:\/\/ibc-zh.ch\/#organization"},"potentialAction":[{"@type":"SearchAction","target":{"@type":"EntryPoint","urlTemplate":"https:\/\/ibc-zh.ch\/?s={search_term_string}"},"query-input":{"@type":"PropertyValueSpecification","valueRequired":true,"valueName":"search_term_string"}}],"inLanguage":"bs-BA"},{"@type":"Organization","@id":"https:\/\/ibc-zh.ch\/#organization","name":"D\u017eemat Z\u00fcrich","url":"https:\/\/ibc-zh.ch\/","logo":{"@type":"ImageObject","inLanguage":"bs-BA","@id":"https:\/\/ibc-zh.ch\/#\/schema\/logo\/image\/","url":"https:\/\/ibc-zh.ch\/wp-content\/uploads\/2024\/05\/cropped-ibc-logo.png","contentUrl":"https:\/\/ibc-zh.ch\/wp-content\/uploads\/2024\/05\/cropped-ibc-logo.png","width":300,"height":300,"caption":"D\u017eemat Z\u00fcrich"},"image":{"@id":"https:\/\/ibc-zh.ch\/#\/schema\/logo\/image\/"},"sameAs":["https:\/\/www.facebook.com\/dzematcirih"]}]}},"_links":{"self":[{"href":"https:\/\/ibc-zh.ch\/ba\/wp-json\/wp\/v2\/pages\/2091","targetHints":{"allow":["GET"]}}],"collection":[{"href":"https:\/\/ibc-zh.ch\/ba\/wp-json\/wp\/v2\/pages"}],"about":[{"href":"https:\/\/ibc-zh.ch\/ba\/wp-json\/wp\/v2\/types\/page"}],"author":[{"embeddable":true,"href":"https:\/\/ibc-zh.ch\/ba\/wp-json\/wp\/v2\/users\/1"}],"replies":[{"embeddable":true,"href":"https:\/\/ibc-zh.ch\/ba\/wp-json\/wp\/v2\/comments?post=2091"}],"version-history":[{"count":3,"href":"https:\/\/ibc-zh.ch\/ba\/wp-json\/wp\/v2\/pages\/2091\/revisions"}],"predecessor-version":[{"id":2096,"href":"https:\/\/ibc-zh.ch\/ba\/wp-json\/wp\/v2\/pages\/2091\/revisions\/2096"}],"wp:attachment":[{"href":"https:\/\/ibc-zh.ch\/ba\/wp-json\/wp\/v2\/media?parent=2091"}],"curies":[{"name":"wp","href":"https:\/\/api.w.org\/{rel}","templated":true}]}}