{"id":2066,"date":"2025-03-25T10:10:26","date_gmt":"2025-03-25T10:10:26","guid":{"rendered":"https:\/\/ibc-zh.ch\/?page_id=2066"},"modified":"2025-03-25T10:16:28","modified_gmt":"2025-03-25T10:16:28","slug":"parkieren","status":"publish","type":"page","link":"https:\/\/ibc-zh.ch\/ba\/kontakt\/parkieren\/","title":{"rendered":"Parkirati"},"content":{"rendered":"<h1>\n\t\tMogu\u0107nosti za Parkiranje\n\t<\/h1>\n\t<h2>Direktno ispred zgrade<\/h2>\n<p>Ograni\u010den broj parking mjesta je dostupno direktno ispred zgrade.<\/p>\n<p>Na neposrednoj pje\u0161a\u010dkoj udaljenosti dostupni su dodatni besplatni i pla\u0107eni parking prostori.<\/p>\n\t\t\t\t<img loading=\"lazy\" decoding=\"async\" src=\"https:\/\/ibc-zh.ch\/wp-content\/uploads\/2025\/03\/ibc-parking.png\" alt=\"ibc-parking\" itemprop=\"image\" height=\"2398\" width=\"3465\" title=\"ibc-parking\" onerror=\"this.style.display='none'\"  \/>\n\t<h2>Parkside Schlieren<\/h2>\n<ul>\n<li>Distanz: 5 Gehminuten<\/li>\n<li>Anzahl Parkpl\u00e4tze: 100<\/li>\n<li>Adresse:<br \/>\nRingstrasse 3<br \/>\n8952 Schlieren<\/li>\n<li>\u00d6ffnungszeiten:<br \/>\nMontag &#8211; Sonntag: 06:00 &#8211; 22:00 Uhr<\/li>\n<\/ul>\n\t\t\t<a href=\"https:\/\/maps.app.goo.gl\/fKcDMeXTyeC46aEa7\" target=\"_blank\" rel=\"noopener\">\n\t\t\t\t\t\tGoogle Maps\n\t\t\t\t\t<\/a>\n\t\t\t<a href=\"https:\/\/www.parkside-schlieren.ch\/parken\" target=\"_blank\" rel=\"noopener\">\n\t\t\t\t\t\tWebseite\n\t\t\t\t\t<\/a>\n\t<h2>Parking Lilie Shoppingpoint<\/h2>\n<ul>\n<li>Distanz: 6 Gehminuten<\/li>\n<li>Anzahl Parkpl\u00e4tze: 150<\/li>\n<li>Adresse:<br \/>\nUitikonerstrasse 9<br \/>\n8952 Schlieren<\/li>\n<li>\u00d6ffnungszeiten:<br \/>\nMontag &#8211; Freitag: 06.45 &#8211; 20.00 Uhr<br \/>\nSamstag: 06.45 &#8211; 18.00 Uhr<\/li>\n<\/ul>\n\t\t\t<a href=\"https:\/\/maps.app.goo.gl\/jDf4NQHL6x5uv1Bk8\" target=\"_blank\" rel=\"noopener\">\n\t\t\t\t\t\tGoogle Maps\n\t\t\t\t\t<\/a>\n\t\t\t<a href=\"https:\/\/lilie-schlieren.ch\/\" target=\"_blank\" rel=\"noopener\">\n\t\t\t\t\t\tWebseite\n\t\t\t\t\t<\/a>","protected":false},"excerpt":{"rendered":"<p>Parkm\u00f6glichkeiten Direkt vor dem Haus Eine begrenzte Anzahl Parkpl\u00e4tze steht direkt vor dem Haus zu Verf\u00fcgung. In unmittelbarer Gehdistanz stehen zus\u00e4tzliche kostenlose und kostenpflichtige Parkpl\u00e4tze zur Verf\u00fcgung. Parkside Schlieren Distanz: 5 Gehminuten Anzahl Parkpl\u00e4tze: 100 Adresse: Ringstrasse 3 8952 Schlieren \u00d6ffnungszeiten: Montag &#8211; Sonntag: 06:00 &#8211; 22:00 Uhr Google Maps Webseite Parking Lilie Shoppingpoint Distanz: [&hellip;]<\/p>\n","protected":false},"author":1,"featured_media":0,"parent":414,"menu_order":0,"comment_status":"closed","ping_status":"closed","template":"","meta":{"site-sidebar-layout":"no-sidebar","site-content-layout":"page-builder","ast-site-content-layout":"full-width-container","site-content-style":"unboxed","site-sidebar-style":"unboxed","ast-global-header-display":"","ast-banner-title-visibility":"","ast-main-header-display":"","ast-hfb-above-header-display":"","ast-hfb-below-header-display":"","ast-hfb-mobile-header-display":"","site-post-title":"disabled","ast-breadcrumbs-content":"","ast-featured-img":"disabled","footer-sml-layout":"","theme-transparent-header-meta":"","adv-header-id-meta":"","stick-header-meta":"","header-above-stick-meta":"","header-main-stick-meta":"","header-below-stick-meta":"","astra-migrate-meta-layouts":"set","ast-page-background-enabled":"default","ast-page-background-meta":{"desktop":{"background-color":"","background-image":"","background-repeat":"repeat","background-position":"center center","background-size":"auto","background-attachment":"scroll","background-type":"","background-media":"","overlay-type":"","overlay-color":"","overlay-opacity":"","overlay-gradient":""},"tablet":{"background-color":"","background-image":"","background-repeat":"repeat","background-position":"center center","background-size":"auto","background-attachment":"scroll","background-type":"","background-media":"","overlay-type":"","overlay-color":"","overlay-opacity":"","overlay-gradient":""},"mobile":{"background-color":"","background-image":"","background-repeat":"repeat","background-position":"center center","background-size":"auto","background-attachment":"scroll","background-type":"","background-media":"","overlay-type":"","overlay-color":"","overlay-opacity":"","overlay-gradient":""}},"ast-content-background-meta":{"desktop":{"background-color":"var(--ast-global-color-5)","background-image":"","background-repeat":"repeat","background-position":"center center","background-size":"auto","background-attachment":"scroll","background-type":"","background-media":"","overlay-type":"","overlay-color":"","overlay-opacity":"","overlay-gradient":""},"tablet":{"background-color":"var(--ast-global-color-5)","background-image":"","background-repeat":"repeat","background-position":"center center","background-size":"auto","background-attachment":"scroll","background-type":"","background-media":"","overlay-type":"","overlay-color":"","overlay-opacity":"","overlay-gradient":""},"mobile":{"background-color":"var(--ast-global-color-5)","background-image":"","background-repeat":"repeat","background-position":"center center","background-size":"auto","background-attachment":"scroll","background-type":"","background-media":"","overlay-type":"","overlay-color":"","overlay-opacity":"","overlay-gradient":""}},"footnotes":""},"class_list":["post-2066","page","type-page","status-publish","hentry"],"yoast_head":"<!-- This site is optimized with the Yoast SEO plugin v27.3 - https:\/\/yoast.com\/product\/yoast-seo-wordpress\/ -->\n<title>Parkieren - Dzemat der islamischen Gemeinschaft Bosniens Z\u00fcrich<\/title>\n<meta name=\"robots\" content=\"index, follow, max-snippet:-1, max-image-preview:large, max-video-preview:-1\" \/>\n<link rel=\"canonical\" href=\"https:\/\/ibc-zh.ch\/ba\/kontakt\/parkieren\/\" \/>\n<meta property=\"og:locale\" content=\"bs_BA\" \/>\n<meta property=\"og:type\" content=\"article\" \/>\n<meta property=\"og:title\" content=\"Parkieren - Dzemat der islamischen Gemeinschaft Bosniens Z\u00fcrich\" \/>\n<meta property=\"og:description\" content=\"Parkm\u00f6glichkeiten Direkt vor dem Haus Eine begrenzte Anzahl Parkpl\u00e4tze steht direkt vor dem Haus zu Verf\u00fcgung. In unmittelbarer Gehdistanz stehen zus\u00e4tzliche kostenlose und kostenpflichtige Parkpl\u00e4tze zur Verf\u00fcgung. Parkside Schlieren Distanz: 5 Gehminuten Anzahl Parkpl\u00e4tze: 100 Adresse: Ringstrasse 3 8952 Schlieren \u00d6ffnungszeiten: Montag &#8211; Sonntag: 06:00 &#8211; 22:00 Uhr Google Maps Webseite Parking Lilie Shoppingpoint Distanz: [&hellip;]\" \/>\n<meta property=\"og:url\" content=\"https:\/\/ibc-zh.ch\/ba\/kontakt\/parkieren\/\" \/>\n<meta property=\"og:site_name\" content=\"Dzemat der islamischen Gemeinschaft Bosniens Z\u00fcrich\" \/>\n<meta property=\"article:publisher\" content=\"https:\/\/www.facebook.com\/dzematcirih\" \/>\n<meta property=\"article:modified_time\" content=\"2025-03-25T10:16:28+00:00\" \/>\n<meta property=\"og:image\" content=\"https:\/\/ibc-zh.ch\/wp-content\/uploads\/2025\/03\/ibc-parking.png\" \/>\n<meta name=\"twitter:card\" content=\"summary_large_image\" \/>\n<meta name=\"twitter:label1\" content=\"Est. reading time\" \/>\n\t<meta name=\"twitter:data1\" content=\"1 minuta\" \/>\n<script type=\"application\/ld+json\" class=\"yoast-schema-graph\">{\"@context\":\"https:\\\/\\\/schema.org\",\"@graph\":[{\"@type\":\"WebPage\",\"@id\":\"https:\\\/\\\/ibc-zh.ch\\\/kontakt\\\/parkieren\\\/\",\"url\":\"https:\\\/\\\/ibc-zh.ch\\\/kontakt\\\/parkieren\\\/\",\"name\":\"Parkieren - Dzemat der islamischen Gemeinschaft Bosniens Z\u00fcrich\",\"isPartOf\":{\"@id\":\"https:\\\/\\\/ibc-zh.ch\\\/#website\"},\"primaryImageOfPage\":{\"@id\":\"https:\\\/\\\/ibc-zh.ch\\\/kontakt\\\/parkieren\\\/#primaryimage\"},\"image\":{\"@id\":\"https:\\\/\\\/ibc-zh.ch\\\/kontakt\\\/parkieren\\\/#primaryimage\"},\"thumbnailUrl\":\"https:\\\/\\\/ibc-zh.ch\\\/wp-content\\\/uploads\\\/2025\\\/03\\\/ibc-parking.png\",\"datePublished\":\"2025-03-25T10:10:26+00:00\",\"dateModified\":\"2025-03-25T10:16:28+00:00\",\"breadcrumb\":{\"@id\":\"https:\\\/\\\/ibc-zh.ch\\\/kontakt\\\/parkieren\\\/#breadcrumb\"},\"inLanguage\":\"bs-BA\",\"potentialAction\":[{\"@type\":\"ReadAction\",\"target\":[\"https:\\\/\\\/ibc-zh.ch\\\/kontakt\\\/parkieren\\\/\"]}]},{\"@type\":\"ImageObject\",\"inLanguage\":\"bs-BA\",\"@id\":\"https:\\\/\\\/ibc-zh.ch\\\/kontakt\\\/parkieren\\\/#primaryimage\",\"url\":\"https:\\\/\\\/ibc-zh.ch\\\/wp-content\\\/uploads\\\/2025\\\/03\\\/ibc-parking.png\",\"contentUrl\":\"https:\\\/\\\/ibc-zh.ch\\\/wp-content\\\/uploads\\\/2025\\\/03\\\/ibc-parking.png\"},{\"@type\":\"BreadcrumbList\",\"@id\":\"https:\\\/\\\/ibc-zh.ch\\\/kontakt\\\/parkieren\\\/#breadcrumb\",\"itemListElement\":[{\"@type\":\"ListItem\",\"position\":1,\"name\":\"Startseite\",\"item\":\"https:\\\/\\\/ibc-zh.ch\\\/\"},{\"@type\":\"ListItem\",\"position\":2,\"name\":\"Kontakt\",\"item\":\"https:\\\/\\\/ibc-zh.ch\\\/kontakt\\\/\"},{\"@type\":\"ListItem\",\"position\":3,\"name\":\"Parkieren\"}]},{\"@type\":\"WebSite\",\"@id\":\"https:\\\/\\\/ibc-zh.ch\\\/#website\",\"url\":\"https:\\\/\\\/ibc-zh.ch\\\/\",\"name\":\"Dzemat der islamischen Gemeinschaft Bosniens Z\u00fcrich\",\"description\":\"Islamska zajednica Bo\u0161njaka u \u0160vicarskoj Dzemat ZH\",\"publisher\":{\"@id\":\"https:\\\/\\\/ibc-zh.ch\\\/#organization\"},\"potentialAction\":[{\"@type\":\"SearchAction\",\"target\":{\"@type\":\"EntryPoint\",\"urlTemplate\":\"https:\\\/\\\/ibc-zh.ch\\\/?s={search_term_string}\"},\"query-input\":{\"@type\":\"PropertyValueSpecification\",\"valueRequired\":true,\"valueName\":\"search_term_string\"}}],\"inLanguage\":\"bs-BA\"},{\"@type\":\"Organization\",\"@id\":\"https:\\\/\\\/ibc-zh.ch\\\/#organization\",\"name\":\"D\u017eemat Z\u00fcrich\",\"url\":\"https:\\\/\\\/ibc-zh.ch\\\/\",\"logo\":{\"@type\":\"ImageObject\",\"inLanguage\":\"bs-BA\",\"@id\":\"https:\\\/\\\/ibc-zh.ch\\\/#\\\/schema\\\/logo\\\/image\\\/\",\"url\":\"https:\\\/\\\/ibc-zh.ch\\\/wp-content\\\/uploads\\\/2024\\\/05\\\/cropped-ibc-logo.png\",\"contentUrl\":\"https:\\\/\\\/ibc-zh.ch\\\/wp-content\\\/uploads\\\/2024\\\/05\\\/cropped-ibc-logo.png\",\"width\":300,\"height\":300,\"caption\":\"D\u017eemat Z\u00fcrich\"},\"image\":{\"@id\":\"https:\\\/\\\/ibc-zh.ch\\\/#\\\/schema\\\/logo\\\/image\\\/\"},\"sameAs\":[\"https:\\\/\\\/www.facebook.com\\\/dzematcirih\"]}]}<\/script>\n<!-- \/ Yoast SEO plugin. -->","yoast_head_json":{"title":"Parkieren - Dzemat der islamischen Gemeinschaft Bosniens Z\u00fcrich","robots":{"index":"index","follow":"follow","max-snippet":"max-snippet:-1","max-image-preview":"max-image-preview:large","max-video-preview":"max-video-preview:-1"},"canonical":"https:\/\/ibc-zh.ch\/ba\/kontakt\/parkieren\/","og_locale":"bs_BA","og_type":"article","og_title":"Parkieren - Dzemat der islamischen Gemeinschaft Bosniens Z\u00fcrich","og_description":"Parkm\u00f6glichkeiten Direkt vor dem Haus Eine begrenzte Anzahl Parkpl\u00e4tze steht direkt vor dem Haus zu Verf\u00fcgung. In unmittelbarer Gehdistanz stehen zus\u00e4tzliche kostenlose und kostenpflichtige Parkpl\u00e4tze zur Verf\u00fcgung. Parkside Schlieren Distanz: 5 Gehminuten Anzahl Parkpl\u00e4tze: 100 Adresse: Ringstrasse 3 8952 Schlieren \u00d6ffnungszeiten: Montag &#8211; Sonntag: 06:00 &#8211; 22:00 Uhr Google Maps Webseite Parking Lilie Shoppingpoint Distanz: [&hellip;]","og_url":"https:\/\/ibc-zh.ch\/ba\/kontakt\/parkieren\/","og_site_name":"Dzemat der islamischen Gemeinschaft Bosniens Z\u00fcrich","article_publisher":"https:\/\/www.facebook.com\/dzematcirih","article_modified_time":"2025-03-25T10:16:28+00:00","og_image":[{"url":"https:\/\/ibc-zh.ch\/wp-content\/uploads\/2025\/03\/ibc-parking.png","type":"","width":"","height":""}],"twitter_card":"summary_large_image","twitter_misc":{"Est. reading time":"1 minuta"},"schema":{"@context":"https:\/\/schema.org","@graph":[{"@type":"WebPage","@id":"https:\/\/ibc-zh.ch\/kontakt\/parkieren\/","url":"https:\/\/ibc-zh.ch\/kontakt\/parkieren\/","name":"Parkieren - Dzemat der islamischen Gemeinschaft Bosniens Z\u00fcrich","isPartOf":{"@id":"https:\/\/ibc-zh.ch\/#website"},"primaryImageOfPage":{"@id":"https:\/\/ibc-zh.ch\/kontakt\/parkieren\/#primaryimage"},"image":{"@id":"https:\/\/ibc-zh.ch\/kontakt\/parkieren\/#primaryimage"},"thumbnailUrl":"https:\/\/ibc-zh.ch\/wp-content\/uploads\/2025\/03\/ibc-parking.png","datePublished":"2025-03-25T10:10:26+00:00","dateModified":"2025-03-25T10:16:28+00:00","breadcrumb":{"@id":"https:\/\/ibc-zh.ch\/kontakt\/parkieren\/#breadcrumb"},"inLanguage":"bs-BA","potentialAction":[{"@type":"ReadAction","target":["https:\/\/ibc-zh.ch\/kontakt\/parkieren\/"]}]},{"@type":"ImageObject","inLanguage":"bs-BA","@id":"https:\/\/ibc-zh.ch\/kontakt\/parkieren\/#primaryimage","url":"https:\/\/ibc-zh.ch\/wp-content\/uploads\/2025\/03\/ibc-parking.png","contentUrl":"https:\/\/ibc-zh.ch\/wp-content\/uploads\/2025\/03\/ibc-parking.png"},{"@type":"BreadcrumbList","@id":"https:\/\/ibc-zh.ch\/kontakt\/parkieren\/#breadcrumb","itemListElement":[{"@type":"ListItem","position":1,"name":"Startseite","item":"https:\/\/ibc-zh.ch\/"},{"@type":"ListItem","position":2,"name":"Kontakt","item":"https:\/\/ibc-zh.ch\/kontakt\/"},{"@type":"ListItem","position":3,"name":"Parkieren"}]},{"@type":"WebSite","@id":"https:\/\/ibc-zh.ch\/#website","url":"https:\/\/ibc-zh.ch\/","name":"Dzemat der islamischen Gemeinschaft Bosniens Z\u00fcrich","description":"Islamska zajednica Bo\u0161njaka u \u0160vicarskoj Dzemat ZH","publisher":{"@id":"https:\/\/ibc-zh.ch\/#organization"},"potentialAction":[{"@type":"SearchAction","target":{"@type":"EntryPoint","urlTemplate":"https:\/\/ibc-zh.ch\/?s={search_term_string}"},"query-input":{"@type":"PropertyValueSpecification","valueRequired":true,"valueName":"search_term_string"}}],"inLanguage":"bs-BA"},{"@type":"Organization","@id":"https:\/\/ibc-zh.ch\/#organization","name":"D\u017eemat Z\u00fcrich","url":"https:\/\/ibc-zh.ch\/","logo":{"@type":"ImageObject","inLanguage":"bs-BA","@id":"https:\/\/ibc-zh.ch\/#\/schema\/logo\/image\/","url":"https:\/\/ibc-zh.ch\/wp-content\/uploads\/2024\/05\/cropped-ibc-logo.png","contentUrl":"https:\/\/ibc-zh.ch\/wp-content\/uploads\/2024\/05\/cropped-ibc-logo.png","width":300,"height":300,"caption":"D\u017eemat Z\u00fcrich"},"image":{"@id":"https:\/\/ibc-zh.ch\/#\/schema\/logo\/image\/"},"sameAs":["https:\/\/www.facebook.com\/dzematcirih"]}]}},"_links":{"self":[{"href":"https:\/\/ibc-zh.ch\/ba\/wp-json\/wp\/v2\/pages\/2066","targetHints":{"allow":["GET"]}}],"collection":[{"href":"https:\/\/ibc-zh.ch\/ba\/wp-json\/wp\/v2\/pages"}],"about":[{"href":"https:\/\/ibc-zh.ch\/ba\/wp-json\/wp\/v2\/types\/page"}],"author":[{"embeddable":true,"href":"https:\/\/ibc-zh.ch\/ba\/wp-json\/wp\/v2\/users\/1"}],"replies":[{"embeddable":true,"href":"https:\/\/ibc-zh.ch\/ba\/wp-json\/wp\/v2\/comments?post=2066"}],"version-history":[{"count":4,"href":"https:\/\/ibc-zh.ch\/ba\/wp-json\/wp\/v2\/pages\/2066\/revisions"}],"predecessor-version":[{"id":2077,"href":"https:\/\/ibc-zh.ch\/ba\/wp-json\/wp\/v2\/pages\/2066\/revisions\/2077"}],"up":[{"embeddable":true,"href":"https:\/\/ibc-zh.ch\/ba\/wp-json\/wp\/v2\/pages\/414"}],"wp:attachment":[{"href":"https:\/\/ibc-zh.ch\/ba\/wp-json\/wp\/v2\/media?parent=2066"}],"curies":[{"name":"wp","href":"https:\/\/api.w.org\/{rel}","templated":true}]}}