{"id":1820,"date":"2024-05-11T21:57:05","date_gmt":"2024-05-11T21:57:05","guid":{"rendered":"https:\/\/ibc-zh.ch\/wp\/?page_id=1820"},"modified":"2026-03-18T14:43:32","modified_gmt":"2026-03-18T14:43:32","slug":"eid-al-fitr","status":"publish","type":"page","link":"https:\/\/ibc-zh.ch\/ba\/eid-al-fitr\/","title":{"rendered":"Ramazanski Bajram"},"content":{"rendered":"<h1>\n\t\t\t\t\tEid al Fitr \/ Ramazanski Bajram\n\t\t\t\t<\/h1>\n\t<h2>Ramazanski Bajram 2026 \/ 1447 h.g.<\/h2>\n<p>Ramazanski Bajram po\u010dinje 20. marta 2026. godine i traje tri dana. Bajram-namaz \u0107e se klanjati prvog dana, odnosno petak, 20. marta 2026.<\/p>\n<p>&nbsp;<\/p>\n<h2>\u0160ta je Ramazanski Bajram?<\/h2>\n<p>Kurban Bajram se na njema\u010dki prevodi kao \"Opferfest\", a na arapski kao \"Eid al Adha\". <i>Fest des Fastenbrechens <\/i>und auf bosnisch mit\u00a0<em>Ramazanski Bajram<\/em> \u00fcbersetzt. Es wird liebevoll auch &#8222;Zuckerfest&#8220; genannt, da die traditionellen Desserts wie Baklava h\u00e4ufig mit Zucker-Sirup \u00fcbergossen werden.<\/p>\n<p>Ramazanski Bajram je praznik radosti koji obilje\u017eava kraj Ramazana. Muslimani ne slave samo kraj posta, ve\u0107 i zahvaljuju se Allahu na pomo\u0107i i snazi koju su dobili tokom Ramazana.<\/p>\n<p>&nbsp;<\/p>\n<h2>Neophodni rituali za muslimane<\/h2>\nJeder Haushalt muss pro Person die &#8222;Zakat ul Fitr&#8220; zu Deutsch &#8222;Spende des Fastenbrechens&#8220; entrichten. Pro Person entspricht sie einer Mahlzeit, d.h. ca. 15-25 CHF. Dieses Geld wird an Bed\u00fcrftige gespendet, damit auch sie ein sch\u00f6nes Fest geniessen k\u00f6nnen.<br \/>\nZakat ul Fitr muss zwingend,  sp\u00e4testens vor dem Ende des Ramadans (d.h. vor dem Eid Fest) verrichtet werden.\n<p>U na\u0161oj d\u017eamiji postoji mogu\u0107nost da se uplate Vitre.<\/p>\n<p>&nbsp;<\/p>\n<h2>Bajram-namaz u d\u017eamiji<\/h2>\n<p>Tradicionalni bajram-namaz \u0107e se odr\u017eati na sljede\u0107i na\u010din:<\/p>\n<ul>\n<li>Petak, 20. mart 2026<\/li>\n<li>05:53 sati Sabah Namaz (Fajr)<\/li>\n<li>Hutba<\/li>\n<li>07:08 sati Bajram Namaz<\/li>\n<\/ul>","protected":false},"excerpt":{"rendered":"<p>Eid al Fitr \/ Ramazanski Bajram Eid al Fitr 2026 \/ 1447 n.H. Eid al Fitr beginnt am Freitag 20. M\u00e4rz 2026 und dauert drei Tage. Das Eid-Gebet findet am ersten Tag, d.h. Freitag 20. M\u00e4rz 2026 statt. &nbsp; Was ist Eid al Fitr? Eid al Adha wird zu Deutsch mit Fest des Fastenbrechens und [&hellip;]<\/p>\n","protected":false},"author":1,"featured_media":0,"parent":0,"menu_order":0,"comment_status":"closed","ping_status":"closed","template":"","meta":{"site-sidebar-layout":"no-sidebar","site-content-layout":"page-builder","ast-site-content-layout":"full-width-container","site-content-style":"unboxed","site-sidebar-style":"unboxed","ast-global-header-display":"","ast-banner-title-visibility":"","ast-main-header-display":"","ast-hfb-above-header-display":"","ast-hfb-below-header-display":"","ast-hfb-mobile-header-display":"","site-post-title":"disabled","ast-breadcrumbs-content":"","ast-featured-img":"disabled","footer-sml-layout":"","theme-transparent-header-meta":"","adv-header-id-meta":"","stick-header-meta":"","header-above-stick-meta":"","header-main-stick-meta":"","header-below-stick-meta":"","astra-migrate-meta-layouts":"set","ast-page-background-enabled":"default","ast-page-background-meta":{"desktop":{"background-color":"","background-image":"","background-repeat":"repeat","background-position":"center center","background-size":"auto","background-attachment":"scroll","background-type":"","background-media":"","overlay-type":"","overlay-color":"","overlay-opacity":"","overlay-gradient":""},"tablet":{"background-color":"","background-image":"","background-repeat":"repeat","background-position":"center center","background-size":"auto","background-attachment":"scroll","background-type":"","background-media":"","overlay-type":"","overlay-color":"","overlay-opacity":"","overlay-gradient":""},"mobile":{"background-color":"","background-image":"","background-repeat":"repeat","background-position":"center center","background-size":"auto","background-attachment":"scroll","background-type":"","background-media":"","overlay-type":"","overlay-color":"","overlay-opacity":"","overlay-gradient":""}},"ast-content-background-meta":{"desktop":{"background-color":"var(--ast-global-color-5)","background-image":"","background-repeat":"repeat","background-position":"center center","background-size":"auto","background-attachment":"scroll","background-type":"","background-media":"","overlay-type":"","overlay-color":"","overlay-opacity":"","overlay-gradient":""},"tablet":{"background-color":"var(--ast-global-color-5)","background-image":"","background-repeat":"repeat","background-position":"center center","background-size":"auto","background-attachment":"scroll","background-type":"","background-media":"","overlay-type":"","overlay-color":"","overlay-opacity":"","overlay-gradient":""},"mobile":{"background-color":"var(--ast-global-color-5)","background-image":"","background-repeat":"repeat","background-position":"center center","background-size":"auto","background-attachment":"scroll","background-type":"","background-media":"","overlay-type":"","overlay-color":"","overlay-opacity":"","overlay-gradient":""}},"footnotes":""},"class_list":["post-1820","page","type-page","status-publish","hentry"],"yoast_head":"<!-- This site is optimized with the Yoast SEO plugin v27.3 - https:\/\/yoast.com\/product\/yoast-seo-wordpress\/ -->\n<title>Eid Al Fitr (Fest des Fastenbrechens) - Dzemat der islamischen Gemeinschaft Bosniens Z\u00fcrich<\/title>\n<meta name=\"robots\" content=\"index, follow, max-snippet:-1, max-image-preview:large, max-video-preview:-1\" \/>\n<link rel=\"canonical\" href=\"https:\/\/ibc-zh.ch\/ba\/eid-al-fitr\/\" \/>\n<meta property=\"og:locale\" content=\"bs_BA\" \/>\n<meta property=\"og:type\" content=\"article\" \/>\n<meta property=\"og:title\" content=\"Eid Al Fitr (Fest des Fastenbrechens) - Dzemat der islamischen Gemeinschaft Bosniens Z\u00fcrich\" \/>\n<meta property=\"og:description\" content=\"Eid al Fitr \/ Ramazanski Bajram Eid al Fitr 2026 \/ 1447 n.H. Eid al Fitr beginnt am Freitag 20. M\u00e4rz 2026 und dauert drei Tage. Das Eid-Gebet findet am ersten Tag, d.h. Freitag 20. M\u00e4rz 2026 statt. &nbsp; Was ist Eid al Fitr? Eid al Adha wird zu Deutsch mit Fest des Fastenbrechens und [&hellip;]\" \/>\n<meta property=\"og:url\" content=\"https:\/\/ibc-zh.ch\/ba\/eid-al-fitr\/\" \/>\n<meta property=\"og:site_name\" content=\"Dzemat der islamischen Gemeinschaft Bosniens Z\u00fcrich\" \/>\n<meta property=\"article:publisher\" content=\"https:\/\/www.facebook.com\/dzematcirih\" \/>\n<meta property=\"article:modified_time\" content=\"2026-03-18T14:43:32+00:00\" \/>\n<meta name=\"twitter:card\" content=\"summary_large_image\" \/>\n<meta name=\"twitter:label1\" content=\"Est. reading time\" \/>\n\t<meta name=\"twitter:data1\" content=\"2 minute\" \/>\n<script type=\"application\/ld+json\" class=\"yoast-schema-graph\">{\"@context\":\"https:\\\/\\\/schema.org\",\"@graph\":[{\"@type\":\"WebPage\",\"@id\":\"https:\\\/\\\/ibc-zh.ch\\\/eid-al-fitr\\\/\",\"url\":\"https:\\\/\\\/ibc-zh.ch\\\/eid-al-fitr\\\/\",\"name\":\"Eid Al Fitr (Fest des Fastenbrechens) - Dzemat der islamischen Gemeinschaft Bosniens Z\u00fcrich\",\"isPartOf\":{\"@id\":\"https:\\\/\\\/ibc-zh.ch\\\/#website\"},\"datePublished\":\"2024-05-11T21:57:05+00:00\",\"dateModified\":\"2026-03-18T14:43:32+00:00\",\"breadcrumb\":{\"@id\":\"https:\\\/\\\/ibc-zh.ch\\\/eid-al-fitr\\\/#breadcrumb\"},\"inLanguage\":\"bs-BA\",\"potentialAction\":[{\"@type\":\"ReadAction\",\"target\":[\"https:\\\/\\\/ibc-zh.ch\\\/eid-al-fitr\\\/\"]}]},{\"@type\":\"BreadcrumbList\",\"@id\":\"https:\\\/\\\/ibc-zh.ch\\\/eid-al-fitr\\\/#breadcrumb\",\"itemListElement\":[{\"@type\":\"ListItem\",\"position\":1,\"name\":\"Startseite\",\"item\":\"https:\\\/\\\/ibc-zh.ch\\\/\"},{\"@type\":\"ListItem\",\"position\":2,\"name\":\"Eid Al Fitr (Fest des Fastenbrechens)\"}]},{\"@type\":\"WebSite\",\"@id\":\"https:\\\/\\\/ibc-zh.ch\\\/#website\",\"url\":\"https:\\\/\\\/ibc-zh.ch\\\/\",\"name\":\"Dzemat der islamischen Gemeinschaft Bosniens Z\u00fcrich\",\"description\":\"Islamska zajednica Bo\u0161njaka u \u0160vicarskoj Dzemat ZH\",\"publisher\":{\"@id\":\"https:\\\/\\\/ibc-zh.ch\\\/#organization\"},\"potentialAction\":[{\"@type\":\"SearchAction\",\"target\":{\"@type\":\"EntryPoint\",\"urlTemplate\":\"https:\\\/\\\/ibc-zh.ch\\\/?s={search_term_string}\"},\"query-input\":{\"@type\":\"PropertyValueSpecification\",\"valueRequired\":true,\"valueName\":\"search_term_string\"}}],\"inLanguage\":\"bs-BA\"},{\"@type\":\"Organization\",\"@id\":\"https:\\\/\\\/ibc-zh.ch\\\/#organization\",\"name\":\"D\u017eemat Z\u00fcrich\",\"url\":\"https:\\\/\\\/ibc-zh.ch\\\/\",\"logo\":{\"@type\":\"ImageObject\",\"inLanguage\":\"bs-BA\",\"@id\":\"https:\\\/\\\/ibc-zh.ch\\\/#\\\/schema\\\/logo\\\/image\\\/\",\"url\":\"https:\\\/\\\/ibc-zh.ch\\\/wp-content\\\/uploads\\\/2024\\\/05\\\/cropped-ibc-logo.png\",\"contentUrl\":\"https:\\\/\\\/ibc-zh.ch\\\/wp-content\\\/uploads\\\/2024\\\/05\\\/cropped-ibc-logo.png\",\"width\":300,\"height\":300,\"caption\":\"D\u017eemat Z\u00fcrich\"},\"image\":{\"@id\":\"https:\\\/\\\/ibc-zh.ch\\\/#\\\/schema\\\/logo\\\/image\\\/\"},\"sameAs\":[\"https:\\\/\\\/www.facebook.com\\\/dzematcirih\"]}]}<\/script>\n<!-- \/ Yoast SEO plugin. -->","yoast_head_json":{"title":"Eid Al Fitr (Fest des Fastenbrechens) - Dzemat der islamischen Gemeinschaft Bosniens Z\u00fcrich","robots":{"index":"index","follow":"follow","max-snippet":"max-snippet:-1","max-image-preview":"max-image-preview:large","max-video-preview":"max-video-preview:-1"},"canonical":"https:\/\/ibc-zh.ch\/ba\/eid-al-fitr\/","og_locale":"bs_BA","og_type":"article","og_title":"Eid Al Fitr (Fest des Fastenbrechens) - Dzemat der islamischen Gemeinschaft Bosniens Z\u00fcrich","og_description":"Eid al Fitr \/ Ramazanski Bajram Eid al Fitr 2026 \/ 1447 n.H. Eid al Fitr beginnt am Freitag 20. M\u00e4rz 2026 und dauert drei Tage. Das Eid-Gebet findet am ersten Tag, d.h. Freitag 20. M\u00e4rz 2026 statt. &nbsp; Was ist Eid al Fitr? Eid al Adha wird zu Deutsch mit Fest des Fastenbrechens und [&hellip;]","og_url":"https:\/\/ibc-zh.ch\/ba\/eid-al-fitr\/","og_site_name":"Dzemat der islamischen Gemeinschaft Bosniens Z\u00fcrich","article_publisher":"https:\/\/www.facebook.com\/dzematcirih","article_modified_time":"2026-03-18T14:43:32+00:00","twitter_card":"summary_large_image","twitter_misc":{"Est. reading time":"2 minute"},"schema":{"@context":"https:\/\/schema.org","@graph":[{"@type":"WebPage","@id":"https:\/\/ibc-zh.ch\/eid-al-fitr\/","url":"https:\/\/ibc-zh.ch\/eid-al-fitr\/","name":"Eid Al Fitr (Fest des Fastenbrechens) - Dzemat der islamischen Gemeinschaft Bosniens Z\u00fcrich","isPartOf":{"@id":"https:\/\/ibc-zh.ch\/#website"},"datePublished":"2024-05-11T21:57:05+00:00","dateModified":"2026-03-18T14:43:32+00:00","breadcrumb":{"@id":"https:\/\/ibc-zh.ch\/eid-al-fitr\/#breadcrumb"},"inLanguage":"bs-BA","potentialAction":[{"@type":"ReadAction","target":["https:\/\/ibc-zh.ch\/eid-al-fitr\/"]}]},{"@type":"BreadcrumbList","@id":"https:\/\/ibc-zh.ch\/eid-al-fitr\/#breadcrumb","itemListElement":[{"@type":"ListItem","position":1,"name":"Startseite","item":"https:\/\/ibc-zh.ch\/"},{"@type":"ListItem","position":2,"name":"Eid Al Fitr (Fest des Fastenbrechens)"}]},{"@type":"WebSite","@id":"https:\/\/ibc-zh.ch\/#website","url":"https:\/\/ibc-zh.ch\/","name":"Dzemat der islamischen Gemeinschaft Bosniens Z\u00fcrich","description":"Islamska zajednica Bo\u0161njaka u \u0160vicarskoj Dzemat ZH","publisher":{"@id":"https:\/\/ibc-zh.ch\/#organization"},"potentialAction":[{"@type":"SearchAction","target":{"@type":"EntryPoint","urlTemplate":"https:\/\/ibc-zh.ch\/?s={search_term_string}"},"query-input":{"@type":"PropertyValueSpecification","valueRequired":true,"valueName":"search_term_string"}}],"inLanguage":"bs-BA"},{"@type":"Organization","@id":"https:\/\/ibc-zh.ch\/#organization","name":"D\u017eemat Z\u00fcrich","url":"https:\/\/ibc-zh.ch\/","logo":{"@type":"ImageObject","inLanguage":"bs-BA","@id":"https:\/\/ibc-zh.ch\/#\/schema\/logo\/image\/","url":"https:\/\/ibc-zh.ch\/wp-content\/uploads\/2024\/05\/cropped-ibc-logo.png","contentUrl":"https:\/\/ibc-zh.ch\/wp-content\/uploads\/2024\/05\/cropped-ibc-logo.png","width":300,"height":300,"caption":"D\u017eemat Z\u00fcrich"},"image":{"@id":"https:\/\/ibc-zh.ch\/#\/schema\/logo\/image\/"},"sameAs":["https:\/\/www.facebook.com\/dzematcirih"]}]}},"_links":{"self":[{"href":"https:\/\/ibc-zh.ch\/ba\/wp-json\/wp\/v2\/pages\/1820","targetHints":{"allow":["GET"]}}],"collection":[{"href":"https:\/\/ibc-zh.ch\/ba\/wp-json\/wp\/v2\/pages"}],"about":[{"href":"https:\/\/ibc-zh.ch\/ba\/wp-json\/wp\/v2\/types\/page"}],"author":[{"embeddable":true,"href":"https:\/\/ibc-zh.ch\/ba\/wp-json\/wp\/v2\/users\/1"}],"replies":[{"embeddable":true,"href":"https:\/\/ibc-zh.ch\/ba\/wp-json\/wp\/v2\/comments?post=1820"}],"version-history":[{"count":11,"href":"https:\/\/ibc-zh.ch\/ba\/wp-json\/wp\/v2\/pages\/1820\/revisions"}],"predecessor-version":[{"id":2377,"href":"https:\/\/ibc-zh.ch\/ba\/wp-json\/wp\/v2\/pages\/1820\/revisions\/2377"}],"wp:attachment":[{"href":"https:\/\/ibc-zh.ch\/ba\/wp-json\/wp\/v2\/media?parent=1820"}],"curies":[{"name":"wp","href":"https:\/\/api.w.org\/{rel}","templated":true}]}}