{"id":1808,"date":"2024-05-11T21:52:35","date_gmt":"2024-05-11T21:52:35","guid":{"rendered":"https:\/\/ibc-zh.ch\/wp\/?page_id=1808"},"modified":"2024-12-08T10:04:44","modified_gmt":"2024-12-08T10:04:44","slug":"janaza","status":"publish","type":"page","link":"https:\/\/ibc-zh.ch\/ba\/janaza\/","title":{"rendered":"Sahrana (D\u017eenaza)"},"content":{"rendered":"<h1>\n\t\t\t\t\tD\u017eenaze\n\t\t\t\t<\/h1>\n\t<p>Gubitak voljene osobe je zaista te\u0161ko prebroditi. Kur'an nam pru\u017ea utjehu ovim rije\u010dima:<\/p>\n<blockquote><p>Inna lillahi wa inna ilayhi raji&#8217;un.<\/p>\n<p>\u0625\u0650\u0646\u064e\u0651\u0627 \u0650\u0644\u0650\u0644\u064e\u0651\u0670\u0647\u0650 \u0648\u064e\u0625\u0650\u0646\u064e\u0651\u0627 \u0625\u0650\u0644\u064e\u064a\u0652\u0647\u0650 \u0631\u064e\u0627\u062c\u0650\u0639\u064f\u0648\u0646\u064e<\/p>\n<p>&#8222;Wir geh\u00f6ren Allah und zu ihm kehren wir zur\u00fcck.&#8220;<\/p>\n<p>Koran, Kapitel 2, Vers 156<\/p><\/blockquote>\n<p>Kao zajednica trudimo se, pored duhovne podr\u0161ke, pru\u017eiti i prakti\u010dnu pomo\u0107 u organizaciji sahrane.<\/p>\n<h2>Sahrana (d\u017eenaza) u \u0160vicarskoj<\/h2>\n<p>Sahrana na islamskom groblju ovisi o mjestu prebivali\u0161ta.<\/p>\n<h2>Povratak u domovinu<\/h2>\n<p>Mnogi na\u0161i \u010dlanovi odlu\u010duju se za sahranu u svojim domovinama, jer mogu\u0107nosti za islamsku sahranu u \u0160vicarskoj nisu uvijek dostupne.<\/p>\n<h2>Zakazivanje termina<\/h2>\n<p>Za dodatne informacije ili zakazivanje termina kontaktirajte na\u0161eg imama putem kontakt formulara.<\/p>","protected":false},"excerpt":{"rendered":"<p>Beisetzungen (Janaza) Der Tod eines Nahestehenden ist immer schwer zu verkraften. Doch folgender Vers, soll uns Trost spenden: Inna lillahi wa inna ilayhi raji&#8217;un. \u0625\u0650\u0646\u064e\u0651\u0627 \u0650\u0644\u0650\u0644\u064e\u0651\u0670\u0647\u0650 \u0648\u064e\u0625\u0650\u0646\u064e\u0651\u0627 \u0625\u0650\u0644\u064e\u064a\u0652\u0647\u0650 \u0631\u064e\u0627\u062c\u0650\u0639\u064f\u0648\u0646\u064e &#8222;Wir geh\u00f6ren Allah und zu ihm kehren wir zur\u00fcck.&#8220; Koran, Kapitel 2, Vers 156 Als Gemeinschaft versuchen wir nebst dem seelischen Beistand, auch praktische Hilfe zu [&hellip;]<\/p>\n","protected":false},"author":1,"featured_media":0,"parent":0,"menu_order":0,"comment_status":"closed","ping_status":"closed","template":"","meta":{"site-sidebar-layout":"no-sidebar","site-content-layout":"page-builder","ast-site-content-layout":"full-width-container","site-content-style":"unboxed","site-sidebar-style":"unboxed","ast-global-header-display":"","ast-banner-title-visibility":"","ast-main-header-display":"","ast-hfb-above-header-display":"","ast-hfb-below-header-display":"","ast-hfb-mobile-header-display":"","site-post-title":"disabled","ast-breadcrumbs-content":"","ast-featured-img":"disabled","footer-sml-layout":"","theme-transparent-header-meta":"","adv-header-id-meta":"","stick-header-meta":"","header-above-stick-meta":"","header-main-stick-meta":"","header-below-stick-meta":"","astra-migrate-meta-layouts":"set","ast-page-background-enabled":"default","ast-page-background-meta":{"desktop":{"background-color":"","background-image":"","background-repeat":"repeat","background-position":"center center","background-size":"auto","background-attachment":"scroll","background-type":"","background-media":"","overlay-type":"","overlay-color":"","overlay-opacity":"","overlay-gradient":""},"tablet":{"background-color":"","background-image":"","background-repeat":"repeat","background-position":"center center","background-size":"auto","background-attachment":"scroll","background-type":"","background-media":"","overlay-type":"","overlay-color":"","overlay-opacity":"","overlay-gradient":""},"mobile":{"background-color":"","background-image":"","background-repeat":"repeat","background-position":"center center","background-size":"auto","background-attachment":"scroll","background-type":"","background-media":"","overlay-type":"","overlay-color":"","overlay-opacity":"","overlay-gradient":""}},"ast-content-background-meta":{"desktop":{"background-color":"var(--ast-global-color-5)","background-image":"","background-repeat":"repeat","background-position":"center center","background-size":"auto","background-attachment":"scroll","background-type":"","background-media":"","overlay-type":"","overlay-color":"","overlay-opacity":"","overlay-gradient":""},"tablet":{"background-color":"var(--ast-global-color-5)","background-image":"","background-repeat":"repeat","background-position":"center center","background-size":"auto","background-attachment":"scroll","background-type":"","background-media":"","overlay-type":"","overlay-color":"","overlay-opacity":"","overlay-gradient":""},"mobile":{"background-color":"var(--ast-global-color-5)","background-image":"","background-repeat":"repeat","background-position":"center center","background-size":"auto","background-attachment":"scroll","background-type":"","background-media":"","overlay-type":"","overlay-color":"","overlay-opacity":"","overlay-gradient":""}},"footnotes":""},"class_list":["post-1808","page","type-page","status-publish","hentry"],"yoast_head":"<!-- This site is optimized with the Yoast SEO plugin v27.3 - https:\/\/yoast.com\/product\/yoast-seo-wordpress\/ -->\n<title>Beisetzung (Janaza) - Dzemat der islamischen Gemeinschaft Bosniens Z\u00fcrich<\/title>\n<meta name=\"robots\" content=\"index, follow, max-snippet:-1, max-image-preview:large, max-video-preview:-1\" \/>\n<link rel=\"canonical\" href=\"https:\/\/ibc-zh.ch\/ba\/janaza\/\" \/>\n<meta property=\"og:locale\" content=\"bs_BA\" \/>\n<meta property=\"og:type\" content=\"article\" \/>\n<meta property=\"og:title\" content=\"Beisetzung (Janaza) - Dzemat der islamischen Gemeinschaft Bosniens Z\u00fcrich\" \/>\n<meta property=\"og:description\" content=\"Beisetzungen (Janaza) Der Tod eines Nahestehenden ist immer schwer zu verkraften. Doch folgender Vers, soll uns Trost spenden: Inna lillahi wa inna ilayhi raji&#8217;un. \u0625\u0650\u0646\u064e\u0651\u0627 \u0650\u0644\u0650\u0644\u064e\u0651\u0670\u0647\u0650 \u0648\u064e\u0625\u0650\u0646\u064e\u0651\u0627 \u0625\u0650\u0644\u064e\u064a\u0652\u0647\u0650 \u0631\u064e\u0627\u062c\u0650\u0639\u064f\u0648\u0646\u064e &#8222;Wir geh\u00f6ren Allah und zu ihm kehren wir zur\u00fcck.&#8220; Koran, Kapitel 2, Vers 156 Als Gemeinschaft versuchen wir nebst dem seelischen Beistand, auch praktische Hilfe zu [&hellip;]\" \/>\n<meta property=\"og:url\" content=\"https:\/\/ibc-zh.ch\/ba\/janaza\/\" \/>\n<meta property=\"og:site_name\" content=\"Dzemat der islamischen Gemeinschaft Bosniens Z\u00fcrich\" \/>\n<meta property=\"article:publisher\" content=\"https:\/\/www.facebook.com\/dzematcirih\" \/>\n<meta property=\"article:modified_time\" content=\"2024-12-08T10:04:44+00:00\" \/>\n<meta name=\"twitter:card\" content=\"summary_large_image\" \/>\n<meta name=\"twitter:label1\" content=\"Est. reading time\" \/>\n\t<meta name=\"twitter:data1\" content=\"1 minuta\" \/>\n<script type=\"application\/ld+json\" class=\"yoast-schema-graph\">{\"@context\":\"https:\\\/\\\/schema.org\",\"@graph\":[{\"@type\":\"WebPage\",\"@id\":\"https:\\\/\\\/ibc-zh.ch\\\/janaza\\\/\",\"url\":\"https:\\\/\\\/ibc-zh.ch\\\/janaza\\\/\",\"name\":\"Beisetzung (Janaza) - Dzemat der islamischen Gemeinschaft Bosniens Z\u00fcrich\",\"isPartOf\":{\"@id\":\"https:\\\/\\\/ibc-zh.ch\\\/#website\"},\"datePublished\":\"2024-05-11T21:52:35+00:00\",\"dateModified\":\"2024-12-08T10:04:44+00:00\",\"breadcrumb\":{\"@id\":\"https:\\\/\\\/ibc-zh.ch\\\/janaza\\\/#breadcrumb\"},\"inLanguage\":\"bs-BA\",\"potentialAction\":[{\"@type\":\"ReadAction\",\"target\":[\"https:\\\/\\\/ibc-zh.ch\\\/janaza\\\/\"]}]},{\"@type\":\"BreadcrumbList\",\"@id\":\"https:\\\/\\\/ibc-zh.ch\\\/janaza\\\/#breadcrumb\",\"itemListElement\":[{\"@type\":\"ListItem\",\"position\":1,\"name\":\"Startseite\",\"item\":\"https:\\\/\\\/ibc-zh.ch\\\/\"},{\"@type\":\"ListItem\",\"position\":2,\"name\":\"Beisetzung (Janaza)\"}]},{\"@type\":\"WebSite\",\"@id\":\"https:\\\/\\\/ibc-zh.ch\\\/#website\",\"url\":\"https:\\\/\\\/ibc-zh.ch\\\/\",\"name\":\"Dzemat der islamischen Gemeinschaft Bosniens Z\u00fcrich\",\"description\":\"Islamska zajednica Bo\u0161njaka u \u0160vicarskoj Dzemat ZH\",\"publisher\":{\"@id\":\"https:\\\/\\\/ibc-zh.ch\\\/#organization\"},\"potentialAction\":[{\"@type\":\"SearchAction\",\"target\":{\"@type\":\"EntryPoint\",\"urlTemplate\":\"https:\\\/\\\/ibc-zh.ch\\\/?s={search_term_string}\"},\"query-input\":{\"@type\":\"PropertyValueSpecification\",\"valueRequired\":true,\"valueName\":\"search_term_string\"}}],\"inLanguage\":\"bs-BA\"},{\"@type\":\"Organization\",\"@id\":\"https:\\\/\\\/ibc-zh.ch\\\/#organization\",\"name\":\"D\u017eemat Z\u00fcrich\",\"url\":\"https:\\\/\\\/ibc-zh.ch\\\/\",\"logo\":{\"@type\":\"ImageObject\",\"inLanguage\":\"bs-BA\",\"@id\":\"https:\\\/\\\/ibc-zh.ch\\\/#\\\/schema\\\/logo\\\/image\\\/\",\"url\":\"https:\\\/\\\/ibc-zh.ch\\\/wp-content\\\/uploads\\\/2024\\\/05\\\/cropped-ibc-logo.png\",\"contentUrl\":\"https:\\\/\\\/ibc-zh.ch\\\/wp-content\\\/uploads\\\/2024\\\/05\\\/cropped-ibc-logo.png\",\"width\":300,\"height\":300,\"caption\":\"D\u017eemat Z\u00fcrich\"},\"image\":{\"@id\":\"https:\\\/\\\/ibc-zh.ch\\\/#\\\/schema\\\/logo\\\/image\\\/\"},\"sameAs\":[\"https:\\\/\\\/www.facebook.com\\\/dzematcirih\"]}]}<\/script>\n<!-- \/ Yoast SEO plugin. -->","yoast_head_json":{"title":"Beisetzung (Janaza) - Dzemat der islamischen Gemeinschaft Bosniens Z\u00fcrich","robots":{"index":"index","follow":"follow","max-snippet":"max-snippet:-1","max-image-preview":"max-image-preview:large","max-video-preview":"max-video-preview:-1"},"canonical":"https:\/\/ibc-zh.ch\/ba\/janaza\/","og_locale":"bs_BA","og_type":"article","og_title":"Beisetzung (Janaza) - Dzemat der islamischen Gemeinschaft Bosniens Z\u00fcrich","og_description":"Beisetzungen (Janaza) Der Tod eines Nahestehenden ist immer schwer zu verkraften. Doch folgender Vers, soll uns Trost spenden: Inna lillahi wa inna ilayhi raji&#8217;un. \u0625\u0650\u0646\u064e\u0651\u0627 \u0650\u0644\u0650\u0644\u064e\u0651\u0670\u0647\u0650 \u0648\u064e\u0625\u0650\u0646\u064e\u0651\u0627 \u0625\u0650\u0644\u064e\u064a\u0652\u0647\u0650 \u0631\u064e\u0627\u062c\u0650\u0639\u064f\u0648\u0646\u064e &#8222;Wir geh\u00f6ren Allah und zu ihm kehren wir zur\u00fcck.&#8220; Koran, Kapitel 2, Vers 156 Als Gemeinschaft versuchen wir nebst dem seelischen Beistand, auch praktische Hilfe zu [&hellip;]","og_url":"https:\/\/ibc-zh.ch\/ba\/janaza\/","og_site_name":"Dzemat der islamischen Gemeinschaft Bosniens Z\u00fcrich","article_publisher":"https:\/\/www.facebook.com\/dzematcirih","article_modified_time":"2024-12-08T10:04:44+00:00","twitter_card":"summary_large_image","twitter_misc":{"Est. reading time":"1 minuta"},"schema":{"@context":"https:\/\/schema.org","@graph":[{"@type":"WebPage","@id":"https:\/\/ibc-zh.ch\/janaza\/","url":"https:\/\/ibc-zh.ch\/janaza\/","name":"Beisetzung (Janaza) - Dzemat der islamischen Gemeinschaft Bosniens Z\u00fcrich","isPartOf":{"@id":"https:\/\/ibc-zh.ch\/#website"},"datePublished":"2024-05-11T21:52:35+00:00","dateModified":"2024-12-08T10:04:44+00:00","breadcrumb":{"@id":"https:\/\/ibc-zh.ch\/janaza\/#breadcrumb"},"inLanguage":"bs-BA","potentialAction":[{"@type":"ReadAction","target":["https:\/\/ibc-zh.ch\/janaza\/"]}]},{"@type":"BreadcrumbList","@id":"https:\/\/ibc-zh.ch\/janaza\/#breadcrumb","itemListElement":[{"@type":"ListItem","position":1,"name":"Startseite","item":"https:\/\/ibc-zh.ch\/"},{"@type":"ListItem","position":2,"name":"Beisetzung (Janaza)"}]},{"@type":"WebSite","@id":"https:\/\/ibc-zh.ch\/#website","url":"https:\/\/ibc-zh.ch\/","name":"Dzemat der islamischen Gemeinschaft Bosniens Z\u00fcrich","description":"Islamska zajednica Bo\u0161njaka u \u0160vicarskoj Dzemat ZH","publisher":{"@id":"https:\/\/ibc-zh.ch\/#organization"},"potentialAction":[{"@type":"SearchAction","target":{"@type":"EntryPoint","urlTemplate":"https:\/\/ibc-zh.ch\/?s={search_term_string}"},"query-input":{"@type":"PropertyValueSpecification","valueRequired":true,"valueName":"search_term_string"}}],"inLanguage":"bs-BA"},{"@type":"Organization","@id":"https:\/\/ibc-zh.ch\/#organization","name":"D\u017eemat Z\u00fcrich","url":"https:\/\/ibc-zh.ch\/","logo":{"@type":"ImageObject","inLanguage":"bs-BA","@id":"https:\/\/ibc-zh.ch\/#\/schema\/logo\/image\/","url":"https:\/\/ibc-zh.ch\/wp-content\/uploads\/2024\/05\/cropped-ibc-logo.png","contentUrl":"https:\/\/ibc-zh.ch\/wp-content\/uploads\/2024\/05\/cropped-ibc-logo.png","width":300,"height":300,"caption":"D\u017eemat Z\u00fcrich"},"image":{"@id":"https:\/\/ibc-zh.ch\/#\/schema\/logo\/image\/"},"sameAs":["https:\/\/www.facebook.com\/dzematcirih"]}]}},"_links":{"self":[{"href":"https:\/\/ibc-zh.ch\/ba\/wp-json\/wp\/v2\/pages\/1808","targetHints":{"allow":["GET"]}}],"collection":[{"href":"https:\/\/ibc-zh.ch\/ba\/wp-json\/wp\/v2\/pages"}],"about":[{"href":"https:\/\/ibc-zh.ch\/ba\/wp-json\/wp\/v2\/types\/page"}],"author":[{"embeddable":true,"href":"https:\/\/ibc-zh.ch\/ba\/wp-json\/wp\/v2\/users\/1"}],"replies":[{"embeddable":true,"href":"https:\/\/ibc-zh.ch\/ba\/wp-json\/wp\/v2\/comments?post=1808"}],"version-history":[{"count":5,"href":"https:\/\/ibc-zh.ch\/ba\/wp-json\/wp\/v2\/pages\/1808\/revisions"}],"predecessor-version":[{"id":1967,"href":"https:\/\/ibc-zh.ch\/ba\/wp-json\/wp\/v2\/pages\/1808\/revisions\/1967"}],"wp:attachment":[{"href":"https:\/\/ibc-zh.ch\/ba\/wp-json\/wp\/v2\/media?parent=1808"}],"curies":[{"name":"wp","href":"https:\/\/api.w.org\/{rel}","templated":true}]}}