{"id":1802,"date":"2024-05-11T21:49:54","date_gmt":"2024-05-11T21:49:54","guid":{"rendered":"https:\/\/ibc-zh.ch\/wp\/?page_id=1802"},"modified":"2025-01-23T21:00:48","modified_gmt":"2025-01-23T21:00:48","slug":"hochzeit","status":"publish","type":"page","link":"https:\/\/ibc-zh.ch\/ba\/hochzeit\/","title":{"rendered":"Vjen\u010danje (Nikah)"},"content":{"rendered":"<h1>\n\t\t\t\t\tVjen\u010danje (Nikah)\n\t\t\t\t<\/h1>\n\t<p>Vjen\u010danje se u islamu smatra jednim od najva\u017enijih doga\u0111aja u \u017eivotu \u017eene i mu\u0161karca.<\/p>\n<p>Na\u0161 imam obavlja sklapanje braka u na\u0161oj d\u017eamiji na bosanskom ili njema\u010dkom jeziku.<\/p>\n<h2>Uvjeti<\/h2>\n<ul>\n<li>\u0160vicarski vjen\u010dani list (obavljeno gra\u0111ansko vjen\u010danje)<\/li>\n<li>Svjedoci za obje strane<\/li>\n<\/ul>\n<h2>Hrana i pi\u0107e<\/h2>\n<p>U na\u0161em restoranu nudimo mogu\u0107nost organizacije svadbene ve\u010dere. Uz poseban meni i sve\u010danu dekoraciju, ovo \u0107e postati nezaboravan doga\u0111aj.<\/p>\n<h2>Dresscode<\/h2>\n<p>Tijekom ceremonije, odnosno u d\u017eamiji, vrijedi islamski dresscode.<\/p>\n<h2>Zakazivanje termina<\/h2>\n<p>Za dodatne informacije ili zakazivanje termina kontaktirajte na\u0161eg imama putem kontakt formulara.<\/p>","protected":false},"excerpt":{"rendered":"<p>Hochzeit (Nikah) Das Heiraten gilt im Islam als eines der wichtigsten Ereignisse im Leben einer Frau und eines Mannes. Unser Imam f\u00fchrt die Eheschliessung in unserer Moschee auf Bosnisch oder Deutsch durch. Voraussetzungen Schweizerischer Eheschein (Standesamtliche Heirat durchgef\u00fchrt) Zeugen f\u00fcr beide Seiten Essen &amp; Trinken In unserem Vereinslokal bieten wir die M\u00f6glichkeit ein Hochzeitsessen auszurichten. [&hellip;]<\/p>\n","protected":false},"author":1,"featured_media":0,"parent":0,"menu_order":0,"comment_status":"closed","ping_status":"closed","template":"","meta":{"site-sidebar-layout":"no-sidebar","site-content-layout":"page-builder","ast-site-content-layout":"full-width-container","site-content-style":"unboxed","site-sidebar-style":"unboxed","ast-global-header-display":"","ast-banner-title-visibility":"","ast-main-header-display":"","ast-hfb-above-header-display":"","ast-hfb-below-header-display":"","ast-hfb-mobile-header-display":"","site-post-title":"disabled","ast-breadcrumbs-content":"","ast-featured-img":"disabled","footer-sml-layout":"","theme-transparent-header-meta":"","adv-header-id-meta":"","stick-header-meta":"","header-above-stick-meta":"","header-main-stick-meta":"","header-below-stick-meta":"","astra-migrate-meta-layouts":"set","ast-page-background-enabled":"default","ast-page-background-meta":{"desktop":{"background-color":"","background-image":"","background-repeat":"repeat","background-position":"center center","background-size":"auto","background-attachment":"scroll","background-type":"","background-media":"","overlay-type":"","overlay-color":"","overlay-opacity":"","overlay-gradient":""},"tablet":{"background-color":"","background-image":"","background-repeat":"repeat","background-position":"center center","background-size":"auto","background-attachment":"scroll","background-type":"","background-media":"","overlay-type":"","overlay-color":"","overlay-opacity":"","overlay-gradient":""},"mobile":{"background-color":"","background-image":"","background-repeat":"repeat","background-position":"center center","background-size":"auto","background-attachment":"scroll","background-type":"","background-media":"","overlay-type":"","overlay-color":"","overlay-opacity":"","overlay-gradient":""}},"ast-content-background-meta":{"desktop":{"background-color":"var(--ast-global-color-5)","background-image":"","background-repeat":"repeat","background-position":"center center","background-size":"auto","background-attachment":"scroll","background-type":"","background-media":"","overlay-type":"","overlay-color":"","overlay-opacity":"","overlay-gradient":""},"tablet":{"background-color":"var(--ast-global-color-5)","background-image":"","background-repeat":"repeat","background-position":"center center","background-size":"auto","background-attachment":"scroll","background-type":"","background-media":"","overlay-type":"","overlay-color":"","overlay-opacity":"","overlay-gradient":""},"mobile":{"background-color":"var(--ast-global-color-5)","background-image":"","background-repeat":"repeat","background-position":"center center","background-size":"auto","background-attachment":"scroll","background-type":"","background-media":"","overlay-type":"","overlay-color":"","overlay-opacity":"","overlay-gradient":""}},"footnotes":""},"class_list":["post-1802","page","type-page","status-publish","hentry"],"yoast_head":"<!-- This site is optimized with the Yoast SEO plugin v27.3 - https:\/\/yoast.com\/product\/yoast-seo-wordpress\/ -->\n<title>Hochzeit - Dzemat der islamischen Gemeinschaft Bosniens Z\u00fcrich<\/title>\n<meta name=\"robots\" content=\"index, follow, max-snippet:-1, max-image-preview:large, max-video-preview:-1\" \/>\n<link rel=\"canonical\" href=\"https:\/\/ibc-zh.ch\/ba\/hochzeit\/\" \/>\n<meta property=\"og:locale\" content=\"bs_BA\" \/>\n<meta property=\"og:type\" content=\"article\" \/>\n<meta property=\"og:title\" content=\"Hochzeit - Dzemat der islamischen Gemeinschaft Bosniens Z\u00fcrich\" \/>\n<meta property=\"og:description\" content=\"Hochzeit (Nikah) Das Heiraten gilt im Islam als eines der wichtigsten Ereignisse im Leben einer Frau und eines Mannes. Unser Imam f\u00fchrt die Eheschliessung in unserer Moschee auf Bosnisch oder Deutsch durch. Voraussetzungen Schweizerischer Eheschein (Standesamtliche Heirat durchgef\u00fchrt) Zeugen f\u00fcr beide Seiten Essen &amp; Trinken In unserem Vereinslokal bieten wir die M\u00f6glichkeit ein Hochzeitsessen auszurichten. [&hellip;]\" \/>\n<meta property=\"og:url\" content=\"https:\/\/ibc-zh.ch\/ba\/hochzeit\/\" \/>\n<meta property=\"og:site_name\" content=\"Dzemat der islamischen Gemeinschaft Bosniens Z\u00fcrich\" \/>\n<meta property=\"article:publisher\" content=\"https:\/\/www.facebook.com\/dzematcirih\" \/>\n<meta property=\"article:modified_time\" content=\"2025-01-23T21:00:48+00:00\" \/>\n<meta name=\"twitter:card\" content=\"summary_large_image\" \/>\n<meta name=\"twitter:label1\" content=\"Est. reading time\" \/>\n\t<meta name=\"twitter:data1\" content=\"1 minuta\" \/>\n<script type=\"application\/ld+json\" class=\"yoast-schema-graph\">{\"@context\":\"https:\\\/\\\/schema.org\",\"@graph\":[{\"@type\":\"WebPage\",\"@id\":\"https:\\\/\\\/ibc-zh.ch\\\/hochzeit\\\/\",\"url\":\"https:\\\/\\\/ibc-zh.ch\\\/hochzeit\\\/\",\"name\":\"Hochzeit - Dzemat der islamischen Gemeinschaft Bosniens Z\u00fcrich\",\"isPartOf\":{\"@id\":\"https:\\\/\\\/ibc-zh.ch\\\/#website\"},\"datePublished\":\"2024-05-11T21:49:54+00:00\",\"dateModified\":\"2025-01-23T21:00:48+00:00\",\"breadcrumb\":{\"@id\":\"https:\\\/\\\/ibc-zh.ch\\\/hochzeit\\\/#breadcrumb\"},\"inLanguage\":\"bs-BA\",\"potentialAction\":[{\"@type\":\"ReadAction\",\"target\":[\"https:\\\/\\\/ibc-zh.ch\\\/hochzeit\\\/\"]}]},{\"@type\":\"BreadcrumbList\",\"@id\":\"https:\\\/\\\/ibc-zh.ch\\\/hochzeit\\\/#breadcrumb\",\"itemListElement\":[{\"@type\":\"ListItem\",\"position\":1,\"name\":\"Startseite\",\"item\":\"https:\\\/\\\/ibc-zh.ch\\\/\"},{\"@type\":\"ListItem\",\"position\":2,\"name\":\"Hochzeit\"}]},{\"@type\":\"WebSite\",\"@id\":\"https:\\\/\\\/ibc-zh.ch\\\/#website\",\"url\":\"https:\\\/\\\/ibc-zh.ch\\\/\",\"name\":\"Dzemat der islamischen Gemeinschaft Bosniens Z\u00fcrich\",\"description\":\"Islamska zajednica Bo\u0161njaka u \u0160vicarskoj Dzemat ZH\",\"publisher\":{\"@id\":\"https:\\\/\\\/ibc-zh.ch\\\/#organization\"},\"potentialAction\":[{\"@type\":\"SearchAction\",\"target\":{\"@type\":\"EntryPoint\",\"urlTemplate\":\"https:\\\/\\\/ibc-zh.ch\\\/?s={search_term_string}\"},\"query-input\":{\"@type\":\"PropertyValueSpecification\",\"valueRequired\":true,\"valueName\":\"search_term_string\"}}],\"inLanguage\":\"bs-BA\"},{\"@type\":\"Organization\",\"@id\":\"https:\\\/\\\/ibc-zh.ch\\\/#organization\",\"name\":\"D\u017eemat Z\u00fcrich\",\"url\":\"https:\\\/\\\/ibc-zh.ch\\\/\",\"logo\":{\"@type\":\"ImageObject\",\"inLanguage\":\"bs-BA\",\"@id\":\"https:\\\/\\\/ibc-zh.ch\\\/#\\\/schema\\\/logo\\\/image\\\/\",\"url\":\"https:\\\/\\\/ibc-zh.ch\\\/wp-content\\\/uploads\\\/2024\\\/05\\\/cropped-ibc-logo.png\",\"contentUrl\":\"https:\\\/\\\/ibc-zh.ch\\\/wp-content\\\/uploads\\\/2024\\\/05\\\/cropped-ibc-logo.png\",\"width\":300,\"height\":300,\"caption\":\"D\u017eemat Z\u00fcrich\"},\"image\":{\"@id\":\"https:\\\/\\\/ibc-zh.ch\\\/#\\\/schema\\\/logo\\\/image\\\/\"},\"sameAs\":[\"https:\\\/\\\/www.facebook.com\\\/dzematcirih\"]}]}<\/script>\n<!-- \/ Yoast SEO plugin. -->","yoast_head_json":{"title":"Hochzeit - Dzemat der islamischen Gemeinschaft Bosniens Z\u00fcrich","robots":{"index":"index","follow":"follow","max-snippet":"max-snippet:-1","max-image-preview":"max-image-preview:large","max-video-preview":"max-video-preview:-1"},"canonical":"https:\/\/ibc-zh.ch\/ba\/hochzeit\/","og_locale":"bs_BA","og_type":"article","og_title":"Hochzeit - Dzemat der islamischen Gemeinschaft Bosniens Z\u00fcrich","og_description":"Hochzeit (Nikah) Das Heiraten gilt im Islam als eines der wichtigsten Ereignisse im Leben einer Frau und eines Mannes. Unser Imam f\u00fchrt die Eheschliessung in unserer Moschee auf Bosnisch oder Deutsch durch. Voraussetzungen Schweizerischer Eheschein (Standesamtliche Heirat durchgef\u00fchrt) Zeugen f\u00fcr beide Seiten Essen &amp; Trinken In unserem Vereinslokal bieten wir die M\u00f6glichkeit ein Hochzeitsessen auszurichten. [&hellip;]","og_url":"https:\/\/ibc-zh.ch\/ba\/hochzeit\/","og_site_name":"Dzemat der islamischen Gemeinschaft Bosniens Z\u00fcrich","article_publisher":"https:\/\/www.facebook.com\/dzematcirih","article_modified_time":"2025-01-23T21:00:48+00:00","twitter_card":"summary_large_image","twitter_misc":{"Est. reading time":"1 minuta"},"schema":{"@context":"https:\/\/schema.org","@graph":[{"@type":"WebPage","@id":"https:\/\/ibc-zh.ch\/hochzeit\/","url":"https:\/\/ibc-zh.ch\/hochzeit\/","name":"Hochzeit - Dzemat der islamischen Gemeinschaft Bosniens Z\u00fcrich","isPartOf":{"@id":"https:\/\/ibc-zh.ch\/#website"},"datePublished":"2024-05-11T21:49:54+00:00","dateModified":"2025-01-23T21:00:48+00:00","breadcrumb":{"@id":"https:\/\/ibc-zh.ch\/hochzeit\/#breadcrumb"},"inLanguage":"bs-BA","potentialAction":[{"@type":"ReadAction","target":["https:\/\/ibc-zh.ch\/hochzeit\/"]}]},{"@type":"BreadcrumbList","@id":"https:\/\/ibc-zh.ch\/hochzeit\/#breadcrumb","itemListElement":[{"@type":"ListItem","position":1,"name":"Startseite","item":"https:\/\/ibc-zh.ch\/"},{"@type":"ListItem","position":2,"name":"Hochzeit"}]},{"@type":"WebSite","@id":"https:\/\/ibc-zh.ch\/#website","url":"https:\/\/ibc-zh.ch\/","name":"Dzemat der islamischen Gemeinschaft Bosniens Z\u00fcrich","description":"Islamska zajednica Bo\u0161njaka u \u0160vicarskoj Dzemat ZH","publisher":{"@id":"https:\/\/ibc-zh.ch\/#organization"},"potentialAction":[{"@type":"SearchAction","target":{"@type":"EntryPoint","urlTemplate":"https:\/\/ibc-zh.ch\/?s={search_term_string}"},"query-input":{"@type":"PropertyValueSpecification","valueRequired":true,"valueName":"search_term_string"}}],"inLanguage":"bs-BA"},{"@type":"Organization","@id":"https:\/\/ibc-zh.ch\/#organization","name":"D\u017eemat Z\u00fcrich","url":"https:\/\/ibc-zh.ch\/","logo":{"@type":"ImageObject","inLanguage":"bs-BA","@id":"https:\/\/ibc-zh.ch\/#\/schema\/logo\/image\/","url":"https:\/\/ibc-zh.ch\/wp-content\/uploads\/2024\/05\/cropped-ibc-logo.png","contentUrl":"https:\/\/ibc-zh.ch\/wp-content\/uploads\/2024\/05\/cropped-ibc-logo.png","width":300,"height":300,"caption":"D\u017eemat Z\u00fcrich"},"image":{"@id":"https:\/\/ibc-zh.ch\/#\/schema\/logo\/image\/"},"sameAs":["https:\/\/www.facebook.com\/dzematcirih"]}]}},"_links":{"self":[{"href":"https:\/\/ibc-zh.ch\/ba\/wp-json\/wp\/v2\/pages\/1802","targetHints":{"allow":["GET"]}}],"collection":[{"href":"https:\/\/ibc-zh.ch\/ba\/wp-json\/wp\/v2\/pages"}],"about":[{"href":"https:\/\/ibc-zh.ch\/ba\/wp-json\/wp\/v2\/types\/page"}],"author":[{"embeddable":true,"href":"https:\/\/ibc-zh.ch\/ba\/wp-json\/wp\/v2\/users\/1"}],"replies":[{"embeddable":true,"href":"https:\/\/ibc-zh.ch\/ba\/wp-json\/wp\/v2\/comments?post=1802"}],"version-history":[{"count":5,"href":"https:\/\/ibc-zh.ch\/ba\/wp-json\/wp\/v2\/pages\/1802\/revisions"}],"predecessor-version":[{"id":2020,"href":"https:\/\/ibc-zh.ch\/ba\/wp-json\/wp\/v2\/pages\/1802\/revisions\/2020"}],"wp:attachment":[{"href":"https:\/\/ibc-zh.ch\/ba\/wp-json\/wp\/v2\/media?parent=1802"}],"curies":[{"name":"wp","href":"https:\/\/api.w.org\/{rel}","templated":true}]}}