{"id":1773,"date":"2024-05-07T10:52:57","date_gmt":"2024-05-07T10:52:57","guid":{"rendered":"https:\/\/ibc-zh.ch\/wp\/?page_id=1773"},"modified":"2025-03-23T12:27:15","modified_gmt":"2025-03-23T12:27:15","slug":"mitgliedschaft","status":"publish","type":"page","link":"https:\/\/ibc-zh.ch\/ba\/mitgliedschaft\/","title":{"rendered":"\u010clanstvo"},"content":{"rendered":"<h1>\n\t\t\u010clanstvo\n\t<\/h1>\n\t<h2>Postanite \u010dlan<\/h2>\n<p>Da biste postali \u010dlan, molimo Vas da popunite formular.<\/p>\n<p>\u010clanstvo va\u017ei za Va\u0161e cijelo doma\u0107instvo odnosno Va\u0161u porodicu.<\/p>\n\t\n<div class=\"wpcf7 no-js\" id=\"wpcf7-f1887-o1\" lang=\"de-DE\" dir=\"ltr\" data-wpcf7-id=\"1887\">\n<div class=\"screen-reader-response\"><p role=\"status\" aria-live=\"polite\" aria-atomic=\"true\"><\/p> <ul><\/ul><\/div>\n<form action=\"\/ba\/wp-json\/wp\/v2\/pages\/1773#wpcf7-f1887-o1\" method=\"post\" class=\"wpcf7-form init\" aria-label=\"Kontaktformular\" novalidate=\"novalidate\" data-status=\"init\" data-trp-original-action=\"\/ba\/wp-json\/wp\/v2\/pages\/1773#wpcf7-f1887-o1\">\n<fieldset class=\"hidden-fields-container\"><input type=\"hidden\" name=\"_wpcf7\" value=\"1887\" \/><input type=\"hidden\" name=\"_wpcf7_version\" value=\"6.1.5\" \/><input type=\"hidden\" name=\"_wpcf7_locale\" value=\"de_DE\" \/><input type=\"hidden\" name=\"_wpcf7_unit_tag\" value=\"wpcf7-f1887-o1\" \/><input type=\"hidden\" name=\"_wpcf7_container_post\" value=\"0\" \/><input type=\"hidden\" name=\"_wpcf7_posted_data_hash\" value=\"\" \/>\n<\/fieldset>\n<p><label> Prezime<br \/>\n<span class=\"wpcf7-form-control-wrap\" data-name=\"your-name\"><input size=\"40\" maxlength=\"400\" class=\"wpcf7-form-control wpcf7-text wpcf7-validates-as-required\" autocomplete=\"name\" aria-required=\"true\" aria-invalid=\"false\" value=\"\" type=\"text\" name=\"your-name\" \/><\/span> <\/label>\n<\/p>\n<p><label> Ime<br \/>\n<span class=\"wpcf7-form-control-wrap\" data-name=\"your-vorname\"><input size=\"40\" maxlength=\"400\" class=\"wpcf7-form-control wpcf7-text wpcf7-validates-as-required\" autocomplete=\"vorname\" aria-required=\"true\" aria-invalid=\"false\" value=\"\" type=\"text\" name=\"your-vorname\" \/><\/span> <\/label>\n<\/p>\n<p><label> Strasse und Hausnummer<br \/>\n<span class=\"wpcf7-form-control-wrap\" data-name=\"your-street\"><input size=\"40\" maxlength=\"400\" class=\"wpcf7-form-control wpcf7-text wpcf7-validates-as-required\" autocomplete=\"strasse\" aria-required=\"true\" aria-invalid=\"false\" value=\"\" type=\"text\" name=\"your-street\" \/><\/span> <\/label>\n<\/p>\n<p><label> PLZ<br \/>\n<span class=\"wpcf7-form-control-wrap\" data-name=\"your-zip\"><input size=\"40\" maxlength=\"400\" class=\"wpcf7-form-control wpcf7-text wpcf7-validates-as-required\" autocomplete=\"plz\" aria-required=\"true\" aria-invalid=\"false\" value=\"\" type=\"text\" name=\"your-zip\" \/><\/span> <\/label>\n<\/p>\n<p><label> Ort<br \/>\n<span class=\"wpcf7-form-control-wrap\" data-name=\"your-city\"><input size=\"40\" maxlength=\"400\" class=\"wpcf7-form-control wpcf7-text wpcf7-validates-as-required\" autocomplete=\"ort\" aria-required=\"true\" aria-invalid=\"false\" value=\"\" type=\"text\" name=\"your-city\" \/><\/span> <\/label>\n<\/p>\n<p><label> Broj telefona<br \/>\n<span class=\"wpcf7-form-control-wrap\" data-name=\"contact-phone\"><input size=\"40\" maxlength=\"400\" class=\"wpcf7-form-control wpcf7-tel wpcf7-validates-as-required wpcf7-text wpcf7-validates-as-tel\" autocomplete=\"tel\" aria-required=\"true\" aria-invalid=\"false\" value=\"\" type=\"tel\" name=\"contact-phone\" \/><\/span> <\/label>\n<\/p>\n<p><label> Email Adresa<br \/>\n<span class=\"wpcf7-form-control-wrap\" data-name=\"contact-email\"><input size=\"40\" maxlength=\"400\" class=\"wpcf7-form-control wpcf7-email wpcf7-validates-as-required wpcf7-text wpcf7-validates-as-email\" autocomplete=\"email\" aria-required=\"true\" aria-invalid=\"false\" value=\"\" type=\"email\" name=\"contact-email\" \/><\/span> <\/label>\n<\/p>\n<p><label> Predmet<br \/>\n<span class=\"wpcf7-form-control-wrap\" data-name=\"your-subject\"><input size=\"40\" maxlength=\"400\" class=\"wpcf7-form-control wpcf7-text wpcf7-validates-as-required\" aria-required=\"true\" aria-invalid=\"false\" value=\"\" type=\"text\" name=\"your-subject\" \/><\/span> <\/label>\n<\/p>\n<p><label> Deine Nachricht (optional)<br \/>\n<span class=\"wpcf7-form-control-wrap\" data-name=\"your-message\"><textarea cols=\"40\" rows=\"10\" maxlength=\"2000\" class=\"wpcf7-form-control wpcf7-textarea\" aria-invalid=\"false\" name=\"your-message\"><\/textarea><\/span> <\/label>\n<\/p>\n<p><input class=\"wpcf7-form-control wpcf7-submit has-spinner\" type=\"submit\" value=\"Po\u0161alji\" \/>\n<\/p><div class=\"wpcf7-response-output\" aria-hidden=\"true\"><\/div>\n<input type=\"hidden\" name=\"trp-form-language\" value=\"ba\"\/><\/form>\n<\/div>\n\n\t<h2>\u010clanarina<\/h2>\n<p>Der Mitgliederbeitrag ist j\u00e4hrlich f\u00e4llig und gilt von Januar &#8211; Dezember. Bei unterj\u00e4hrigem Eintritt ist f\u00fcr das laufende Jahr, ebenfalls der volle Betrag f\u00e4llig.<\/p>\n<p class=\"translation-block\"><strong>Godi\u0161nja \u010dlanarina<\/strong> za porodicu, pojedinca ili penzionera  iznosi <strong>360 CHF<\/strong>.<\/p>\n<p>Ovaj iznos mo\u017eete jednostavno uplatiti putem sljede\u0107e uplatnice.<\/p>\n<p>Ako jo\u0161 niste \u010dlan, molimo vas da popunite pristupni formular.<\/p>\n\t\t\t\t<img decoding=\"async\" src=\"https:\/\/ibc-zh.ch\/wp\/wp-content\/uploads\/2024\/05\/einzahlungsschein-ibc-zh.png\" alt=\"Einzahlungsschein IBC ZH\" itemprop=\"image\" title=\"einzahlungsschein-ibc-zh\" onerror=\"this.style.display='none'\"  \/>\n\t<p>D\u017eemat se finansira kroz \u010dlanarine. Zato funkcionisanje d\u017eemata zavisi od \u010dlanova.<\/p>\n<p>\u010clanstvo se upla\u010duje po doma\u0107instvu ili porodici, a ne za svakog pojedina\u010dnog \u010dlana Va\u0161e porodice.<\/p>\n<p>&nbsp;<\/p>\n<p>&nbsp;<\/p>\n<h2>\n\t\tVa\u0161e \u010dlanstvo omogu\u0107ava\n\t<\/h2>\n\t<p>Sa Va\u0161im \u010dlanstvom omogu\u0107avate slede\u0107e:<\/p>\n<ul>\n<li>Funkcionisanje d\u017eemata<\/li>\n<li>Vjersko prosvjetnu nastavu za djecu<\/li>\n<li>Vjersko prosvjetnu nastavu za odrasle<\/li>\n<li>Reprezentaciju muslimana i islama<\/li>\n<\/ul>\n<h2>\n\t\tPrednosti \u010dlanstva\n\t<\/h2>\n\t<p>Kao \u010dlan imate sljede\u0107e pogodnosti:<\/p>\n<ul>\n<li>Kori\u0161tenje infrastrukture (d\u017eamija i restoran)<\/li>\n<li>U\u010de\u0161\u0107e na doga\u0111ajima (programi, aktivnosti isl.)<\/li>\n<li>Besplatna nastava i kursevi islama za djecu i odrasle<\/li>\n<\/ul>\n\t\t\t\t<img decoding=\"async\" src=\"https:\/\/ibc-zh.ch\/wp\/wp-content\/uploads\/2024\/12\/zurich-back.webp\" alt=\"zurich-back\" itemprop=\"image\" title=\"zurich-back\" onerror=\"this.style.display='none'\"  \/>","protected":false},"excerpt":{"rendered":"<p>Mitgliedschaft Mitglied werden Um Mitglied zu werden, f\u00fcllen Sie bitte das Formular aus. Die Mitgliedschaft gilt f\u00fcr Ihren ganzen Haushalt bzw. Ihre Familie. Mitgliederbeitrag Der Mitgliederbeitrag ist j\u00e4hrlich f\u00e4llig und gilt von Januar &#8211; Dezember. Bei unterj\u00e4hrigem Eintritt ist f\u00fcr das laufende Jahr, ebenfalls der volle Betrag f\u00e4llig. Der Jahresbeitrag f\u00fcr die Mitgliedschaft einer Familie, [&hellip;]<\/p>\n","protected":false},"author":1,"featured_media":0,"parent":0,"menu_order":0,"comment_status":"closed","ping_status":"closed","template":"","meta":{"site-sidebar-layout":"default","site-content-layout":"plain-container","ast-site-content-layout":"normal-width-container","site-content-style":"unboxed","site-sidebar-style":"unboxed","ast-global-header-display":"","ast-banner-title-visibility":"","ast-main-header-display":"","ast-hfb-above-header-display":"","ast-hfb-below-header-display":"","ast-hfb-mobile-header-display":"","site-post-title":"disabled","ast-breadcrumbs-content":"","ast-featured-img":"","footer-sml-layout":"","theme-transparent-header-meta":"","adv-header-id-meta":"","stick-header-meta":"","header-above-stick-meta":"","header-main-stick-meta":"","header-below-stick-meta":"","astra-migrate-meta-layouts":"set","ast-page-background-enabled":"default","ast-page-background-meta":{"desktop":{"background-color":"","background-image":"","background-repeat":"repeat","background-position":"center center","background-size":"auto","background-attachment":"scroll","background-type":"","background-media":"","overlay-type":"","overlay-color":"","overlay-opacity":"","overlay-gradient":""},"tablet":{"background-color":"","background-image":"","background-repeat":"repeat","background-position":"center center","background-size":"auto","background-attachment":"scroll","background-type":"","background-media":"","overlay-type":"","overlay-color":"","overlay-opacity":"","overlay-gradient":""},"mobile":{"background-color":"","background-image":"","background-repeat":"repeat","background-position":"center center","background-size":"auto","background-attachment":"scroll","background-type":"","background-media":"","overlay-type":"","overlay-color":"","overlay-opacity":"","overlay-gradient":""}},"ast-content-background-meta":{"desktop":{"background-color":"var(--ast-global-color-5)","background-image":"","background-repeat":"repeat","background-position":"center center","background-size":"auto","background-attachment":"scroll","background-type":"","background-media":"","overlay-type":"","overlay-color":"","overlay-opacity":"","overlay-gradient":""},"tablet":{"background-color":"var(--ast-global-color-5)","background-image":"","background-repeat":"repeat","background-position":"center center","background-size":"auto","background-attachment":"scroll","background-type":"","background-media":"","overlay-type":"","overlay-color":"","overlay-opacity":"","overlay-gradient":""},"mobile":{"background-color":"var(--ast-global-color-5)","background-image":"","background-repeat":"repeat","background-position":"center center","background-size":"auto","background-attachment":"scroll","background-type":"","background-media":"","overlay-type":"","overlay-color":"","overlay-opacity":"","overlay-gradient":""}},"footnotes":""},"class_list":["post-1773","page","type-page","status-publish","hentry"],"yoast_head":"<!-- This site is optimized with the Yoast SEO plugin v27.3 - https:\/\/yoast.com\/product\/yoast-seo-wordpress\/ -->\n<title>Mitgliedschaft - Dzemat der islamischen Gemeinschaft Bosniens Z\u00fcrich<\/title>\n<meta name=\"robots\" content=\"index, follow, max-snippet:-1, max-image-preview:large, max-video-preview:-1\" \/>\n<link rel=\"canonical\" href=\"https:\/\/ibc-zh.ch\/ba\/mitgliedschaft\/\" \/>\n<meta property=\"og:locale\" content=\"bs_BA\" \/>\n<meta property=\"og:type\" content=\"article\" \/>\n<meta property=\"og:title\" content=\"Mitgliedschaft - Dzemat der islamischen Gemeinschaft Bosniens Z\u00fcrich\" \/>\n<meta property=\"og:description\" content=\"Mitgliedschaft Mitglied werden Um Mitglied zu werden, f\u00fcllen Sie bitte das Formular aus. Die Mitgliedschaft gilt f\u00fcr Ihren ganzen Haushalt bzw. Ihre Familie. Mitgliederbeitrag Der Mitgliederbeitrag ist j\u00e4hrlich f\u00e4llig und gilt von Januar &#8211; Dezember. Bei unterj\u00e4hrigem Eintritt ist f\u00fcr das laufende Jahr, ebenfalls der volle Betrag f\u00e4llig. Der Jahresbeitrag f\u00fcr die Mitgliedschaft einer Familie, [&hellip;]\" \/>\n<meta property=\"og:url\" content=\"https:\/\/ibc-zh.ch\/ba\/mitgliedschaft\/\" \/>\n<meta property=\"og:site_name\" content=\"Dzemat der islamischen Gemeinschaft Bosniens Z\u00fcrich\" \/>\n<meta property=\"article:publisher\" content=\"https:\/\/www.facebook.com\/dzematcirih\" \/>\n<meta property=\"article:modified_time\" content=\"2025-03-23T12:27:15+00:00\" \/>\n<meta property=\"og:image\" content=\"https:\/\/ibc-zh.ch\/wp\/wp-content\/uploads\/2024\/05\/einzahlungsschein-ibc-zh.png\" \/>\n<meta name=\"twitter:card\" content=\"summary_large_image\" \/>\n<meta name=\"twitter:label1\" content=\"Est. reading time\" \/>\n\t<meta name=\"twitter:data1\" content=\"8 minuta\" \/>\n<script type=\"application\/ld+json\" class=\"yoast-schema-graph\">{\"@context\":\"https:\\\/\\\/schema.org\",\"@graph\":[{\"@type\":\"WebPage\",\"@id\":\"https:\\\/\\\/ibc-zh.ch\\\/mitgliedschaft\\\/\",\"url\":\"https:\\\/\\\/ibc-zh.ch\\\/mitgliedschaft\\\/\",\"name\":\"Mitgliedschaft - Dzemat der islamischen Gemeinschaft Bosniens Z\u00fcrich\",\"isPartOf\":{\"@id\":\"https:\\\/\\\/ibc-zh.ch\\\/#website\"},\"primaryImageOfPage\":{\"@id\":\"https:\\\/\\\/ibc-zh.ch\\\/mitgliedschaft\\\/#primaryimage\"},\"image\":{\"@id\":\"https:\\\/\\\/ibc-zh.ch\\\/mitgliedschaft\\\/#primaryimage\"},\"thumbnailUrl\":\"https:\\\/\\\/ibc-zh.ch\\\/wp\\\/wp-content\\\/uploads\\\/2024\\\/05\\\/einzahlungsschein-ibc-zh.png\",\"datePublished\":\"2024-05-07T10:52:57+00:00\",\"dateModified\":\"2025-03-23T12:27:15+00:00\",\"breadcrumb\":{\"@id\":\"https:\\\/\\\/ibc-zh.ch\\\/mitgliedschaft\\\/#breadcrumb\"},\"inLanguage\":\"bs-BA\",\"potentialAction\":[{\"@type\":\"ReadAction\",\"target\":[\"https:\\\/\\\/ibc-zh.ch\\\/mitgliedschaft\\\/\"]}]},{\"@type\":\"ImageObject\",\"inLanguage\":\"bs-BA\",\"@id\":\"https:\\\/\\\/ibc-zh.ch\\\/mitgliedschaft\\\/#primaryimage\",\"url\":\"https:\\\/\\\/ibc-zh.ch\\\/wp\\\/wp-content\\\/uploads\\\/2024\\\/05\\\/einzahlungsschein-ibc-zh.png\",\"contentUrl\":\"https:\\\/\\\/ibc-zh.ch\\\/wp\\\/wp-content\\\/uploads\\\/2024\\\/05\\\/einzahlungsschein-ibc-zh.png\"},{\"@type\":\"BreadcrumbList\",\"@id\":\"https:\\\/\\\/ibc-zh.ch\\\/mitgliedschaft\\\/#breadcrumb\",\"itemListElement\":[{\"@type\":\"ListItem\",\"position\":1,\"name\":\"Startseite\",\"item\":\"https:\\\/\\\/ibc-zh.ch\\\/\"},{\"@type\":\"ListItem\",\"position\":2,\"name\":\"Mitgliedschaft\"}]},{\"@type\":\"WebSite\",\"@id\":\"https:\\\/\\\/ibc-zh.ch\\\/#website\",\"url\":\"https:\\\/\\\/ibc-zh.ch\\\/\",\"name\":\"Dzemat der islamischen Gemeinschaft Bosniens Z\u00fcrich\",\"description\":\"Islamska zajednica Bo\u0161njaka u \u0160vicarskoj Dzemat ZH\",\"publisher\":{\"@id\":\"https:\\\/\\\/ibc-zh.ch\\\/#organization\"},\"potentialAction\":[{\"@type\":\"SearchAction\",\"target\":{\"@type\":\"EntryPoint\",\"urlTemplate\":\"https:\\\/\\\/ibc-zh.ch\\\/?s={search_term_string}\"},\"query-input\":{\"@type\":\"PropertyValueSpecification\",\"valueRequired\":true,\"valueName\":\"search_term_string\"}}],\"inLanguage\":\"bs-BA\"},{\"@type\":\"Organization\",\"@id\":\"https:\\\/\\\/ibc-zh.ch\\\/#organization\",\"name\":\"D\u017eemat Z\u00fcrich\",\"url\":\"https:\\\/\\\/ibc-zh.ch\\\/\",\"logo\":{\"@type\":\"ImageObject\",\"inLanguage\":\"bs-BA\",\"@id\":\"https:\\\/\\\/ibc-zh.ch\\\/#\\\/schema\\\/logo\\\/image\\\/\",\"url\":\"https:\\\/\\\/ibc-zh.ch\\\/wp-content\\\/uploads\\\/2024\\\/05\\\/cropped-ibc-logo.png\",\"contentUrl\":\"https:\\\/\\\/ibc-zh.ch\\\/wp-content\\\/uploads\\\/2024\\\/05\\\/cropped-ibc-logo.png\",\"width\":300,\"height\":300,\"caption\":\"D\u017eemat Z\u00fcrich\"},\"image\":{\"@id\":\"https:\\\/\\\/ibc-zh.ch\\\/#\\\/schema\\\/logo\\\/image\\\/\"},\"sameAs\":[\"https:\\\/\\\/www.facebook.com\\\/dzematcirih\"]}]}<\/script>\n<!-- \/ Yoast SEO plugin. -->","yoast_head_json":{"title":"Mitgliedschaft - Dzemat der islamischen Gemeinschaft Bosniens Z\u00fcrich","robots":{"index":"index","follow":"follow","max-snippet":"max-snippet:-1","max-image-preview":"max-image-preview:large","max-video-preview":"max-video-preview:-1"},"canonical":"https:\/\/ibc-zh.ch\/ba\/mitgliedschaft\/","og_locale":"bs_BA","og_type":"article","og_title":"Mitgliedschaft - Dzemat der islamischen Gemeinschaft Bosniens Z\u00fcrich","og_description":"Mitgliedschaft Mitglied werden Um Mitglied zu werden, f\u00fcllen Sie bitte das Formular aus. Die Mitgliedschaft gilt f\u00fcr Ihren ganzen Haushalt bzw. Ihre Familie. Mitgliederbeitrag Der Mitgliederbeitrag ist j\u00e4hrlich f\u00e4llig und gilt von Januar &#8211; Dezember. Bei unterj\u00e4hrigem Eintritt ist f\u00fcr das laufende Jahr, ebenfalls der volle Betrag f\u00e4llig. Der Jahresbeitrag f\u00fcr die Mitgliedschaft einer Familie, [&hellip;]","og_url":"https:\/\/ibc-zh.ch\/ba\/mitgliedschaft\/","og_site_name":"Dzemat der islamischen Gemeinschaft Bosniens Z\u00fcrich","article_publisher":"https:\/\/www.facebook.com\/dzematcirih","article_modified_time":"2025-03-23T12:27:15+00:00","og_image":[{"url":"https:\/\/ibc-zh.ch\/wp\/wp-content\/uploads\/2024\/05\/einzahlungsschein-ibc-zh.png","type":"","width":"","height":""}],"twitter_card":"summary_large_image","twitter_misc":{"Est. reading time":"8 minuta"},"schema":{"@context":"https:\/\/schema.org","@graph":[{"@type":"WebPage","@id":"https:\/\/ibc-zh.ch\/mitgliedschaft\/","url":"https:\/\/ibc-zh.ch\/mitgliedschaft\/","name":"Mitgliedschaft - Dzemat der islamischen Gemeinschaft Bosniens Z\u00fcrich","isPartOf":{"@id":"https:\/\/ibc-zh.ch\/#website"},"primaryImageOfPage":{"@id":"https:\/\/ibc-zh.ch\/mitgliedschaft\/#primaryimage"},"image":{"@id":"https:\/\/ibc-zh.ch\/mitgliedschaft\/#primaryimage"},"thumbnailUrl":"https:\/\/ibc-zh.ch\/wp\/wp-content\/uploads\/2024\/05\/einzahlungsschein-ibc-zh.png","datePublished":"2024-05-07T10:52:57+00:00","dateModified":"2025-03-23T12:27:15+00:00","breadcrumb":{"@id":"https:\/\/ibc-zh.ch\/mitgliedschaft\/#breadcrumb"},"inLanguage":"bs-BA","potentialAction":[{"@type":"ReadAction","target":["https:\/\/ibc-zh.ch\/mitgliedschaft\/"]}]},{"@type":"ImageObject","inLanguage":"bs-BA","@id":"https:\/\/ibc-zh.ch\/mitgliedschaft\/#primaryimage","url":"https:\/\/ibc-zh.ch\/wp\/wp-content\/uploads\/2024\/05\/einzahlungsschein-ibc-zh.png","contentUrl":"https:\/\/ibc-zh.ch\/wp\/wp-content\/uploads\/2024\/05\/einzahlungsschein-ibc-zh.png"},{"@type":"BreadcrumbList","@id":"https:\/\/ibc-zh.ch\/mitgliedschaft\/#breadcrumb","itemListElement":[{"@type":"ListItem","position":1,"name":"Startseite","item":"https:\/\/ibc-zh.ch\/"},{"@type":"ListItem","position":2,"name":"Mitgliedschaft"}]},{"@type":"WebSite","@id":"https:\/\/ibc-zh.ch\/#website","url":"https:\/\/ibc-zh.ch\/","name":"Dzemat der islamischen Gemeinschaft Bosniens Z\u00fcrich","description":"Islamska zajednica Bo\u0161njaka u \u0160vicarskoj Dzemat ZH","publisher":{"@id":"https:\/\/ibc-zh.ch\/#organization"},"potentialAction":[{"@type":"SearchAction","target":{"@type":"EntryPoint","urlTemplate":"https:\/\/ibc-zh.ch\/?s={search_term_string}"},"query-input":{"@type":"PropertyValueSpecification","valueRequired":true,"valueName":"search_term_string"}}],"inLanguage":"bs-BA"},{"@type":"Organization","@id":"https:\/\/ibc-zh.ch\/#organization","name":"D\u017eemat Z\u00fcrich","url":"https:\/\/ibc-zh.ch\/","logo":{"@type":"ImageObject","inLanguage":"bs-BA","@id":"https:\/\/ibc-zh.ch\/#\/schema\/logo\/image\/","url":"https:\/\/ibc-zh.ch\/wp-content\/uploads\/2024\/05\/cropped-ibc-logo.png","contentUrl":"https:\/\/ibc-zh.ch\/wp-content\/uploads\/2024\/05\/cropped-ibc-logo.png","width":300,"height":300,"caption":"D\u017eemat Z\u00fcrich"},"image":{"@id":"https:\/\/ibc-zh.ch\/#\/schema\/logo\/image\/"},"sameAs":["https:\/\/www.facebook.com\/dzematcirih"]}]}},"_links":{"self":[{"href":"https:\/\/ibc-zh.ch\/ba\/wp-json\/wp\/v2\/pages\/1773","targetHints":{"allow":["GET"]}}],"collection":[{"href":"https:\/\/ibc-zh.ch\/ba\/wp-json\/wp\/v2\/pages"}],"about":[{"href":"https:\/\/ibc-zh.ch\/ba\/wp-json\/wp\/v2\/types\/page"}],"author":[{"embeddable":true,"href":"https:\/\/ibc-zh.ch\/ba\/wp-json\/wp\/v2\/users\/1"}],"replies":[{"embeddable":true,"href":"https:\/\/ibc-zh.ch\/ba\/wp-json\/wp\/v2\/comments?post=1773"}],"version-history":[{"count":10,"href":"https:\/\/ibc-zh.ch\/ba\/wp-json\/wp\/v2\/pages\/1773\/revisions"}],"predecessor-version":[{"id":2062,"href":"https:\/\/ibc-zh.ch\/ba\/wp-json\/wp\/v2\/pages\/1773\/revisions\/2062"}],"wp:attachment":[{"href":"https:\/\/ibc-zh.ch\/ba\/wp-json\/wp\/v2\/media?parent=1773"}],"curies":[{"name":"wp","href":"https:\/\/api.w.org\/{rel}","templated":true}]}}