{"id":1759,"date":"2024-05-07T10:50:23","date_gmt":"2024-05-07T10:50:23","guid":{"rendered":"https:\/\/ibc-zh.ch\/wp\/?page_id=1759"},"modified":"2024-05-07T10:50:23","modified_gmt":"2024-05-07T10:50:23","slug":"mekteb","status":"publish","type":"page","link":"https:\/\/ibc-zh.ch\/ba\/mekteb\/","title":{"rendered":"Mekteb (Islamunterricht)"},"content":{"rendered":"<h1>\n\t\tJugend\n\t<\/h1>\n\t<p>F\u00fcr Vereine, Schulklassen oder andere Interessierten bieten wir gef\u00fchrte Moscheef\u00fchrungen in unseren R\u00e4umlichkeiten an. Nutzen Sie das Formular weiter unten um eine Anfrage zu starten.<\/p>\n\t\t\t\t<img loading=\"lazy\" decoding=\"async\" src=\"https:\/\/ibc-zh.ch\/wp\/wp-content\/uploads\/2024\/05\/moschee-schlieren-gebetsraum.jpg\" alt=\"Moschee Schlieren Gebetsraum\" itemprop=\"image\" height=\"638\" width=\"960\" title=\"moschee-schlieren-gebetsraum\" onerror=\"this.style.display='none'\"  \/>\n\t<p>Der Dzemat der islamischen Gemeinschaft Bosniens in Z\u00fcrich bietet f\u00fcr Interessierte Gruppen (Schulklassen, Studentengruppen, Kirchgemeinden etc.) auch Moscheef\u00fchrungen an. Diese werden durch kompetentes und geschultes Personal (meistens einen der Imame) durchgef\u00fchrt.<\/p>\n<p>F\u00fchrungen sind t\u00e4glich m\u00f6glich.<\/p>\n<p>Eine Standard-Moscheef\u00fchrung besteht aus einer kurzen Einleitung zum Islam, einer F\u00fchrung durch die R\u00e4umlichkeiten und einer Pr\u00e4sentation der Moscheegemeinde bzw. des Islam und Muslime in der Schweiz. Die F\u00fchrung wird durch eine interaktive Gespr\u00e4chsrunde mit dem Leiter abgerundet. Anpassungen des Programms und weitere Aktivit\u00e4ten sind auch m\u00f6glich. Ebenfalls ist es m\u00f6glich, sich im Restaurant der Moschee mit traditionellen bosnischen Gerichten zu verpflegen.<\/p>\n<p>Damit die F\u00fchrung gut vorbereitet und durchgef\u00fchrt werden kann, bitten wir Sie, das nachstehende Formular auszuf\u00fcllen.<\/p>\n<p>Radujemo se Va\u0161oj posjeti!<\/p>\n<p>In Zusammenarbeit mit &#8222;Dialogue en Route&#8220; bieten wir f\u00fcr Schulklassen und Jugendgruppen einen Workshop zum Thema der \u00c4sthetik im Islam. Weitere Infos sowie didaktisches Begleitmaterial f\u00fcr Lehrpersonen zur Vorbereitung des Workshops und des Besuchs der Moschee finden sie\u00a0<a href=\"https:\/\/nam02.safelinks.protection.outlook.com\/?url=https%3A%2F%2Fenroute.ch%2Fde%2Fplatform%2F%23%2Fstations%2Fdzemat-der-islamischen-gemeinschaft-bosniens&amp;data=02%7C01%7Cabduselam.halilovic%40outlook.com%7C4f8482c7422448676f5a08d51789c24e%7C84df9e7fe9f640afb435aaaaaaaaaaaa%7C1%7C0%7C636440802792857394&amp;sdata=bYEsbXP01TwYuN9VQPyD02tTWQks9fL%2F%2FbE6Ri%2FIcHw%3D&amp;reserved=0\">hier<\/a>.<\/p>\n<p><a href=\"http:\/\/www.enroute.ch\/\">www.enroute.ch\u00a0<\/a><\/p>\n<h1>Moscheef\u00fchrungen<\/h1>\n<p>Lorem ipsum dolor sit amet, consectetur adipiscing elit. Ut elit tellus, luctus nec ullamcorper mattis, pulvinar dapibus leo.<\/p>\n<h4>Jennifer Oliver<\/h4>\n<figure><img decoding=\"async\" title=\"\" src=\"https:\/\/ibc-zh.ch\/wp\/wp-content\/uploads\/2021\/07\/podcast-04.png\" srcset=\"https:\/\/ibc-zh.ch\/wp\/wp-content\/uploads\/2021\/07\/podcast-04.png \" alt=\"\" width=\"\" height=\"\" \/><\/figure>\n<p><a href=\"#\">Episode 50<\/a><\/p>\n<h4>Jennifer Oliver talks about magna aliqua ut enim ad minim veniam quis nostrud<\/h4>\n<p>20 July 2021<\/p>\n<h4>Karine<br \/>\nBramer<\/h4>\n<figure><img decoding=\"async\" title=\"\" src=\"https:\/\/ibc-zh.ch\/wp\/wp-content\/uploads\/2021\/07\/podcast-03.png\" srcset=\"https:\/\/ibc-zh.ch\/wp\/wp-content\/uploads\/2021\/07\/podcast-03.png \" alt=\"\" width=\"\" height=\"\" \/><\/figure>\n<p><a href=\"#\">Episode 49<\/a><\/p>\n<h4>Karine Bramer and all the magna aliqua ut enim ad minim veniam quis nostrud ullamco<\/h4>\n<p>19 July 2021<\/p>\n<h4>Larae<br \/>\nSousa<\/h4>\n<figure><img decoding=\"async\" title=\"\" src=\"https:\/\/ibc-zh.ch\/wp\/wp-content\/uploads\/2021\/07\/podcast-02.png\" srcset=\"https:\/\/ibc-zh.ch\/wp\/wp-content\/uploads\/2021\/07\/podcast-02.png \" alt=\"\" width=\"\" height=\"\" \/><\/figure>\n<p><a href=\"#\">Episode 48<\/a><\/p>\n<h4>Larae Sousa on what is the best way to aliqua ut enim ad minim veniam quis nostrud\u200b<\/h4>\n<p>18 July 2021<\/p>\n<h4>Mitchel<br \/>\nMorphis<\/h4>\n<figure><img decoding=\"async\" title=\"\" src=\"https:\/\/ibc-zh.ch\/wp\/wp-content\/uploads\/2021\/07\/podcast-01.png\" srcset=\"https:\/\/ibc-zh.ch\/wp\/wp-content\/uploads\/2021\/07\/podcast-01.png \" alt=\"\" width=\"\" height=\"\" \/><\/figure>\n<p><a href=\"#\">Episode 47<\/a><\/p>\n<h4>Mitchel Morphis on aliqua ut enim ad minim veniam quis nostrud exercitation ullamco\u200b<\/h4>\n<p>17 July 2021<\/p>\n<h4>Astrid<br \/>\nCorlew<\/h4>\n<figure><img decoding=\"async\" title=\"\" src=\"https:\/\/ibc-zh.ch\/wp\/wp-content\/uploads\/2021\/07\/podcast-05.png\" srcset=\"https:\/\/ibc-zh.ch\/wp\/wp-content\/uploads\/2021\/07\/podcast-05.png \" alt=\"\" width=\"\" height=\"\" \/><\/figure>\n<p><a href=\"#\">Episode 46<\/a><\/p>\n<h4>Astrid Corlew talks about magna aliqua ut enim ad minim veniam quis nostrud\u200b<\/h4>\n<p>16 July 2021<\/p>\n<h4>Jerome<br \/>\nCarrigan<\/h4>\n<figure><img decoding=\"async\" title=\"\" src=\"https:\/\/ibc-zh.ch\/wp\/wp-content\/uploads\/2021\/07\/podcast-06.png\" srcset=\"https:\/\/ibc-zh.ch\/wp\/wp-content\/uploads\/2021\/07\/podcast-06.png \" alt=\"\" width=\"\" height=\"\" \/><\/figure>\n<p><a href=\"#\">Episode 45<\/a><\/p>\n<h4>Jerome Carrigan on what is the best way to aliqua ut enim ad minim veniam quis nostrud\u200b<\/h4>\n<p>15 July 2021<\/p>\n\t\t\t\t<img decoding=\"async\" src=\"https:\/\/lite.demos.wpbeaverbuilder.com\/wp-content\/uploads\/sites\/28\/2020\/02\/photo-1558274648-ed2612502ba9-edited-1.jpg\" alt=\"\" itemprop=\"image\" onerror=\"this.style.display='none'\"  \/>\n<h2>\n\t\tHow Jane Doe increased conversions 300%\n\t<\/h2>\n\t<p>Quisque commodo id mi non porttitor. Aenean sapien eros, commodo in lectus eu, auctor pretium diam. Mauris non orci quis est hendrerit laoreet id eget purus. Vivamus id ex non urna pulvinar consequat.<\/p>\n\t\t\t<a href=\"\" target=\"_self\" rel=\"noopener\">\n\t\t\t\t\t\t\tWatch the video\n\t\t\t<\/a>\n<h4>\n\t\tThe challenge\n\t<\/h4>\n<h2>\n\t\tIncrease brand awareness for a product re-launch\n\t<\/h2>\n\t<p>Quisque commodo id mi non porttitor. Aenean sapien eros, commodo in lectus eu, auctor pretium diam. Mauris non orci quis est hendrerit laoreet id eget purus. Vivamus id ex non urna pulvinar consequat.<\/p>\n<p>Quisque commodo id mi non porttitor. Aenean sapien eros, commodo in lectus eu, auctor pretium diam. Mauris non orci quis est hendrerit laoreet id eget purus. Vivamus id ex non urna pulvinar consequat.<\/p>\n<h4>\n\t\tThe solution\n\t<\/h4>\n<h2>\n\t\tA multi-channel community campaign to connecting users\n\t<\/h2>\n\t<p>Quisque commodo id mi non porttitor. Aenean sapien eros, commodo in lectus eu, auctor pretium diam. Mauris non orci quis est hendrerit laoreet id eget purus. Vivamus id ex non urna pulvinar consequat.<\/p>\n<p>Quisque commodo id mi non porttitor. Aenean sapien eros, commodo in lectus eu, auctor pretium diam. Mauris non orci quis est hendrerit laoreet id eget purus. Vivamus id ex non urna pulvinar consequat.<\/p>\n<h4>\n\t\tThe results\n\t<\/h4>\n<h2>\n\t\t300% conversion rate increase\n\t<\/h2>\n\t<p>Quisque commodo id mi non porttitor. Aenean sapien eros, commodo in lectus eu, auctor pretium diam. Mauris non orci quis est hendrerit laoreet id eget purus. Vivamus id ex non urna pulvinar consequat.<\/p>\n<p>Quisque commodo id mi non porttitor. Aenean sapien eros, commodo in lectus eu, auctor pretium diam. Mauris non orci quis est hendrerit laoreet id eget purus. Vivamus id ex non urna pulvinar consequat.<\/p>\n\t\t\t<a href=\"\" target=\"_self\" rel=\"noopener\">\n\t\t\t\t\t\t\tDownload the full case study\n\t\t\t<\/a>\n<h2>\n\t\tTestimonials\n\t<\/h2>\n\t<p>Vivamus magna justo, lacinia eget consectetur sed, convallis at tellus. Praesent sapien massa, convallis a pellentesque nec, egestas non nisi. Curabitur aliquet quam id dui posuere blandit Cras ultricies ligula sed magna dictum porta.<\/p>\n\t\t\t\t<img decoding=\"async\" src=\"https:\/\/lite.demos.wpbeaverbuilder.com\/wp-content\/uploads\/sites\/28\/2020\/02\/photo-1558403194-611308249627-1-768x768-1.jpg\" alt=\"\" itemprop=\"image\" onerror=\"this.style.display='none'\"  \/>\n\t<p><strong>Vivamus magna<br \/><\/strong>Lacinia eget<\/p>\n\t<p>Vivamus magna justo, lacinia eget consectetur sed, convallis at tellus. Praesent sapien massa, convallis a pellentesque nec, egestas non nisi. Curabitur aliquet quam id dui posuere blandit Cras ultricies ligula sed magna dictum porta.<\/p>\n\t\t\t\t<img decoding=\"async\" src=\"https:\/\/lite.demos.wpbeaverbuilder.com\/wp-content\/uploads\/sites\/28\/2020\/02\/photo-1552664730-d307ca884978-768x768-1.jpg\" alt=\"\" itemprop=\"image\" onerror=\"this.style.display='none'\"  \/>\n\t<p><strong>Vivamus magna<br \/><\/strong>Lacinia eget<\/p>\n\t\t\t\t<img decoding=\"async\" src=\"https:\/\/lite.demos.wpbeaverbuilder.com\/wp-content\/uploads\/sites\/28\/2020\/02\/BeaverBook_2070819561-642x1024-1.png\" alt=\"\" itemprop=\"image\" onerror=\"this.style.display='none'\"  \/>\n<h2>\n\t\tTake the next step with your business today with our free guide\n\t<\/h2>\n\t<p>Quisque commodo id mi non porttitor. Aenean sapien eros, commodo in lectus eu, auctor pretium diam. Mauris non orci quis est hendrerit laoreet id eget purus. Vivamus id ex non urna pulvinar consequat. Convallis a pellentesque nec, egestas non nisi.<\/p>\n<p><strong>Exclusive bonus for first 100 downloads<br \/><\/strong>Mauris non orci hendrerit laoreet first 100 downloads<\/p>\n\t\t\t<a href=\"\" target=\"_self\" rel=\"noopener\">\n\t\t\t\t\t\t\tGet your free premium e-book today\n\t\t\t<\/a>\n<h2>\n\t\tNeed help? Book a call at a time to suit your schedule\n\t<\/h2>\n\t<p>Quisque velit nisi, pretium ut lacinia in, elementum id enim. Curabitur non nulla sit amet nisl tempus convallis lorem ipsum doror quis ac lectus. Proin eget tortor risus.<\/p>\n\t\t\t<a href=\"\" target=\"_self\" rel=\"noopener\">\n\t\t\t\t\t\t\tBook an appointment\n\t\t\t<\/a>","protected":false},"excerpt":{"rendered":"<p>Jugend F\u00fcr Vereine, Schulklassen oder andere Interessierten bieten wir gef\u00fchrte Moscheef\u00fchrungen in unseren R\u00e4umlichkeiten an. Nutzen Sie das Formular weiter unten um eine Anfrage zu starten. Der Dzemat der islamischen Gemeinschaft Bosniens in Z\u00fcrich bietet f\u00fcr Interessierte Gruppen (Schulklassen, Studentengruppen, Kirchgemeinden etc.) auch Moscheef\u00fchrungen an. Diese werden durch kompetentes und geschultes Personal (meistens einen der [&hellip;]<\/p>\n","protected":false},"author":1,"featured_media":0,"parent":0,"menu_order":0,"comment_status":"closed","ping_status":"closed","template":"","meta":{"site-sidebar-layout":"default","site-content-layout":"plain-container","ast-site-content-layout":"normal-width-container","site-content-style":"unboxed","site-sidebar-style":"unboxed","ast-global-header-display":"","ast-banner-title-visibility":"","ast-main-header-display":"","ast-hfb-above-header-display":"","ast-hfb-below-header-display":"","ast-hfb-mobile-header-display":"","site-post-title":"disabled","ast-breadcrumbs-content":"","ast-featured-img":"","footer-sml-layout":"","theme-transparent-header-meta":"","adv-header-id-meta":"","stick-header-meta":"","header-above-stick-meta":"","header-main-stick-meta":"","header-below-stick-meta":"","astra-migrate-meta-layouts":"set","ast-page-background-enabled":"default","ast-page-background-meta":{"desktop":{"background-color":"","background-image":"","background-repeat":"repeat","background-position":"center center","background-size":"auto","background-attachment":"scroll","background-type":"","background-media":"","overlay-type":"","overlay-color":"","overlay-opacity":"","overlay-gradient":""},"tablet":{"background-color":"","background-image":"","background-repeat":"repeat","background-position":"center center","background-size":"auto","background-attachment":"scroll","background-type":"","background-media":"","overlay-type":"","overlay-color":"","overlay-opacity":"","overlay-gradient":""},"mobile":{"background-color":"","background-image":"","background-repeat":"repeat","background-position":"center center","background-size":"auto","background-attachment":"scroll","background-type":"","background-media":"","overlay-type":"","overlay-color":"","overlay-opacity":"","overlay-gradient":""}},"ast-content-background-meta":{"desktop":{"background-color":"var(--ast-global-color-5)","background-image":"","background-repeat":"repeat","background-position":"center center","background-size":"auto","background-attachment":"scroll","background-type":"","background-media":"","overlay-type":"","overlay-color":"","overlay-opacity":"","overlay-gradient":""},"tablet":{"background-color":"var(--ast-global-color-5)","background-image":"","background-repeat":"repeat","background-position":"center center","background-size":"auto","background-attachment":"scroll","background-type":"","background-media":"","overlay-type":"","overlay-color":"","overlay-opacity":"","overlay-gradient":""},"mobile":{"background-color":"var(--ast-global-color-5)","background-image":"","background-repeat":"repeat","background-position":"center center","background-size":"auto","background-attachment":"scroll","background-type":"","background-media":"","overlay-type":"","overlay-color":"","overlay-opacity":"","overlay-gradient":""}},"footnotes":""},"class_list":["post-1759","page","type-page","status-publish","hentry"],"yoast_head":"<!-- This site is optimized with the Yoast SEO plugin v27.3 - https:\/\/yoast.com\/product\/yoast-seo-wordpress\/ -->\n<title>Mekteb (Islamunterricht) - Dzemat der islamischen Gemeinschaft Bosniens Z\u00fcrich<\/title>\n<meta name=\"robots\" content=\"index, follow, max-snippet:-1, max-image-preview:large, max-video-preview:-1\" \/>\n<link rel=\"canonical\" href=\"https:\/\/ibc-zh.ch\/ba\/mekteb\/\" \/>\n<meta property=\"og:locale\" content=\"bs_BA\" \/>\n<meta property=\"og:type\" content=\"article\" \/>\n<meta property=\"og:title\" content=\"Mekteb (Islamunterricht) - Dzemat der islamischen Gemeinschaft Bosniens Z\u00fcrich\" \/>\n<meta property=\"og:description\" content=\"Jugend F\u00fcr Vereine, Schulklassen oder andere Interessierten bieten wir gef\u00fchrte Moscheef\u00fchrungen in unseren R\u00e4umlichkeiten an. Nutzen Sie das Formular weiter unten um eine Anfrage zu starten. Der Dzemat der islamischen Gemeinschaft Bosniens in Z\u00fcrich bietet f\u00fcr Interessierte Gruppen (Schulklassen, Studentengruppen, Kirchgemeinden etc.) auch Moscheef\u00fchrungen an. Diese werden durch kompetentes und geschultes Personal (meistens einen der [&hellip;]\" \/>\n<meta property=\"og:url\" content=\"https:\/\/ibc-zh.ch\/ba\/mekteb\/\" \/>\n<meta property=\"og:site_name\" content=\"Dzemat der islamischen Gemeinschaft Bosniens Z\u00fcrich\" \/>\n<meta property=\"article:publisher\" content=\"https:\/\/www.facebook.com\/dzematcirih\" \/>\n<meta property=\"og:image\" content=\"https:\/\/ibc-zh.ch\/wp\/wp-content\/uploads\/2024\/05\/moschee-schlieren-gebetsraum.jpg\" \/>\n<meta name=\"twitter:card\" content=\"summary_large_image\" \/>\n<meta name=\"twitter:label1\" content=\"Est. reading time\" \/>\n\t<meta name=\"twitter:data1\" content=\"8 minuta\" \/>\n<script type=\"application\/ld+json\" class=\"yoast-schema-graph\">{\"@context\":\"https:\\\/\\\/schema.org\",\"@graph\":[{\"@type\":\"WebPage\",\"@id\":\"https:\\\/\\\/ibc-zh.ch\\\/mekteb\\\/\",\"url\":\"https:\\\/\\\/ibc-zh.ch\\\/mekteb\\\/\",\"name\":\"Mekteb (Islamunterricht) - Dzemat der islamischen Gemeinschaft Bosniens Z\u00fcrich\",\"isPartOf\":{\"@id\":\"https:\\\/\\\/ibc-zh.ch\\\/#website\"},\"primaryImageOfPage\":{\"@id\":\"https:\\\/\\\/ibc-zh.ch\\\/mekteb\\\/#primaryimage\"},\"image\":{\"@id\":\"https:\\\/\\\/ibc-zh.ch\\\/mekteb\\\/#primaryimage\"},\"thumbnailUrl\":\"https:\\\/\\\/ibc-zh.ch\\\/wp\\\/wp-content\\\/uploads\\\/2024\\\/05\\\/moschee-schlieren-gebetsraum.jpg\",\"datePublished\":\"2024-05-07T10:50:23+00:00\",\"breadcrumb\":{\"@id\":\"https:\\\/\\\/ibc-zh.ch\\\/mekteb\\\/#breadcrumb\"},\"inLanguage\":\"bs-BA\",\"potentialAction\":[{\"@type\":\"ReadAction\",\"target\":[\"https:\\\/\\\/ibc-zh.ch\\\/mekteb\\\/\"]}]},{\"@type\":\"ImageObject\",\"inLanguage\":\"bs-BA\",\"@id\":\"https:\\\/\\\/ibc-zh.ch\\\/mekteb\\\/#primaryimage\",\"url\":\"https:\\\/\\\/ibc-zh.ch\\\/wp\\\/wp-content\\\/uploads\\\/2024\\\/05\\\/moschee-schlieren-gebetsraum.jpg\",\"contentUrl\":\"https:\\\/\\\/ibc-zh.ch\\\/wp\\\/wp-content\\\/uploads\\\/2024\\\/05\\\/moschee-schlieren-gebetsraum.jpg\"},{\"@type\":\"BreadcrumbList\",\"@id\":\"https:\\\/\\\/ibc-zh.ch\\\/mekteb\\\/#breadcrumb\",\"itemListElement\":[{\"@type\":\"ListItem\",\"position\":1,\"name\":\"Startseite\",\"item\":\"https:\\\/\\\/ibc-zh.ch\\\/\"},{\"@type\":\"ListItem\",\"position\":2,\"name\":\"Mekteb (Islamunterricht)\"}]},{\"@type\":\"WebSite\",\"@id\":\"https:\\\/\\\/ibc-zh.ch\\\/#website\",\"url\":\"https:\\\/\\\/ibc-zh.ch\\\/\",\"name\":\"Dzemat der islamischen Gemeinschaft Bosniens Z\u00fcrich\",\"description\":\"Islamska zajednica Bo\u0161njaka u \u0160vicarskoj Dzemat ZH\",\"publisher\":{\"@id\":\"https:\\\/\\\/ibc-zh.ch\\\/#organization\"},\"potentialAction\":[{\"@type\":\"SearchAction\",\"target\":{\"@type\":\"EntryPoint\",\"urlTemplate\":\"https:\\\/\\\/ibc-zh.ch\\\/?s={search_term_string}\"},\"query-input\":{\"@type\":\"PropertyValueSpecification\",\"valueRequired\":true,\"valueName\":\"search_term_string\"}}],\"inLanguage\":\"bs-BA\"},{\"@type\":\"Organization\",\"@id\":\"https:\\\/\\\/ibc-zh.ch\\\/#organization\",\"name\":\"D\u017eemat Z\u00fcrich\",\"url\":\"https:\\\/\\\/ibc-zh.ch\\\/\",\"logo\":{\"@type\":\"ImageObject\",\"inLanguage\":\"bs-BA\",\"@id\":\"https:\\\/\\\/ibc-zh.ch\\\/#\\\/schema\\\/logo\\\/image\\\/\",\"url\":\"https:\\\/\\\/ibc-zh.ch\\\/wp-content\\\/uploads\\\/2024\\\/05\\\/cropped-ibc-logo.png\",\"contentUrl\":\"https:\\\/\\\/ibc-zh.ch\\\/wp-content\\\/uploads\\\/2024\\\/05\\\/cropped-ibc-logo.png\",\"width\":300,\"height\":300,\"caption\":\"D\u017eemat Z\u00fcrich\"},\"image\":{\"@id\":\"https:\\\/\\\/ibc-zh.ch\\\/#\\\/schema\\\/logo\\\/image\\\/\"},\"sameAs\":[\"https:\\\/\\\/www.facebook.com\\\/dzematcirih\"]}]}<\/script>\n<!-- \/ Yoast SEO plugin. -->","yoast_head_json":{"title":"Mekteb (Islamunterricht) - Dzemat der islamischen Gemeinschaft Bosniens Z\u00fcrich","robots":{"index":"index","follow":"follow","max-snippet":"max-snippet:-1","max-image-preview":"max-image-preview:large","max-video-preview":"max-video-preview:-1"},"canonical":"https:\/\/ibc-zh.ch\/ba\/mekteb\/","og_locale":"bs_BA","og_type":"article","og_title":"Mekteb (Islamunterricht) - Dzemat der islamischen Gemeinschaft Bosniens Z\u00fcrich","og_description":"Jugend F\u00fcr Vereine, Schulklassen oder andere Interessierten bieten wir gef\u00fchrte Moscheef\u00fchrungen in unseren R\u00e4umlichkeiten an. Nutzen Sie das Formular weiter unten um eine Anfrage zu starten. Der Dzemat der islamischen Gemeinschaft Bosniens in Z\u00fcrich bietet f\u00fcr Interessierte Gruppen (Schulklassen, Studentengruppen, Kirchgemeinden etc.) auch Moscheef\u00fchrungen an. Diese werden durch kompetentes und geschultes Personal (meistens einen der [&hellip;]","og_url":"https:\/\/ibc-zh.ch\/ba\/mekteb\/","og_site_name":"Dzemat der islamischen Gemeinschaft Bosniens Z\u00fcrich","article_publisher":"https:\/\/www.facebook.com\/dzematcirih","og_image":[{"url":"https:\/\/ibc-zh.ch\/wp\/wp-content\/uploads\/2024\/05\/moschee-schlieren-gebetsraum.jpg","type":"","width":"","height":""}],"twitter_card":"summary_large_image","twitter_misc":{"Est. reading time":"8 minuta"},"schema":{"@context":"https:\/\/schema.org","@graph":[{"@type":"WebPage","@id":"https:\/\/ibc-zh.ch\/mekteb\/","url":"https:\/\/ibc-zh.ch\/mekteb\/","name":"Mekteb (Islamunterricht) - Dzemat der islamischen Gemeinschaft Bosniens Z\u00fcrich","isPartOf":{"@id":"https:\/\/ibc-zh.ch\/#website"},"primaryImageOfPage":{"@id":"https:\/\/ibc-zh.ch\/mekteb\/#primaryimage"},"image":{"@id":"https:\/\/ibc-zh.ch\/mekteb\/#primaryimage"},"thumbnailUrl":"https:\/\/ibc-zh.ch\/wp\/wp-content\/uploads\/2024\/05\/moschee-schlieren-gebetsraum.jpg","datePublished":"2024-05-07T10:50:23+00:00","breadcrumb":{"@id":"https:\/\/ibc-zh.ch\/mekteb\/#breadcrumb"},"inLanguage":"bs-BA","potentialAction":[{"@type":"ReadAction","target":["https:\/\/ibc-zh.ch\/mekteb\/"]}]},{"@type":"ImageObject","inLanguage":"bs-BA","@id":"https:\/\/ibc-zh.ch\/mekteb\/#primaryimage","url":"https:\/\/ibc-zh.ch\/wp\/wp-content\/uploads\/2024\/05\/moschee-schlieren-gebetsraum.jpg","contentUrl":"https:\/\/ibc-zh.ch\/wp\/wp-content\/uploads\/2024\/05\/moschee-schlieren-gebetsraum.jpg"},{"@type":"BreadcrumbList","@id":"https:\/\/ibc-zh.ch\/mekteb\/#breadcrumb","itemListElement":[{"@type":"ListItem","position":1,"name":"Startseite","item":"https:\/\/ibc-zh.ch\/"},{"@type":"ListItem","position":2,"name":"Mekteb (Islamunterricht)"}]},{"@type":"WebSite","@id":"https:\/\/ibc-zh.ch\/#website","url":"https:\/\/ibc-zh.ch\/","name":"Dzemat der islamischen Gemeinschaft Bosniens Z\u00fcrich","description":"Islamska zajednica Bo\u0161njaka u \u0160vicarskoj Dzemat ZH","publisher":{"@id":"https:\/\/ibc-zh.ch\/#organization"},"potentialAction":[{"@type":"SearchAction","target":{"@type":"EntryPoint","urlTemplate":"https:\/\/ibc-zh.ch\/?s={search_term_string}"},"query-input":{"@type":"PropertyValueSpecification","valueRequired":true,"valueName":"search_term_string"}}],"inLanguage":"bs-BA"},{"@type":"Organization","@id":"https:\/\/ibc-zh.ch\/#organization","name":"D\u017eemat Z\u00fcrich","url":"https:\/\/ibc-zh.ch\/","logo":{"@type":"ImageObject","inLanguage":"bs-BA","@id":"https:\/\/ibc-zh.ch\/#\/schema\/logo\/image\/","url":"https:\/\/ibc-zh.ch\/wp-content\/uploads\/2024\/05\/cropped-ibc-logo.png","contentUrl":"https:\/\/ibc-zh.ch\/wp-content\/uploads\/2024\/05\/cropped-ibc-logo.png","width":300,"height":300,"caption":"D\u017eemat Z\u00fcrich"},"image":{"@id":"https:\/\/ibc-zh.ch\/#\/schema\/logo\/image\/"},"sameAs":["https:\/\/www.facebook.com\/dzematcirih"]}]}},"_links":{"self":[{"href":"https:\/\/ibc-zh.ch\/ba\/wp-json\/wp\/v2\/pages\/1759","targetHints":{"allow":["GET"]}}],"collection":[{"href":"https:\/\/ibc-zh.ch\/ba\/wp-json\/wp\/v2\/pages"}],"about":[{"href":"https:\/\/ibc-zh.ch\/ba\/wp-json\/wp\/v2\/types\/page"}],"author":[{"embeddable":true,"href":"https:\/\/ibc-zh.ch\/ba\/wp-json\/wp\/v2\/users\/1"}],"replies":[{"embeddable":true,"href":"https:\/\/ibc-zh.ch\/ba\/wp-json\/wp\/v2\/comments?post=1759"}],"version-history":[{"count":1,"href":"https:\/\/ibc-zh.ch\/ba\/wp-json\/wp\/v2\/pages\/1759\/revisions"}],"predecessor-version":[{"id":1762,"href":"https:\/\/ibc-zh.ch\/ba\/wp-json\/wp\/v2\/pages\/1759\/revisions\/1762"}],"wp:attachment":[{"href":"https:\/\/ibc-zh.ch\/ba\/wp-json\/wp\/v2\/media?parent=1759"}],"curies":[{"name":"wp","href":"https:\/\/api.w.org\/{rel}","templated":true}]}}