{"id":1683,"date":"2024-05-07T07:16:26","date_gmt":"2024-05-07T07:16:26","guid":{"rendered":"https:\/\/ibc-zh.ch\/wp\/?page_id=1683"},"modified":"2025-01-23T22:28:18","modified_gmt":"2025-01-23T22:28:18","slug":"jugendliche","status":"publish","type":"page","link":"https:\/\/ibc-zh.ch\/ba\/jugendliche\/","title":{"rendered":"Omladina"},"content":{"rendered":"<img loading=\"lazy\" decoding=\"async\" src=\"https:\/\/ibc-zh.ch\/wp\/wp-content\/uploads\/2025\/01\/logo-omladina-wide-2.jpg\" alt=\"logo-omladina-wide-2\" itemprop=\"image\" height=\"89\" width=\"267\" title=\"logo-omladina-wide-2\" onerror=\"this.style.display='none'\"  \/>\n<h1>\n\t\tOmladina Z\u00fcrich &#8211; Gemeinsam. Engagiert. Inspirierend.\n\t<\/h1>\n\t<p>Selam alejkum i srda\u010dno dobrodo\u0161li u omladinsku grupu d\u017eamije Schlieren, \u201cOmladina Z\u00fcrich\u201d. Mi smo zajednica mladih ljudi koja se zala\u017ee za svoje vjerske vrijednosti, o\u010duvanje bosanske kulture i svoje bli\u017enje. Na\u0161a vrata su otvorena svima koji \u017eele s nama u\u010diti, rasti i \u010diniti dobro.<\/p>\n<p>&nbsp;<\/p>\n<h2><strong>Ko smo mi<\/strong><\/h2>\n<p>Omladina Z\u00fcrich je mre\u017ea mladih \u017eena i mu\u0161karaca od 17 do 27 godina koji se okupljaju u regiji Z\u00fcrich kako bi do\u017eivjeli zajedni\u0161tvo i aktivno doprinijeli promicanju obrazovanja, kulture i dru\u0161tvene odgovornosti.<\/p>\n<p><strong>\u00a0<\/strong><\/p>\n<h2><strong>Na\u0161 rad<\/strong><\/h2>\n<p>Redovno organizujemo raznovrsne aktivnosti, uklju\u010duju\u0107i:<\/p>\n<ul>\n<li class=\"translation-block\"><strong>Obrazovne programe<\/strong>: Predavanja, radionice i seminare o vjerskim, kulturnim i dru\u0161tvenim temama.<\/li>\n<li class=\"translation-block\"><strong>Zajedni\u010dke projekte<\/strong>: Izlete, sportske doga\u0111aje i kreativne aktivnosti koje poti\u010du razmjenu i prijateljstvo.<\/li>\n<li class=\"translation-block\"><strong>Dru\u0161tveni anga\u017eman<\/strong>: Akcije prikupljanja donacija, podr\u0161ka humanitarnim projektima i aktivnosti koje izra\u017eavaju na\u0161e vjerske vrijednosti poput solidarnosti i milosr\u0111a.<\/li>\n<\/ul>\n<p>&nbsp;<\/p>\n<h2><strong>Na\u0161 cilj<\/strong><\/h2>\n<p>Unser Ziel ist es, junge Muslim:innen dazu zu inspirieren, ihre Identit\u00e4t mit Stolz zu leben, Br\u00fccken zwischen Kulturen zu bauen und einen positiven Beitrag zur Gesellschaft zu leisten. Wir wollen einen Raum schaffen, in dem wir wachsen k\u00f6nnen &#8211; sei es spirituell, intellektuell oder menschlich.<\/p>\n<p>&nbsp;<\/p>\n<p>M\u00f6chtest Du uns kennenlernen? Wir freuen uns \u00fcber neue Gesichter, Ideen und Beitr\u00e4ge. Egal, ob Du mitmachen, uns unterst\u00fctzen oder einfach nur reinschauen m\u00f6chtest &#8211; wir heissen Dich herzlich willkommen!<\/p>\n\t\t\t<a href=\"https:\/\/www.instagram.com\/omladina.zuerich\/\" target=\"_blank\" rel=\"noopener\">\n\t\t\t\t\t\tOmladina Z\u00fcrich na Instagram\n\t\t\t\t\t<\/a>","protected":false},"excerpt":{"rendered":"<p>Omladina Z\u00fcrich &#8211; Gemeinsam. Engagiert. Inspirierend. Selam alejkum und herzlich willkommen bei der Omladina Z\u00fcrich, die Jugendgruppe der Moschee Schlieren. Wir sind eine Gemeinschaft junger Menschen, die sich f\u00fcr ihre religi\u00f6sen Werte, die Erhaltung der bosnischen Kultur und ihre Mitmenschen einsetzt. Unsere T\u00fcren stehen allen offen, die mit uns lernen, wachsen und Gutes tun m\u00f6chten. [&hellip;]<\/p>\n","protected":false},"author":1,"featured_media":0,"parent":0,"menu_order":0,"comment_status":"closed","ping_status":"closed","template":"","meta":{"site-sidebar-layout":"default","site-content-layout":"plain-container","ast-site-content-layout":"normal-width-container","site-content-style":"unboxed","site-sidebar-style":"unboxed","ast-global-header-display":"","ast-banner-title-visibility":"","ast-main-header-display":"","ast-hfb-above-header-display":"","ast-hfb-below-header-display":"","ast-hfb-mobile-header-display":"","site-post-title":"disabled","ast-breadcrumbs-content":"","ast-featured-img":"","footer-sml-layout":"","theme-transparent-header-meta":"","adv-header-id-meta":"","stick-header-meta":"","header-above-stick-meta":"","header-main-stick-meta":"","header-below-stick-meta":"","astra-migrate-meta-layouts":"set","ast-page-background-enabled":"default","ast-page-background-meta":{"desktop":{"background-color":"","background-image":"","background-repeat":"repeat","background-position":"center center","background-size":"auto","background-attachment":"scroll","background-type":"","background-media":"","overlay-type":"","overlay-color":"","overlay-opacity":"","overlay-gradient":""},"tablet":{"background-color":"","background-image":"","background-repeat":"repeat","background-position":"center center","background-size":"auto","background-attachment":"scroll","background-type":"","background-media":"","overlay-type":"","overlay-color":"","overlay-opacity":"","overlay-gradient":""},"mobile":{"background-color":"","background-image":"","background-repeat":"repeat","background-position":"center center","background-size":"auto","background-attachment":"scroll","background-type":"","background-media":"","overlay-type":"","overlay-color":"","overlay-opacity":"","overlay-gradient":""}},"ast-content-background-meta":{"desktop":{"background-color":"var(--ast-global-color-5)","background-image":"","background-repeat":"repeat","background-position":"center center","background-size":"auto","background-attachment":"scroll","background-type":"","background-media":"","overlay-type":"","overlay-color":"","overlay-opacity":"","overlay-gradient":""},"tablet":{"background-color":"var(--ast-global-color-5)","background-image":"","background-repeat":"repeat","background-position":"center center","background-size":"auto","background-attachment":"scroll","background-type":"","background-media":"","overlay-type":"","overlay-color":"","overlay-opacity":"","overlay-gradient":""},"mobile":{"background-color":"var(--ast-global-color-5)","background-image":"","background-repeat":"repeat","background-position":"center center","background-size":"auto","background-attachment":"scroll","background-type":"","background-media":"","overlay-type":"","overlay-color":"","overlay-opacity":"","overlay-gradient":""}},"footnotes":""},"class_list":["post-1683","page","type-page","status-publish","hentry"],"yoast_head":"<!-- This site is optimized with the Yoast SEO plugin v27.3 - https:\/\/yoast.com\/product\/yoast-seo-wordpress\/ -->\n<title>Jugendliche - Dzemat der islamischen Gemeinschaft Bosniens Z\u00fcrich<\/title>\n<meta name=\"robots\" content=\"index, follow, max-snippet:-1, max-image-preview:large, max-video-preview:-1\" \/>\n<link rel=\"canonical\" href=\"https:\/\/ibc-zh.ch\/ba\/jugendliche\/\" \/>\n<meta property=\"og:locale\" content=\"bs_BA\" \/>\n<meta property=\"og:type\" content=\"article\" \/>\n<meta property=\"og:title\" content=\"Jugendliche - Dzemat der islamischen Gemeinschaft Bosniens Z\u00fcrich\" \/>\n<meta property=\"og:description\" content=\"Omladina Z\u00fcrich &#8211; Gemeinsam. Engagiert. Inspirierend. Selam alejkum und herzlich willkommen bei der Omladina Z\u00fcrich, die Jugendgruppe der Moschee Schlieren. Wir sind eine Gemeinschaft junger Menschen, die sich f\u00fcr ihre religi\u00f6sen Werte, die Erhaltung der bosnischen Kultur und ihre Mitmenschen einsetzt. Unsere T\u00fcren stehen allen offen, die mit uns lernen, wachsen und Gutes tun m\u00f6chten. [&hellip;]\" \/>\n<meta property=\"og:url\" content=\"https:\/\/ibc-zh.ch\/ba\/jugendliche\/\" \/>\n<meta property=\"og:site_name\" content=\"Dzemat der islamischen Gemeinschaft Bosniens Z\u00fcrich\" \/>\n<meta property=\"article:publisher\" content=\"https:\/\/www.facebook.com\/dzematcirih\" \/>\n<meta property=\"article:modified_time\" content=\"2025-01-23T22:28:18+00:00\" \/>\n<meta property=\"og:image\" content=\"https:\/\/ibc-zh.ch\/wp\/wp-content\/uploads\/2025\/01\/logo-omladina-wide-2.jpg\" \/>\n<meta name=\"twitter:card\" content=\"summary_large_image\" \/>\n<meta name=\"twitter:label1\" content=\"Est. reading time\" \/>\n\t<meta name=\"twitter:data1\" content=\"1 minuta\" \/>\n<script type=\"application\/ld+json\" class=\"yoast-schema-graph\">{\"@context\":\"https:\\\/\\\/schema.org\",\"@graph\":[{\"@type\":\"WebPage\",\"@id\":\"https:\\\/\\\/ibc-zh.ch\\\/jugendliche\\\/\",\"url\":\"https:\\\/\\\/ibc-zh.ch\\\/jugendliche\\\/\",\"name\":\"Jugendliche - Dzemat der islamischen Gemeinschaft Bosniens Z\u00fcrich\",\"isPartOf\":{\"@id\":\"https:\\\/\\\/ibc-zh.ch\\\/#website\"},\"primaryImageOfPage\":{\"@id\":\"https:\\\/\\\/ibc-zh.ch\\\/jugendliche\\\/#primaryimage\"},\"image\":{\"@id\":\"https:\\\/\\\/ibc-zh.ch\\\/jugendliche\\\/#primaryimage\"},\"thumbnailUrl\":\"https:\\\/\\\/ibc-zh.ch\\\/wp\\\/wp-content\\\/uploads\\\/2025\\\/01\\\/logo-omladina-wide-2.jpg\",\"datePublished\":\"2024-05-07T07:16:26+00:00\",\"dateModified\":\"2025-01-23T22:28:18+00:00\",\"breadcrumb\":{\"@id\":\"https:\\\/\\\/ibc-zh.ch\\\/jugendliche\\\/#breadcrumb\"},\"inLanguage\":\"bs-BA\",\"potentialAction\":[{\"@type\":\"ReadAction\",\"target\":[\"https:\\\/\\\/ibc-zh.ch\\\/jugendliche\\\/\"]}]},{\"@type\":\"ImageObject\",\"inLanguage\":\"bs-BA\",\"@id\":\"https:\\\/\\\/ibc-zh.ch\\\/jugendliche\\\/#primaryimage\",\"url\":\"https:\\\/\\\/ibc-zh.ch\\\/wp\\\/wp-content\\\/uploads\\\/2025\\\/01\\\/logo-omladina-wide-2.jpg\",\"contentUrl\":\"https:\\\/\\\/ibc-zh.ch\\\/wp\\\/wp-content\\\/uploads\\\/2025\\\/01\\\/logo-omladina-wide-2.jpg\"},{\"@type\":\"BreadcrumbList\",\"@id\":\"https:\\\/\\\/ibc-zh.ch\\\/jugendliche\\\/#breadcrumb\",\"itemListElement\":[{\"@type\":\"ListItem\",\"position\":1,\"name\":\"Startseite\",\"item\":\"https:\\\/\\\/ibc-zh.ch\\\/\"},{\"@type\":\"ListItem\",\"position\":2,\"name\":\"Jugendliche\"}]},{\"@type\":\"WebSite\",\"@id\":\"https:\\\/\\\/ibc-zh.ch\\\/#website\",\"url\":\"https:\\\/\\\/ibc-zh.ch\\\/\",\"name\":\"Dzemat der islamischen Gemeinschaft Bosniens Z\u00fcrich\",\"description\":\"Islamska zajednica Bo\u0161njaka u \u0160vicarskoj Dzemat ZH\",\"publisher\":{\"@id\":\"https:\\\/\\\/ibc-zh.ch\\\/#organization\"},\"potentialAction\":[{\"@type\":\"SearchAction\",\"target\":{\"@type\":\"EntryPoint\",\"urlTemplate\":\"https:\\\/\\\/ibc-zh.ch\\\/?s={search_term_string}\"},\"query-input\":{\"@type\":\"PropertyValueSpecification\",\"valueRequired\":true,\"valueName\":\"search_term_string\"}}],\"inLanguage\":\"bs-BA\"},{\"@type\":\"Organization\",\"@id\":\"https:\\\/\\\/ibc-zh.ch\\\/#organization\",\"name\":\"D\u017eemat Z\u00fcrich\",\"url\":\"https:\\\/\\\/ibc-zh.ch\\\/\",\"logo\":{\"@type\":\"ImageObject\",\"inLanguage\":\"bs-BA\",\"@id\":\"https:\\\/\\\/ibc-zh.ch\\\/#\\\/schema\\\/logo\\\/image\\\/\",\"url\":\"https:\\\/\\\/ibc-zh.ch\\\/wp-content\\\/uploads\\\/2024\\\/05\\\/cropped-ibc-logo.png\",\"contentUrl\":\"https:\\\/\\\/ibc-zh.ch\\\/wp-content\\\/uploads\\\/2024\\\/05\\\/cropped-ibc-logo.png\",\"width\":300,\"height\":300,\"caption\":\"D\u017eemat Z\u00fcrich\"},\"image\":{\"@id\":\"https:\\\/\\\/ibc-zh.ch\\\/#\\\/schema\\\/logo\\\/image\\\/\"},\"sameAs\":[\"https:\\\/\\\/www.facebook.com\\\/dzematcirih\"]}]}<\/script>\n<!-- \/ Yoast SEO plugin. -->","yoast_head_json":{"title":"Jugendliche - Dzemat der islamischen Gemeinschaft Bosniens Z\u00fcrich","robots":{"index":"index","follow":"follow","max-snippet":"max-snippet:-1","max-image-preview":"max-image-preview:large","max-video-preview":"max-video-preview:-1"},"canonical":"https:\/\/ibc-zh.ch\/ba\/jugendliche\/","og_locale":"bs_BA","og_type":"article","og_title":"Jugendliche - Dzemat der islamischen Gemeinschaft Bosniens Z\u00fcrich","og_description":"Omladina Z\u00fcrich &#8211; Gemeinsam. Engagiert. Inspirierend. Selam alejkum und herzlich willkommen bei der Omladina Z\u00fcrich, die Jugendgruppe der Moschee Schlieren. Wir sind eine Gemeinschaft junger Menschen, die sich f\u00fcr ihre religi\u00f6sen Werte, die Erhaltung der bosnischen Kultur und ihre Mitmenschen einsetzt. Unsere T\u00fcren stehen allen offen, die mit uns lernen, wachsen und Gutes tun m\u00f6chten. [&hellip;]","og_url":"https:\/\/ibc-zh.ch\/ba\/jugendliche\/","og_site_name":"Dzemat der islamischen Gemeinschaft Bosniens Z\u00fcrich","article_publisher":"https:\/\/www.facebook.com\/dzematcirih","article_modified_time":"2025-01-23T22:28:18+00:00","og_image":[{"url":"https:\/\/ibc-zh.ch\/wp\/wp-content\/uploads\/2025\/01\/logo-omladina-wide-2.jpg","type":"","width":"","height":""}],"twitter_card":"summary_large_image","twitter_misc":{"Est. reading time":"1 minuta"},"schema":{"@context":"https:\/\/schema.org","@graph":[{"@type":"WebPage","@id":"https:\/\/ibc-zh.ch\/jugendliche\/","url":"https:\/\/ibc-zh.ch\/jugendliche\/","name":"Jugendliche - Dzemat der islamischen Gemeinschaft Bosniens Z\u00fcrich","isPartOf":{"@id":"https:\/\/ibc-zh.ch\/#website"},"primaryImageOfPage":{"@id":"https:\/\/ibc-zh.ch\/jugendliche\/#primaryimage"},"image":{"@id":"https:\/\/ibc-zh.ch\/jugendliche\/#primaryimage"},"thumbnailUrl":"https:\/\/ibc-zh.ch\/wp\/wp-content\/uploads\/2025\/01\/logo-omladina-wide-2.jpg","datePublished":"2024-05-07T07:16:26+00:00","dateModified":"2025-01-23T22:28:18+00:00","breadcrumb":{"@id":"https:\/\/ibc-zh.ch\/jugendliche\/#breadcrumb"},"inLanguage":"bs-BA","potentialAction":[{"@type":"ReadAction","target":["https:\/\/ibc-zh.ch\/jugendliche\/"]}]},{"@type":"ImageObject","inLanguage":"bs-BA","@id":"https:\/\/ibc-zh.ch\/jugendliche\/#primaryimage","url":"https:\/\/ibc-zh.ch\/wp\/wp-content\/uploads\/2025\/01\/logo-omladina-wide-2.jpg","contentUrl":"https:\/\/ibc-zh.ch\/wp\/wp-content\/uploads\/2025\/01\/logo-omladina-wide-2.jpg"},{"@type":"BreadcrumbList","@id":"https:\/\/ibc-zh.ch\/jugendliche\/#breadcrumb","itemListElement":[{"@type":"ListItem","position":1,"name":"Startseite","item":"https:\/\/ibc-zh.ch\/"},{"@type":"ListItem","position":2,"name":"Jugendliche"}]},{"@type":"WebSite","@id":"https:\/\/ibc-zh.ch\/#website","url":"https:\/\/ibc-zh.ch\/","name":"Dzemat der islamischen Gemeinschaft Bosniens Z\u00fcrich","description":"Islamska zajednica Bo\u0161njaka u \u0160vicarskoj Dzemat ZH","publisher":{"@id":"https:\/\/ibc-zh.ch\/#organization"},"potentialAction":[{"@type":"SearchAction","target":{"@type":"EntryPoint","urlTemplate":"https:\/\/ibc-zh.ch\/?s={search_term_string}"},"query-input":{"@type":"PropertyValueSpecification","valueRequired":true,"valueName":"search_term_string"}}],"inLanguage":"bs-BA"},{"@type":"Organization","@id":"https:\/\/ibc-zh.ch\/#organization","name":"D\u017eemat Z\u00fcrich","url":"https:\/\/ibc-zh.ch\/","logo":{"@type":"ImageObject","inLanguage":"bs-BA","@id":"https:\/\/ibc-zh.ch\/#\/schema\/logo\/image\/","url":"https:\/\/ibc-zh.ch\/wp-content\/uploads\/2024\/05\/cropped-ibc-logo.png","contentUrl":"https:\/\/ibc-zh.ch\/wp-content\/uploads\/2024\/05\/cropped-ibc-logo.png","width":300,"height":300,"caption":"D\u017eemat Z\u00fcrich"},"image":{"@id":"https:\/\/ibc-zh.ch\/#\/schema\/logo\/image\/"},"sameAs":["https:\/\/www.facebook.com\/dzematcirih"]}]}},"_links":{"self":[{"href":"https:\/\/ibc-zh.ch\/ba\/wp-json\/wp\/v2\/pages\/1683","targetHints":{"allow":["GET"]}}],"collection":[{"href":"https:\/\/ibc-zh.ch\/ba\/wp-json\/wp\/v2\/pages"}],"about":[{"href":"https:\/\/ibc-zh.ch\/ba\/wp-json\/wp\/v2\/types\/page"}],"author":[{"embeddable":true,"href":"https:\/\/ibc-zh.ch\/ba\/wp-json\/wp\/v2\/users\/1"}],"replies":[{"embeddable":true,"href":"https:\/\/ibc-zh.ch\/ba\/wp-json\/wp\/v2\/comments?post=1683"}],"version-history":[{"count":9,"href":"https:\/\/ibc-zh.ch\/ba\/wp-json\/wp\/v2\/pages\/1683\/revisions"}],"predecessor-version":[{"id":2029,"href":"https:\/\/ibc-zh.ch\/ba\/wp-json\/wp\/v2\/pages\/1683\/revisions\/2029"}],"wp:attachment":[{"href":"https:\/\/ibc-zh.ch\/ba\/wp-json\/wp\/v2\/media?parent=1683"}],"curies":[{"name":"wp","href":"https:\/\/api.w.org\/{rel}","templated":true}]}}