{"id":1584,"date":"2024-05-02T06:05:51","date_gmt":"2024-05-02T06:05:51","guid":{"rendered":"https:\/\/ibc-zh.ch\/wp\/podcasts\/"},"modified":"2025-02-10T12:07:08","modified_gmt":"2025-02-10T12:07:08","slug":"moschee-fuehrungen","status":"publish","type":"page","link":"https:\/\/ibc-zh.ch\/ba\/moschee-fuehrungen\/","title":{"rendered":"D\u017eamijski obilasci"},"content":{"rendered":"<h1>\n\t\tD\u017eamijski obilasci\n\t<\/h1>\n\t<p>Islamski Bo\u0161nja\u010dki Centar Cirih nudi obilaske d\u017eamije za zainteresovane grupe (\u0161kolske razrede, studentske grupe, crkvene zajednice itd.).<\/p>\n<p>Koristite formular ispod da pokrenete upit i zatra\u017eite mogu\u0107e termine.<\/p>\n\t\t\t\t<img loading=\"lazy\" decoding=\"async\" src=\"https:\/\/ibc-zh.ch\/wp\/wp-content\/uploads\/2024\/05\/moschee-schlieren-gebetsraum.jpg\" alt=\"Moschee Schlieren Gebetsraum\" itemprop=\"image\" height=\"638\" width=\"960\" title=\"moschee-schlieren-gebetsraum\" onerror=\"this.style.display='none'\"  \/>\n\t<p>Obilasci d\u017eamije se odr\u017eavaju u prostorijama d\u017eemata u Schlierenu, a vodi ih kompetentno i obu\u010deno osoblje, odnosno imam, vodi\u010di.<\/p>\n<p>Standardni obilazak d\u017eamije obi\u010dno se sastoji od:<\/p>\n<ul>\n<li>kratkog uvoda u islam<\/li>\n<li>obilazak prostorija uz obja\u0161njenje<\/li>\n<li>prezentacija d\u017eamijske zajednice odnosno islama i muslimana u \u0160vicarskoj<\/li>\n<li>interaktivna diskusiona sesija<\/li>\n<\/ul>\n<p>Prilagodbe programa i dodatne aktivnosti mogu se dogovoriti s imamom.<\/p>\n<p>U restoranu d\u017eamije mo\u017eete se poslu\u017eiti tradicionalnim bosanskim jelima.<\/p>\n<p>&nbsp;<\/p>\n<h2>Workshop-Material von &#8222;Dialogue en Route&#8220;<\/h2>\n<p>In Zusammenarbeit mit &#8222;<a href=\"https:\/\/enroute.ch\/\">Dialogue en Route<\/a>&#8220; bieten wir f\u00fcr Schulklassen und Jugendgruppen einen Workshop zum Thema &#8222;\u00c4sthetik im Islam&#8220; an. Weitere Informationen, sowie didaktisches Begleitmaterial f\u00fcr Lehrpersonen zur Vorbereitung des Workshops und des Besuchs der Moschee finden sie <a href=\"https:\/\/enroute.ch\/de\/angebote\/dzemat-der-islamischen-gemeinschaft-bosniens\/deals\/\">hier<\/a>.<\/p>\n\t\t\t<a href=\"https:\/\/enroute.ch\/de\/angebote\/dzemat-der-islamischen-gemeinschaft-bosniens\/deals\/workshop-asthetik-die-bosnische-moschee-in-schlier\/\" target=\"_blank\" rel=\"noopener\">\n\t\t\t\t\t\tRadionica Estetika\n\t\t\t\t\t<\/a>\n\t<h2>Anfrage Formular &#8222;Moscheef\u00fchrung&#8220;<\/h2>\n<p>Molimo Vas da ispunite donji obrazac u skladu sa Va\u0161im zahtjevima. Kontaktira\u0107emo Vas da razjasnimo sva pitanja i potvrdimo termin.<\/p>\n<p>Radujemo se Va\u0161oj posjeti!<\/p>\n\t\n<div class=\"wpcf7 no-js\" id=\"wpcf7-f1935-o1\" lang=\"de-DE\" dir=\"ltr\" data-wpcf7-id=\"1935\">\n<div class=\"screen-reader-response\"><p role=\"status\" aria-live=\"polite\" aria-atomic=\"true\"><\/p> <ul><\/ul><\/div>\n<form action=\"\/ba\/wp-json\/wp\/v2\/pages\/1584#wpcf7-f1935-o1\" method=\"post\" class=\"wpcf7-form init\" aria-label=\"Kontaktformular\" novalidate=\"novalidate\" data-status=\"init\" data-trp-original-action=\"\/ba\/wp-json\/wp\/v2\/pages\/1584#wpcf7-f1935-o1\">\n<fieldset class=\"hidden-fields-container\"><input type=\"hidden\" name=\"_wpcf7\" value=\"1935\" \/><input type=\"hidden\" name=\"_wpcf7_version\" value=\"6.1.5\" \/><input type=\"hidden\" name=\"_wpcf7_locale\" value=\"de_DE\" \/><input type=\"hidden\" name=\"_wpcf7_unit_tag\" value=\"wpcf7-f1935-o1\" \/><input type=\"hidden\" name=\"_wpcf7_container_post\" value=\"0\" \/><input type=\"hidden\" name=\"_wpcf7_posted_data_hash\" value=\"\" \/>\n<\/fieldset>\n<p><label> Ime grupe ili institucije<br \/>\n<span class=\"wpcf7-form-control-wrap\" data-name=\"organization\"><input size=\"40\" maxlength=\"400\" class=\"wpcf7-form-control wpcf7-text wpcf7-validates-as-required\" autocomplete=\"organization\" aria-required=\"true\" aria-invalid=\"false\" value=\"\" type=\"text\" name=\"organization\" \/><\/span> <\/label>\n<\/p>\n<p><label> Ime i prezime kontakt osobe<br \/>\n<span class=\"wpcf7-form-control-wrap\" data-name=\"contact-person\"><input size=\"40\" maxlength=\"400\" class=\"wpcf7-form-control wpcf7-text wpcf7-validates-as-required\" autocomplete=\"name\" aria-required=\"true\" aria-invalid=\"false\" value=\"\" type=\"text\" name=\"contact-person\" \/><\/span> <\/label>\n<\/p>\n<p><label> Broj telefona<br \/>\n<span class=\"wpcf7-form-control-wrap\" data-name=\"contact-phone\"><input size=\"40\" maxlength=\"400\" class=\"wpcf7-form-control wpcf7-tel wpcf7-validates-as-required wpcf7-text wpcf7-validates-as-tel\" autocomplete=\"tel\" aria-required=\"true\" aria-invalid=\"false\" value=\"\" type=\"tel\" name=\"contact-phone\" \/><\/span> <\/label>\n<\/p>\n<p><label> Email Adresa<br \/>\n<span class=\"wpcf7-form-control-wrap\" data-name=\"contact-email\"><input size=\"40\" maxlength=\"400\" class=\"wpcf7-form-control wpcf7-email wpcf7-validates-as-required wpcf7-text wpcf7-validates-as-email\" autocomplete=\"email\" aria-required=\"true\" aria-invalid=\"false\" value=\"\" type=\"email\" name=\"contact-email\" \/><\/span> <\/label>\n<\/p>\n<p><label> Broj u\u010desnika<br \/>\n<span class=\"wpcf7-form-control-wrap\" data-name=\"number-of-participants\"><input class=\"wpcf7-form-control wpcf7-number wpcf7-validates-as-required wpcf7-validates-as-number\" aria-required=\"true\" aria-invalid=\"false\" value=\"\" type=\"number\" name=\"number-of-participants\" \/><\/span> <\/label>\n<\/p>\n<p><label> Starost u\u010desnika<br \/>\n<span class=\"wpcf7-form-control-wrap\" data-name=\"age-group\"><input size=\"40\" maxlength=\"400\" class=\"wpcf7-form-control wpcf7-text wpcf7-validates-as-required\" aria-required=\"true\" aria-invalid=\"false\" value=\"\" type=\"text\" name=\"age-group\" \/><\/span> <\/label>\n<\/p>\n<p><label> Predmet<br \/>\n<span class=\"wpcf7-form-control-wrap\" data-name=\"subject\"><input size=\"40\" maxlength=\"400\" class=\"wpcf7-form-control wpcf7-text wpcf7-validates-as-required\" aria-required=\"true\" aria-invalid=\"false\" value=\"\" type=\"text\" name=\"subject\" \/><\/span> <\/label>\n<\/p>\n<p><label> Poruka, pitanja, \u017eelje<br \/>\n<span class=\"wpcf7-form-control-wrap\" data-name=\"message\"><textarea cols=\"40\" rows=\"10\" maxlength=\"2000\" class=\"wpcf7-form-control wpcf7-textarea\" aria-invalid=\"false\" name=\"message\"><\/textarea><\/span> <\/label>\n<\/p>\n<p><label> Datum<br \/>\n<span class=\"wpcf7-form-control-wrap\" data-name=\"event-date\"><input class=\"wpcf7-form-control wpcf7-date wpcf7-validates-as-required wpcf7-validates-as-date\" aria-required=\"true\" aria-invalid=\"false\" value=\"\" type=\"date\" name=\"event-date\" \/><\/span> <\/label>\n<\/p>\n<p><label> Vrijeme (od-do)<br \/>\n<span class=\"wpcf7-form-control-wrap\" data-name=\"time-range\"><input size=\"40\" maxlength=\"400\" class=\"wpcf7-form-control wpcf7-text wpcf7-validates-as-required\" aria-required=\"true\" aria-invalid=\"false\" value=\"\" type=\"text\" name=\"time-range\" \/><\/span> <\/label>\n<\/p>\n<p><label><br \/>\n<span class=\"wpcf7-form-control-wrap\" data-name=\"data-privacy\"><span class=\"wpcf7-form-control wpcf7-checkbox wpcf7-validates-as-required\"><span class=\"wpcf7-list-item first last\"><label><input type=\"checkbox\" name=\"data-privacy[]\" value=\"Ich stimme zu, dass meine Daten wie in der Datenschutzerkl\u00e4rung bestimmt, genutzt werden k\u00f6nnen.\" \/><span class=\"wpcf7-list-item-label\">Sla\u017eem se da se moji podaci mogu koristiti kako je navedeno u izjavi o privatnosti (Datenschutzerkl\u00e4rung).<\/span><\/label><\/span><\/span><\/span><br \/>\n<\/label>\n<\/p>\n<p><input class=\"wpcf7-form-control wpcf7-submit has-spinner\" type=\"submit\" value=\"Po\u0161alji\" \/>\n<\/p><div class=\"wpcf7-response-output\" aria-hidden=\"true\"><\/div>\n<input type=\"hidden\" name=\"trp-form-language\" value=\"ba\"\/><\/form>\n<\/div>","protected":false},"excerpt":{"rendered":"<p>Moschee F\u00fchrungen Der Dzemat der islamischen Gemeinschaft Bosniens in Z\u00fcrich bietet f\u00fcr interessierte Gruppen (Schulklassen, Studentengruppen, Kirchgemeinden etc.) Moscheef\u00fchrungen an. Nutzen Sie das Formular weiter unten um eine Anfrage zu starten und m\u00f6gliche Termine anzufragen. Die Moscheef\u00fchrungen werden in den R\u00e4umlichkeiten des Dzemats, in Schlieren von kompetentem und geschultem Personal durchgef\u00fchrt bzw. von einem Imam, [&hellip;]<\/p>\n","protected":false},"author":1,"featured_media":0,"parent":0,"menu_order":0,"comment_status":"closed","ping_status":"closed","template":"","meta":{"site-sidebar-layout":"default","site-content-layout":"plain-container","ast-site-content-layout":"normal-width-container","site-content-style":"unboxed","site-sidebar-style":"unboxed","ast-global-header-display":"","ast-banner-title-visibility":"","ast-main-header-display":"","ast-hfb-above-header-display":"","ast-hfb-below-header-display":"","ast-hfb-mobile-header-display":"","site-post-title":"disabled","ast-breadcrumbs-content":"","ast-featured-img":"","footer-sml-layout":"","theme-transparent-header-meta":"","adv-header-id-meta":"","stick-header-meta":"","header-above-stick-meta":"","header-main-stick-meta":"","header-below-stick-meta":"","astra-migrate-meta-layouts":"set","ast-page-background-enabled":"default","ast-page-background-meta":{"desktop":{"background-color":"","background-image":"","background-repeat":"repeat","background-position":"center center","background-size":"auto","background-attachment":"scroll","background-type":"","background-media":"","overlay-type":"","overlay-color":"","overlay-opacity":"","overlay-gradient":""},"tablet":{"background-color":"","background-image":"","background-repeat":"repeat","background-position":"center center","background-size":"auto","background-attachment":"scroll","background-type":"","background-media":"","overlay-type":"","overlay-color":"","overlay-opacity":"","overlay-gradient":""},"mobile":{"background-color":"","background-image":"","background-repeat":"repeat","background-position":"center center","background-size":"auto","background-attachment":"scroll","background-type":"","background-media":"","overlay-type":"","overlay-color":"","overlay-opacity":"","overlay-gradient":""}},"ast-content-background-meta":{"desktop":{"background-color":"var(--ast-global-color-5)","background-image":"","background-repeat":"repeat","background-position":"center center","background-size":"auto","background-attachment":"scroll","background-type":"","background-media":"","overlay-type":"","overlay-color":"","overlay-opacity":"","overlay-gradient":""},"tablet":{"background-color":"var(--ast-global-color-5)","background-image":"","background-repeat":"repeat","background-position":"center center","background-size":"auto","background-attachment":"scroll","background-type":"","background-media":"","overlay-type":"","overlay-color":"","overlay-opacity":"","overlay-gradient":""},"mobile":{"background-color":"var(--ast-global-color-5)","background-image":"","background-repeat":"repeat","background-position":"center center","background-size":"auto","background-attachment":"scroll","background-type":"","background-media":"","overlay-type":"","overlay-color":"","overlay-opacity":"","overlay-gradient":""}},"footnotes":""},"class_list":["post-1584","page","type-page","status-publish","hentry"],"yoast_head":"<!-- This site is optimized with the Yoast SEO plugin v27.3 - https:\/\/yoast.com\/product\/yoast-seo-wordpress\/ -->\n<title>Moschee F\u00fchrungen - Dzemat der islamischen Gemeinschaft Bosniens Z\u00fcrich<\/title>\n<meta name=\"robots\" content=\"index, follow, max-snippet:-1, max-image-preview:large, max-video-preview:-1\" \/>\n<link rel=\"canonical\" href=\"https:\/\/ibc-zh.ch\/ba\/moschee-fuehrungen\/\" \/>\n<meta property=\"og:locale\" content=\"bs_BA\" \/>\n<meta property=\"og:type\" content=\"article\" \/>\n<meta property=\"og:title\" content=\"Moschee F\u00fchrungen - Dzemat der islamischen Gemeinschaft Bosniens Z\u00fcrich\" \/>\n<meta property=\"og:description\" content=\"Moschee F\u00fchrungen Der Dzemat der islamischen Gemeinschaft Bosniens in Z\u00fcrich bietet f\u00fcr interessierte Gruppen (Schulklassen, Studentengruppen, Kirchgemeinden etc.) Moscheef\u00fchrungen an. Nutzen Sie das Formular weiter unten um eine Anfrage zu starten und m\u00f6gliche Termine anzufragen. Die Moscheef\u00fchrungen werden in den R\u00e4umlichkeiten des Dzemats, in Schlieren von kompetentem und geschultem Personal durchgef\u00fchrt bzw. von einem Imam, [&hellip;]\" \/>\n<meta property=\"og:url\" content=\"https:\/\/ibc-zh.ch\/ba\/moschee-fuehrungen\/\" \/>\n<meta property=\"og:site_name\" content=\"Dzemat der islamischen Gemeinschaft Bosniens Z\u00fcrich\" \/>\n<meta property=\"article:publisher\" content=\"https:\/\/www.facebook.com\/dzematcirih\" \/>\n<meta property=\"article:modified_time\" content=\"2025-02-10T12:07:08+00:00\" \/>\n<meta property=\"og:image\" content=\"https:\/\/ibc-zh.ch\/wp\/wp-content\/uploads\/2024\/05\/moschee-schlieren-gebetsraum.jpg\" \/>\n<meta name=\"twitter:card\" content=\"summary_large_image\" \/>\n<meta name=\"twitter:label1\" content=\"Est. reading time\" \/>\n\t<meta name=\"twitter:data1\" content=\"2 minute\" \/>\n<script type=\"application\/ld+json\" class=\"yoast-schema-graph\">{\"@context\":\"https:\\\/\\\/schema.org\",\"@graph\":[{\"@type\":\"WebPage\",\"@id\":\"https:\\\/\\\/ibc-zh.ch\\\/moschee-fuehrungen\\\/\",\"url\":\"https:\\\/\\\/ibc-zh.ch\\\/moschee-fuehrungen\\\/\",\"name\":\"Moschee F\u00fchrungen - Dzemat der islamischen Gemeinschaft Bosniens Z\u00fcrich\",\"isPartOf\":{\"@id\":\"https:\\\/\\\/ibc-zh.ch\\\/#website\"},\"primaryImageOfPage\":{\"@id\":\"https:\\\/\\\/ibc-zh.ch\\\/moschee-fuehrungen\\\/#primaryimage\"},\"image\":{\"@id\":\"https:\\\/\\\/ibc-zh.ch\\\/moschee-fuehrungen\\\/#primaryimage\"},\"thumbnailUrl\":\"https:\\\/\\\/ibc-zh.ch\\\/wp\\\/wp-content\\\/uploads\\\/2024\\\/05\\\/moschee-schlieren-gebetsraum.jpg\",\"datePublished\":\"2024-05-02T06:05:51+00:00\",\"dateModified\":\"2025-02-10T12:07:08+00:00\",\"breadcrumb\":{\"@id\":\"https:\\\/\\\/ibc-zh.ch\\\/moschee-fuehrungen\\\/#breadcrumb\"},\"inLanguage\":\"bs-BA\",\"potentialAction\":[{\"@type\":\"ReadAction\",\"target\":[\"https:\\\/\\\/ibc-zh.ch\\\/moschee-fuehrungen\\\/\"]}]},{\"@type\":\"ImageObject\",\"inLanguage\":\"bs-BA\",\"@id\":\"https:\\\/\\\/ibc-zh.ch\\\/moschee-fuehrungen\\\/#primaryimage\",\"url\":\"https:\\\/\\\/ibc-zh.ch\\\/wp\\\/wp-content\\\/uploads\\\/2024\\\/05\\\/moschee-schlieren-gebetsraum.jpg\",\"contentUrl\":\"https:\\\/\\\/ibc-zh.ch\\\/wp\\\/wp-content\\\/uploads\\\/2024\\\/05\\\/moschee-schlieren-gebetsraum.jpg\"},{\"@type\":\"BreadcrumbList\",\"@id\":\"https:\\\/\\\/ibc-zh.ch\\\/moschee-fuehrungen\\\/#breadcrumb\",\"itemListElement\":[{\"@type\":\"ListItem\",\"position\":1,\"name\":\"Startseite\",\"item\":\"https:\\\/\\\/ibc-zh.ch\\\/\"},{\"@type\":\"ListItem\",\"position\":2,\"name\":\"Moschee F\u00fchrungen\"}]},{\"@type\":\"WebSite\",\"@id\":\"https:\\\/\\\/ibc-zh.ch\\\/#website\",\"url\":\"https:\\\/\\\/ibc-zh.ch\\\/\",\"name\":\"Dzemat der islamischen Gemeinschaft Bosniens Z\u00fcrich\",\"description\":\"Islamska zajednica Bo\u0161njaka u \u0160vicarskoj Dzemat ZH\",\"publisher\":{\"@id\":\"https:\\\/\\\/ibc-zh.ch\\\/#organization\"},\"potentialAction\":[{\"@type\":\"SearchAction\",\"target\":{\"@type\":\"EntryPoint\",\"urlTemplate\":\"https:\\\/\\\/ibc-zh.ch\\\/?s={search_term_string}\"},\"query-input\":{\"@type\":\"PropertyValueSpecification\",\"valueRequired\":true,\"valueName\":\"search_term_string\"}}],\"inLanguage\":\"bs-BA\"},{\"@type\":\"Organization\",\"@id\":\"https:\\\/\\\/ibc-zh.ch\\\/#organization\",\"name\":\"D\u017eemat Z\u00fcrich\",\"url\":\"https:\\\/\\\/ibc-zh.ch\\\/\",\"logo\":{\"@type\":\"ImageObject\",\"inLanguage\":\"bs-BA\",\"@id\":\"https:\\\/\\\/ibc-zh.ch\\\/#\\\/schema\\\/logo\\\/image\\\/\",\"url\":\"https:\\\/\\\/ibc-zh.ch\\\/wp-content\\\/uploads\\\/2024\\\/05\\\/cropped-ibc-logo.png\",\"contentUrl\":\"https:\\\/\\\/ibc-zh.ch\\\/wp-content\\\/uploads\\\/2024\\\/05\\\/cropped-ibc-logo.png\",\"width\":300,\"height\":300,\"caption\":\"D\u017eemat Z\u00fcrich\"},\"image\":{\"@id\":\"https:\\\/\\\/ibc-zh.ch\\\/#\\\/schema\\\/logo\\\/image\\\/\"},\"sameAs\":[\"https:\\\/\\\/www.facebook.com\\\/dzematcirih\"]}]}<\/script>\n<!-- \/ Yoast SEO plugin. -->","yoast_head_json":{"title":"Moschee F\u00fchrungen - Dzemat der islamischen Gemeinschaft Bosniens Z\u00fcrich","robots":{"index":"index","follow":"follow","max-snippet":"max-snippet:-1","max-image-preview":"max-image-preview:large","max-video-preview":"max-video-preview:-1"},"canonical":"https:\/\/ibc-zh.ch\/ba\/moschee-fuehrungen\/","og_locale":"bs_BA","og_type":"article","og_title":"Moschee F\u00fchrungen - Dzemat der islamischen Gemeinschaft Bosniens Z\u00fcrich","og_description":"Moschee F\u00fchrungen Der Dzemat der islamischen Gemeinschaft Bosniens in Z\u00fcrich bietet f\u00fcr interessierte Gruppen (Schulklassen, Studentengruppen, Kirchgemeinden etc.) Moscheef\u00fchrungen an. Nutzen Sie das Formular weiter unten um eine Anfrage zu starten und m\u00f6gliche Termine anzufragen. Die Moscheef\u00fchrungen werden in den R\u00e4umlichkeiten des Dzemats, in Schlieren von kompetentem und geschultem Personal durchgef\u00fchrt bzw. von einem Imam, [&hellip;]","og_url":"https:\/\/ibc-zh.ch\/ba\/moschee-fuehrungen\/","og_site_name":"Dzemat der islamischen Gemeinschaft Bosniens Z\u00fcrich","article_publisher":"https:\/\/www.facebook.com\/dzematcirih","article_modified_time":"2025-02-10T12:07:08+00:00","og_image":[{"url":"https:\/\/ibc-zh.ch\/wp\/wp-content\/uploads\/2024\/05\/moschee-schlieren-gebetsraum.jpg","type":"","width":"","height":""}],"twitter_card":"summary_large_image","twitter_misc":{"Est. reading time":"2 minute"},"schema":{"@context":"https:\/\/schema.org","@graph":[{"@type":"WebPage","@id":"https:\/\/ibc-zh.ch\/moschee-fuehrungen\/","url":"https:\/\/ibc-zh.ch\/moschee-fuehrungen\/","name":"Moschee F\u00fchrungen - Dzemat der islamischen Gemeinschaft Bosniens Z\u00fcrich","isPartOf":{"@id":"https:\/\/ibc-zh.ch\/#website"},"primaryImageOfPage":{"@id":"https:\/\/ibc-zh.ch\/moschee-fuehrungen\/#primaryimage"},"image":{"@id":"https:\/\/ibc-zh.ch\/moschee-fuehrungen\/#primaryimage"},"thumbnailUrl":"https:\/\/ibc-zh.ch\/wp\/wp-content\/uploads\/2024\/05\/moschee-schlieren-gebetsraum.jpg","datePublished":"2024-05-02T06:05:51+00:00","dateModified":"2025-02-10T12:07:08+00:00","breadcrumb":{"@id":"https:\/\/ibc-zh.ch\/moschee-fuehrungen\/#breadcrumb"},"inLanguage":"bs-BA","potentialAction":[{"@type":"ReadAction","target":["https:\/\/ibc-zh.ch\/moschee-fuehrungen\/"]}]},{"@type":"ImageObject","inLanguage":"bs-BA","@id":"https:\/\/ibc-zh.ch\/moschee-fuehrungen\/#primaryimage","url":"https:\/\/ibc-zh.ch\/wp\/wp-content\/uploads\/2024\/05\/moschee-schlieren-gebetsraum.jpg","contentUrl":"https:\/\/ibc-zh.ch\/wp\/wp-content\/uploads\/2024\/05\/moschee-schlieren-gebetsraum.jpg"},{"@type":"BreadcrumbList","@id":"https:\/\/ibc-zh.ch\/moschee-fuehrungen\/#breadcrumb","itemListElement":[{"@type":"ListItem","position":1,"name":"Startseite","item":"https:\/\/ibc-zh.ch\/"},{"@type":"ListItem","position":2,"name":"Moschee F\u00fchrungen"}]},{"@type":"WebSite","@id":"https:\/\/ibc-zh.ch\/#website","url":"https:\/\/ibc-zh.ch\/","name":"Dzemat der islamischen Gemeinschaft Bosniens Z\u00fcrich","description":"Islamska zajednica Bo\u0161njaka u \u0160vicarskoj Dzemat ZH","publisher":{"@id":"https:\/\/ibc-zh.ch\/#organization"},"potentialAction":[{"@type":"SearchAction","target":{"@type":"EntryPoint","urlTemplate":"https:\/\/ibc-zh.ch\/?s={search_term_string}"},"query-input":{"@type":"PropertyValueSpecification","valueRequired":true,"valueName":"search_term_string"}}],"inLanguage":"bs-BA"},{"@type":"Organization","@id":"https:\/\/ibc-zh.ch\/#organization","name":"D\u017eemat Z\u00fcrich","url":"https:\/\/ibc-zh.ch\/","logo":{"@type":"ImageObject","inLanguage":"bs-BA","@id":"https:\/\/ibc-zh.ch\/#\/schema\/logo\/image\/","url":"https:\/\/ibc-zh.ch\/wp-content\/uploads\/2024\/05\/cropped-ibc-logo.png","contentUrl":"https:\/\/ibc-zh.ch\/wp-content\/uploads\/2024\/05\/cropped-ibc-logo.png","width":300,"height":300,"caption":"D\u017eemat Z\u00fcrich"},"image":{"@id":"https:\/\/ibc-zh.ch\/#\/schema\/logo\/image\/"},"sameAs":["https:\/\/www.facebook.com\/dzematcirih"]}]}},"_links":{"self":[{"href":"https:\/\/ibc-zh.ch\/ba\/wp-json\/wp\/v2\/pages\/1584","targetHints":{"allow":["GET"]}}],"collection":[{"href":"https:\/\/ibc-zh.ch\/ba\/wp-json\/wp\/v2\/pages"}],"about":[{"href":"https:\/\/ibc-zh.ch\/ba\/wp-json\/wp\/v2\/types\/page"}],"author":[{"embeddable":true,"href":"https:\/\/ibc-zh.ch\/ba\/wp-json\/wp\/v2\/users\/1"}],"replies":[{"embeddable":true,"href":"https:\/\/ibc-zh.ch\/ba\/wp-json\/wp\/v2\/comments?post=1584"}],"version-history":[{"count":12,"href":"https:\/\/ibc-zh.ch\/ba\/wp-json\/wp\/v2\/pages\/1584\/revisions"}],"predecessor-version":[{"id":2024,"href":"https:\/\/ibc-zh.ch\/ba\/wp-json\/wp\/v2\/pages\/1584\/revisions\/2024"}],"wp:attachment":[{"href":"https:\/\/ibc-zh.ch\/ba\/wp-json\/wp\/v2\/media?parent=1584"}],"curies":[{"name":"wp","href":"https:\/\/api.w.org\/{rel}","templated":true}]}}